{"id":1678,"date":"2017-11-27T14:23:27","date_gmt":"2017-11-27T13:23:27","guid":{"rendered":"https:\/\/marisana.es\/?page_id=1678"},"modified":"2025-12-20T13:33:48","modified_gmt":"2025-12-20T12:33:48","slug":"home","status":"publish","type":"page","link":"https:\/\/marisana.es\/it\/","title":{"rendered":"Home"},"content":{"rendered":"<div id=\"pl-1678\"  class=\"panel-layout\" ><div id=\"pg-1678-0\"  class=\"panel-grid panel-no-style\" ><div id=\"pgc-1678-0-0\"  class=\"panel-grid-cell\" ><div id=\"panel-1678-0-0-0\" class=\"so-panel widget widget_sow-editor panel-first-child panel-last-child\" data-index=\"0\" ><div\n\t\t\t\n\t\t\tclass=\"so-widget-sow-editor so-widget-sow-editor-base\"\n\t\t\t\n\t\t>\n<div class=\"siteorigin-widget-tinymce textwidget\">\n\t<p><div class=\"kad-spacer clearfix\" style=\"height:20px\"><\/div><br \/>\n<img loading=\"lazy\" decoding=\"async\" class=\"aligncenter size-full wp-image-542\" src=\"https:\/\/marisana.es\/wp-content\/uploads\/2017\/04\/logo-1.png\" alt=\"\" width=\"197\" height=\"45\" data-id=\"542\" \/><\/p>\n<h5 style=\"text-align: center;\">\u00c8 un'associazione senza scopo di lucro il cui obiettivo principale \u00e8 la riduzione dei rischi socio-sanitari inerenti al mercato nero tramite la produzione di diverse variet\u00e0 di cannabis di alta qualit\u00e0 prive di contaminanti e la distribuzione esclusiva tra le persone associate all'entit\u00e0.<\/h5>\n<h5 style=\"text-align: center;\">Lasciando da parte l\u2019apologia del consumo e <strong>rispettando scrupolosamente le norme vigenti<\/strong>, la nostra Associazione si unisce al dibattito sociale circa la regolarizzazione del consumo, la coltivazione e la distribuzione della cannabis, appoggiando in modo decisivo la politica di riduzione dei rischi e la promozione di un consumo responsabile.<\/h5>\n<\/div>\n<\/div><\/div><\/div><\/div><div id=\"pg-1678-1\"  class=\"panel-grid panel-has-style\" ><div class=\"siteorigin-panels-stretch kt-panel-row-parallax-stellar kt-panel-row-stretch panel-widget-style panel-row-style panel-row-style-for-1678-1\" style=\"background-image: url(https:\/\/marisana.es\/wp-content\/uploads\/2017\/04\/fondo-3-2.jpg);background-position: center top;visibility: hidden;\" data-stretch-type=\"full\" data-stellar-background-ratio=\"0.5\" ><div id=\"pgc-1678-1-0\"  class=\"panel-grid-cell\" >                <div id=\"panel-1678-1-0-0\" class=\"so-panel widget widget_pinnacle_imgmenu_widget pinnacle_imgmenu_widget panel-first-child panel-last-child\" data-index=\"1\" >\n                                <div class=\"kad-animation\" data-animation=\"fade-in\" data-delay=\"150\">\n                    <a href=\"https:\/\/marisana.es\/it\/chi-siamo\/\"  class=\"homepromolink\">                        <div class=\"infobanner\" style=\"background: url(https:\/\/marisana.es\/wp-content\/uploads\/2021\/06\/home-menu-01.jpg) center center no-repeat; height:300px; background-size:cover;\">\n                            <div class=\"home-message\" style=\"height:300px;\">\n                                <h4>Chi siamo<\/h4>                                <h5>Galleria \u2013 Visita il nostro Club<\/h5>                            <\/div>\n                        <\/div>\n                    <\/a>                <\/div>\n                \n                <\/div>\n    <\/div><div id=\"pgc-1678-1-1\"  class=\"panel-grid-cell\" >                <div id=\"panel-1678-1-1-0\" class=\"so-panel widget widget_pinnacle_imgmenu_widget pinnacle_imgmenu_widget panel-first-child panel-last-child\" data-index=\"2\" >\n                                <div class=\"kad-animation\" data-animation=\"fade-in\" data-delay=\"150\">\n                    <a href=\"https:\/\/marisana.es\/it\/adesione-regolamento\/\"  class=\"homepromolink\">                        <div class=\"infobanner\" style=\"background: url(https:\/\/marisana.es\/wp-content\/uploads\/2017\/04\/home-menu-2-1.jpg) center center no-repeat; height:300px; background-size:cover;\">\n                            <div class=\"home-message\" style=\"height:300px;\">\n                                <h4>Come aderire<\/h4>                                <h5>Regolamento della nostra Associazione<\/h5>                            <\/div>\n                        <\/div>\n                    <\/a>                <\/div>\n                \n                <\/div>\n    <\/div><\/div><\/div><div id=\"pg-1678-2\"  class=\"panel-grid panel-no-style\" ><div id=\"pgc-1678-2-0\"  class=\"panel-grid-cell\" ><div id=\"panel-1678-2-0-0\" class=\"so-panel widget widget_sow-editor panel-first-child panel-last-child\" data-index=\"3\" ><div\n\t\t\t\n\t\t\tclass=\"so-widget-sow-editor so-widget-sow-editor-base\"\n\t\t\t\n\t\t>\n<div class=\"siteorigin-widget-tinymce textwidget\">\n\t<div class=\"kad-spacer clearfix\" style=\"height:20px\"><\/div>\n<h3 class=\"hometitle\">A <strong>Marisana<\/strong> troverai<\/h3>\n<div class=\"home-margin home-padding kt-home-icon-menu\">\n        <div class=\"rowtight homepromo kt-home-iconmenu-container\" data-equal-height=\"1\">\n                            <div class=\"tcol-lg-4 tcol-md-4 tcol-sm-4 tcol-xs-6 tcol-ss-12 home-iconmenu kad-animation homeitemcount1\" data-animation=\"fade-in\" data-delay=\"150\">\n\n                            <a href=\"https:\/\/marisana.es\/it\/calendario-mensile\/\" target=\"_self\"  title=\"Numerose attivit\u00e0 e colloqui\" class=\"home-icon-item\">\n                        <i class=\"kt-icon-users\"><\/i><h4>Numerose attivit\u00e0 e colloqui<\/h4><p>Nella nostra associazione ogni mese organizziamo attivit\u00e0 ricreative e informative per tutti i nostri associati, come la programmazione di film, partite di calcio, sessioni informative sull'uso terapeutico della cannabis, ecc.<\/p><\/a>                    <\/div>\n                                         <div class=\"tcol-lg-4 tcol-md-4 tcol-sm-4 tcol-xs-6 tcol-ss-12 home-iconmenu kad-animation homeitemcount2\" data-animation=\"fade-in\" data-delay=\"300\">\n\n                            <a href=\"https:\/\/marisana.es\/it\/#\/\" target=\"_self\"  title=\"Variet\u00e0 e qualit\u00e0 certificata\" class=\"home-icon-item\">\n                        <i class=\"kt-icon-thumbs-up\"><\/i><h4>Variet\u00e0 e qualit\u00e0 certificata<\/h4><p>I nostri soci possono avere la certezza che la cannabis della nostra associazione garantisce tutti i requisiti di qualit\u00e0, essendo certificata e testata da specialisti del Laboratorio sulla Qualit\u00e0 della Cannabis, esperti in tutela della salute.<\/p><\/a>                    <\/div>\n                                      <div class=\"tcol-lg-4 tcol-md-4 tcol-sm-4 tcol-xs-6 tcol-ss-12 home-iconmenu kad-animation homeitemcount3\" data-animation=\"fade-in\" data-delay=\"450\">\n\n                            <a href=\"https:\/\/marisana.es\/it\/chi-siamo\/\" target=\"_self\"  title=\"Ambiente disteso e confortevole\" class=\"home-icon-item\">\n                        <i class=\"kt-icon-cup2\"><\/i><h4>Ambiente disteso e confortevole<\/h4><p>Il nostro locale spazioso e confortevole offre diverse sezioni per lo svago dei nostri soci: calcino, biliardo, snack bar e bibite e, la cosa pi\u00f9 importante, un attento personale sempre a vostra disposizione.<\/p><\/a>                    <\/div>\n                          <\/div> <!--homepromo --><\/div><\/div>\n<\/div><\/div><\/div><\/div><div id=\"pg-1678-3\"  class=\"panel-grid panel-has-style\" ><div class=\"siteorigin-panels-stretch kt-panel-row-parallax-stellar kt-panel-row-stretch panel-widget-style panel-row-style panel-row-style-for-1678-3\" style=\"background-image: url(https:\/\/marisana.es\/wp-content\/uploads\/2017\/04\/fondo-3-2.jpg);background-position: center top;visibility: hidden;\" data-stretch-type=\"full\" data-stellar-background-ratio=\"0.5\" ><div id=\"pgc-1678-3-0\"  class=\"panel-grid-cell\" >\n\n          <div id=\"panel-1678-3-0-0\" class=\"so-panel widget widget_pinnacle_calltoaction_widget pinnacle_calltoaction_widget panel-first-child panel-last-child\" data-index=\"4\" ><div class=\"kt-pb-animation kt-pb-fadeInLeft kt-pb-duration-900 kt-pb-delay-0 panel-widget-style panel-widget-style-for-1678-3-0-0\" ><h2 style=\"color:#ffffff; font-size:40px;  text-align:center;\">Vuoi saperne di pi\u00f9 sulla nostra associazione?<\/h2><h5 style=\"color:#ffffff; font-size:20px;  text-align:center;\">Se sei maggiorenne e assolvi determinati requisiti, potresti essere in grado di associarti<\/h5><div style=\"text-align:center\"><a href=\"https:\/\/marisana.es\/it\/adesione-regolamento\/\" id=\"kadbtn36\" target=\"_self\" class=\"kad-btn btn-shortcode kad-btn-primary   lg-kad-btn headerfont\" style=\" border: 0 solid; border-color:#000;  color:#ffffff;\" onMouseOver=\"\" onMouseOut=\"\">+ INFORMAZIONI <\/a><\/div><\/div><\/div>\n    <\/div><\/div><\/div><\/div>","protected":false},"excerpt":{"rendered":"<p>\u00c8 un&#8217;associazione senza scopo di lucro il cui obiettivo principale \u00e8 la riduzione dei rischi socio-sanitari inerenti al mercato nero tramite la produzione di diverse variet\u00e0 di cannabis di alta qualit\u00e0 prive di contaminanti e la distribuzione esclusiva tra le &hellip; <a href=\"https:\/\/marisana.es\/it\/\">Continua a leggere<\/a><\/p>\n","protected":false},"author":2,"featured_media":1356,"parent":0,"menu_order":0,"comment_status":"closed","ping_status":"closed","template":"template-pagebuilder.php","meta":{"kt_blocks_editor_width":"","footnotes":""},"class_list":["post-1678","page","type-page","status-publish","has-post-thumbnail","hentry"],"aioseo_notices":[],"_links":{"self":[{"href":"https:\/\/marisana.es\/it\/wp-json\/wp\/v2\/pages\/1678","targetHints":{"allow":["GET"]}}],"collection":[{"href":"https:\/\/marisana.es\/it\/wp-json\/wp\/v2\/pages"}],"about":[{"href":"https:\/\/marisana.es\/it\/wp-json\/wp\/v2\/types\/page"}],"author":[{"embeddable":true,"href":"https:\/\/marisana.es\/it\/wp-json\/wp\/v2\/users\/2"}],"replies":[{"embeddable":true,"href":"https:\/\/marisana.es\/it\/wp-json\/wp\/v2\/comments?post=1678"}],"version-history":[{"count":1,"href":"https:\/\/marisana.es\/it\/wp-json\/wp\/v2\/pages\/1678\/revisions"}],"predecessor-version":[{"id":4626,"href":"https:\/\/marisana.es\/it\/wp-json\/wp\/v2\/pages\/1678\/revisions\/4626"}],"wp:featuredmedia":[{"embeddable":true,"href":"https:\/\/marisana.es\/it\/wp-json\/wp\/v2\/media\/1356"}],"wp:attachment":[{"href":"https:\/\/marisana.es\/it\/wp-json\/wp\/v2\/media?parent=1678"}],"curies":[{"name":"wp","href":"https:\/\/api.w.org\/{rel}","templated":true}]}}