{"id":1661,"date":"2017-11-27T11:33:39","date_gmt":"2017-11-27T10:33:39","guid":{"rendered":"https:\/\/marisana.es\/?page_id=1661"},"modified":"2021-06-21T14:28:02","modified_gmt":"2021-06-21T12:28:02","slug":"chi-siamo","status":"publish","type":"page","link":"https:\/\/marisana.es\/it\/chi-siamo\/","title":{"rendered":"Chi Siamo"},"content":{"rendered":"<div id=\"pl-1661\"  class=\"panel-layout\" ><div id=\"pg-1661-0\"  class=\"panel-grid panel-no-style\" ><div id=\"pgc-1661-0-0\"  class=\"panel-grid-cell\" ><div id=\"panel-1661-0-0-0\" class=\"so-panel widget widget_sow-editor panel-first-child panel-last-child\" data-index=\"0\" ><div\n\t\t\t\n\t\t\tclass=\"so-widget-sow-editor so-widget-sow-editor-base\"\n\t\t\t\n\t\t>\n<div class=\"siteorigin-widget-tinymce textwidget\">\n\t<div class=\"kad-spacer clearfix\" style=\"height: 20px;\"><\/div>\n<h5><strong>Marisana<\/strong> \u00e8 un\u2019associazione legalmente istituita e iscritta nel registro regionale delle associazioni.<\/h5>\n<h5>Siamo un'associazione senza scopo di lucro, di cui il nostro principale obiettivo \u00e8 la <strong>riduzione dei rischi socio-sanitari<\/strong> inerenti al mercato nero, tramite la produzione di diverse variet\u00e0 di cannabis di alta qualit\u00e0 prive di contaminanti e la distribuzione esclusiva tra le persone associate all'entit\u00e0.<\/h5>\n<h5><strong>Marisana<\/strong> \u00e8 un luogo d\u2019incontro, socializzazione e scambio di esperienze e conoscenze tra persone associate, tutte di <strong>et\u00e0 superiore ai 18 anni<\/strong> e utenti ricreativi o terapeutici della cannabis.<\/h5>\n<h5>Lasciando da parte l\u2019apologia del consumo e <strong>rispettando scrupolosamente le norme vigenti<\/strong>, la nostra Associazione si unisce al dibattito sociale circa la regolarizzazione del consumo, la coltivazione e la distribuzione della cannabis, <strong>appoggiando in modo decisivo la politica di riduzione dei rischi e la promozione di un consumo responsabile<\/strong>.<\/h5>\n<\/div>\n<\/div><\/div><\/div><\/div><div id=\"pg-1661-1\"  class=\"panel-grid panel-no-style\" ><div id=\"pgc-1661-1-0\"  class=\"panel-grid-cell\" >\n          <div id=\"panel-1661-1-0-0\" class=\"so-panel widget widget_kadence_gallery_widget kadence_gallery_widget panel-first-child panel-last-child\" data-index=\"1\" ><h3 class=\"widget-title\">Galleria &#8211; Visita il nostro Club<\/h3><div id=\"kad-wp-gallery58\" class=\"kad-wp-gallery gallery init-isotope-intrinsic reinit-isotope kad-light-wp-gallery clearfix rowtight\" data-fade-in=\"1\" data-iso-style=\"masonry\" data-iso-selector=\".g_item\" data-iso-filter=\"false\"><div class=\"tcol-lg-4 tcol-md-4 tcol-sm-4 tcol-xs-6 tcol-ss-12 g_item\"><div class=\"grid_item kt_item_fade_in kad_gallery_fade_in gallery_item\"><a href=\"https:\/\/marisana.es\/wp-content\/uploads\/2021\/06\/marisana-17.jpg\" data-rel=\"lightbox\" class=\"lightboxhover\"><div class=\"kt-intrinsic\" style=\"padding-bottom:100%;\"><img loading=\"lazy\" decoding=\"async\" src=\"https:\/\/marisana.es\/wp-content\/uploads\/2021\/06\/marisana-17-400x400.jpg\" width=\"400\" height=\"400\" alt=\"mejor club cann\u00e1bico Barcelona\" data-caption=\"\" srcset=\"https:\/\/marisana.es\/wp-content\/uploads\/2021\/06\/marisana-17-150x150.jpg 150w, https:\/\/marisana.es\/wp-content\/uploads\/2021\/06\/marisana-17-60x60.jpg 60w, https:\/\/marisana.es\/wp-content\/uploads\/2021\/06\/marisana-17-400x400.jpg 400w\" sizes=\"auto, (max-width: 400px) 100vw, 400px\" class=\"light-dropshaddow\"\/><\/div><\/a><\/div><\/div><div class=\"tcol-lg-4 tcol-md-4 tcol-sm-4 tcol-xs-6 tcol-ss-12 g_item\"><div class=\"grid_item kt_item_fade_in kad_gallery_fade_in gallery_item\"><a href=\"https:\/\/marisana.es\/wp-content\/uploads\/2021\/06\/marisana-18.jpg\" data-rel=\"lightbox\" class=\"lightboxhover\"><div class=\"kt-intrinsic\" style=\"padding-bottom:100%;\"><img loading=\"lazy\" decoding=\"async\" src=\"https:\/\/marisana.es\/wp-content\/uploads\/2021\/06\/marisana-18-400x400.jpg\" width=\"400\" height=\"400\" alt=\"best club cannabis Barcelona\" data-caption=\"\" srcset=\"https:\/\/marisana.es\/wp-content\/uploads\/2021\/06\/marisana-18-150x150.jpg 150w, https:\/\/marisana.es\/wp-content\/uploads\/2021\/06\/marisana-18-60x60.jpg 60w, https:\/\/marisana.es\/wp-content\/uploads\/2021\/06\/marisana-18-400x400.jpg 400w\" sizes=\"auto, (max-width: 400px) 100vw, 400px\" class=\"light-dropshaddow\"\/><\/div><\/a><\/div><\/div><div class=\"tcol-lg-4 tcol-md-4 tcol-sm-4 tcol-xs-6 tcol-ss-12 g_item\"><div class=\"grid_item kt_item_fade_in kad_gallery_fade_in gallery_item\"><a href=\"https:\/\/marisana.es\/wp-content\/uploads\/2021\/06\/marisana-41.jpg\" data-rel=\"lightbox\" class=\"lightboxhover\"><div class=\"kt-intrinsic\" style=\"padding-bottom:100%;\"><img loading=\"lazy\" decoding=\"async\" src=\"https:\/\/marisana.es\/wp-content\/uploads\/2021\/06\/marisana-41-400x400.jpg\" width=\"400\" height=\"400\" alt=\"Barcelona cannabis club locations\" data-caption=\"\" srcset=\"https:\/\/marisana.es\/wp-content\/uploads\/2021\/06\/marisana-41-150x150.jpg 150w, https:\/\/marisana.es\/wp-content\/uploads\/2021\/06\/marisana-41-60x60.jpg 60w, https:\/\/marisana.es\/wp-content\/uploads\/2021\/06\/marisana-41-400x400.jpg 400w\" sizes=\"auto, (max-width: 400px) 100vw, 400px\" class=\"light-dropshaddow\"\/><\/div><\/a><\/div><\/div><div class=\"tcol-lg-4 tcol-md-4 tcol-sm-4 tcol-xs-6 tcol-ss-12 g_item\"><div class=\"grid_item kt_item_fade_in kad_gallery_fade_in gallery_item\"><a href=\"https:\/\/marisana.es\/wp-content\/uploads\/2021\/06\/marisana-38.jpg\" data-rel=\"lightbox\" class=\"lightboxhover\"><div class=\"kt-intrinsic\" style=\"padding-bottom:100%;\"><img loading=\"lazy\" decoding=\"async\" src=\"https:\/\/marisana.es\/wp-content\/uploads\/2021\/06\/marisana-38-400x400.jpg\" width=\"400\" height=\"400\" alt=\"coffee shop Barcelona\" data-caption=\"\" srcset=\"https:\/\/marisana.es\/wp-content\/uploads\/2021\/06\/marisana-38-150x150.jpg 150w, https:\/\/marisana.es\/wp-content\/uploads\/2021\/06\/marisana-38-60x60.jpg 60w, https:\/\/marisana.es\/wp-content\/uploads\/2021\/06\/marisana-38-400x400.jpg 400w\" sizes=\"auto, (max-width: 400px) 100vw, 400px\" class=\"light-dropshaddow\"\/><\/div><\/a><\/div><\/div><div class=\"tcol-lg-4 tcol-md-4 tcol-sm-4 tcol-xs-6 tcol-ss-12 g_item\"><div class=\"grid_item kt_item_fade_in kad_gallery_fade_in gallery_item\"><a href=\"https:\/\/marisana.es\/wp-content\/uploads\/2021\/06\/marisana-39.jpg\" data-rel=\"lightbox\" class=\"lightboxhover\"><div class=\"kt-intrinsic\" style=\"padding-bottom:100%;\"><img loading=\"lazy\" decoding=\"async\" src=\"https:\/\/marisana.es\/wp-content\/uploads\/2021\/06\/marisana-39-400x400.jpg\" width=\"400\" height=\"400\" alt=\"cannabis club Barcelona\" data-caption=\"\" srcset=\"https:\/\/marisana.es\/wp-content\/uploads\/2021\/06\/marisana-39-150x150.jpg 150w, https:\/\/marisana.es\/wp-content\/uploads\/2021\/06\/marisana-39-60x60.jpg 60w, https:\/\/marisana.es\/wp-content\/uploads\/2021\/06\/marisana-39-400x400.jpg 400w\" sizes=\"auto, (max-width: 400px) 100vw, 400px\" class=\"light-dropshaddow\"\/><\/div><\/a><\/div><\/div><div class=\"tcol-lg-4 tcol-md-4 tcol-sm-4 tcol-xs-6 tcol-ss-12 g_item\"><div class=\"grid_item kt_item_fade_in kad_gallery_fade_in gallery_item\"><a href=\"https:\/\/marisana.es\/wp-content\/uploads\/2021\/06\/marisana-34.jpg\" data-rel=\"lightbox\" class=\"lightboxhover\"><div class=\"kt-intrinsic\" style=\"padding-bottom:100%;\"><img loading=\"lazy\" decoding=\"async\" src=\"https:\/\/marisana.es\/wp-content\/uploads\/2021\/06\/marisana-34-400x400.jpg\" width=\"400\" height=\"400\" alt=\"Barcelona cannabis caf\u00e9s\" data-caption=\"\" srcset=\"https:\/\/marisana.es\/wp-content\/uploads\/2021\/06\/marisana-34-150x150.jpg 150w, https:\/\/marisana.es\/wp-content\/uploads\/2021\/06\/marisana-34-60x60.jpg 60w, https:\/\/marisana.es\/wp-content\/uploads\/2021\/06\/marisana-34-400x400.jpg 400w\" sizes=\"auto, (max-width: 400px) 100vw, 400px\" class=\"light-dropshaddow\"\/><\/div><\/a><\/div><\/div><div class=\"tcol-lg-4 tcol-md-4 tcol-sm-4 tcol-xs-6 tcol-ss-12 g_item\"><div class=\"grid_item kt_item_fade_in kad_gallery_fade_in gallery_item\"><a href=\"https:\/\/marisana.es\/wp-content\/uploads\/2021\/06\/marisana-19.jpg\" data-rel=\"lightbox\" class=\"lightboxhover\"><div class=\"kt-intrinsic\" style=\"padding-bottom:100%;\"><img loading=\"lazy\" decoding=\"async\" src=\"https:\/\/marisana.es\/wp-content\/uploads\/2021\/06\/marisana-19-400x400.jpg\" width=\"400\" height=\"400\" alt=\"asociaci\u00f3n cann\u00e1bica Marisana\" data-caption=\"\" srcset=\"https:\/\/marisana.es\/wp-content\/uploads\/2021\/06\/marisana-19-150x150.jpg 150w, https:\/\/marisana.es\/wp-content\/uploads\/2021\/06\/marisana-19-60x60.jpg 60w, https:\/\/marisana.es\/wp-content\/uploads\/2021\/06\/marisana-19-400x400.jpg 400w\" sizes=\"auto, (max-width: 400px) 100vw, 400px\" class=\"light-dropshaddow\"\/><\/div><\/a><\/div><\/div><div class=\"tcol-lg-4 tcol-md-4 tcol-sm-4 tcol-xs-6 tcol-ss-12 g_item\"><div class=\"grid_item kt_item_fade_in kad_gallery_fade_in gallery_item\"><a href=\"https:\/\/marisana.es\/wp-content\/uploads\/2021\/06\/marisana-23.jpg\" data-rel=\"lightbox\" class=\"lightboxhover\"><div class=\"kt-intrinsic\" style=\"padding-bottom:100%;\"><img loading=\"lazy\" decoding=\"async\" src=\"https:\/\/marisana.es\/wp-content\/uploads\/2021\/06\/marisana-23-400x400.jpg\" width=\"400\" height=\"400\" alt=\"Marisana cannabis club\" data-caption=\"\" srcset=\"https:\/\/marisana.es\/wp-content\/uploads\/2021\/06\/marisana-23-150x150.jpg 150w, https:\/\/marisana.es\/wp-content\/uploads\/2021\/06\/marisana-23-60x60.jpg 60w, https:\/\/marisana.es\/wp-content\/uploads\/2021\/06\/marisana-23-400x400.jpg 400w\" sizes=\"auto, (max-width: 400px) 100vw, 400px\" class=\"light-dropshaddow\"\/><\/div><\/a><\/div><\/div><div class=\"tcol-lg-4 tcol-md-4 tcol-sm-4 tcol-xs-6 tcol-ss-12 g_item\"><div class=\"grid_item kt_item_fade_in kad_gallery_fade_in gallery_item\"><a href=\"https:\/\/marisana.es\/wp-content\/uploads\/2021\/06\/marisana-26.jpg\" data-rel=\"lightbox\" class=\"lightboxhover\"><div class=\"kt-intrinsic\" style=\"padding-bottom:100%;\"><img loading=\"lazy\" decoding=\"async\" src=\"https:\/\/marisana.es\/wp-content\/uploads\/2021\/06\/marisana-26-400x400.jpg\" width=\"400\" height=\"400\" alt=\"Club marihuana Barcelona\" data-caption=\"\" srcset=\"https:\/\/marisana.es\/wp-content\/uploads\/2021\/06\/marisana-26-150x150.jpg 150w, https:\/\/marisana.es\/wp-content\/uploads\/2021\/06\/marisana-26-60x60.jpg 60w, https:\/\/marisana.es\/wp-content\/uploads\/2021\/06\/marisana-26-400x400.jpg 400w\" sizes=\"auto, (max-width: 400px) 100vw, 400px\" class=\"light-dropshaddow\"\/><\/div><\/a><\/div><\/div><div class=\"tcol-lg-4 tcol-md-4 tcol-sm-4 tcol-xs-6 tcol-ss-12 g_item\"><div class=\"grid_item kt_item_fade_in kad_gallery_fade_in gallery_item\"><a href=\"https:\/\/marisana.es\/wp-content\/uploads\/2021\/06\/marisana-24.jpeg\" data-rel=\"lightbox\" class=\"lightboxhover\"><div class=\"kt-intrinsic\" style=\"padding-bottom:100%;\"><img loading=\"lazy\" decoding=\"async\" src=\"https:\/\/marisana.es\/wp-content\/uploads\/2021\/06\/marisana-24-400x400.jpeg\" width=\"400\" height=\"400\" alt=\"Marijuana club Barcelona\" data-caption=\"\" srcset=\"https:\/\/marisana.es\/wp-content\/uploads\/2021\/06\/marisana-24-150x150.jpeg 150w, https:\/\/marisana.es\/wp-content\/uploads\/2021\/06\/marisana-24-60x60.jpeg 60w, https:\/\/marisana.es\/wp-content\/uploads\/2021\/06\/marisana-24-400x400.jpeg 400w\" sizes=\"auto, (max-width: 400px) 100vw, 400px\" class=\"light-dropshaddow\"\/><\/div><\/a><\/div><\/div><div class=\"tcol-lg-4 tcol-md-4 tcol-sm-4 tcol-xs-6 tcol-ss-12 g_item\"><div class=\"grid_item kt_item_fade_in kad_gallery_fade_in gallery_item\"><a href=\"https:\/\/marisana.es\/wp-content\/uploads\/2021\/06\/marisana-14.jpg\" data-rel=\"lightbox\" class=\"lightboxhover\"><div class=\"kt-intrinsic\" style=\"padding-bottom:100%;\"><img loading=\"lazy\" decoding=\"async\" src=\"https:\/\/marisana.es\/wp-content\/uploads\/2021\/06\/marisana-14-400x400.jpg\" width=\"400\" height=\"400\" alt=\"asociaci\u00f3n cannabis Barcelona\" data-caption=\"\" srcset=\"https:\/\/marisana.es\/wp-content\/uploads\/2021\/06\/marisana-14-150x150.jpg 150w, https:\/\/marisana.es\/wp-content\/uploads\/2021\/06\/marisana-14-60x60.jpg 60w, https:\/\/marisana.es\/wp-content\/uploads\/2021\/06\/marisana-14-400x400.jpg 400w\" sizes=\"auto, (max-width: 400px) 100vw, 400px\" class=\"light-dropshaddow\"\/><\/div><\/a><\/div><\/div><div class=\"tcol-lg-4 tcol-md-4 tcol-sm-4 tcol-xs-6 tcol-ss-12 g_item\"><div class=\"grid_item kt_item_fade_in kad_gallery_fade_in gallery_item\"><a href=\"https:\/\/marisana.es\/wp-content\/uploads\/2021\/06\/marisana-25.jpg\" data-rel=\"lightbox\" class=\"lightboxhover\"><div class=\"kt-intrinsic\" style=\"padding-bottom:100%;\"><img loading=\"lazy\" decoding=\"async\" src=\"https:\/\/marisana.es\/wp-content\/uploads\/2021\/06\/marisana-25-400x400.jpg\" width=\"400\" height=\"400\" alt=\"Cannabis social club\" data-caption=\"\" srcset=\"https:\/\/marisana.es\/wp-content\/uploads\/2021\/06\/marisana-25-150x150.jpg 150w, https:\/\/marisana.es\/wp-content\/uploads\/2021\/06\/marisana-25-60x60.jpg 60w, https:\/\/marisana.es\/wp-content\/uploads\/2021\/06\/marisana-25-400x400.jpg 400w\" sizes=\"auto, (max-width: 400px) 100vw, 400px\" class=\"light-dropshaddow\"\/><\/div><\/a><\/div><\/div><div class=\"tcol-lg-4 tcol-md-4 tcol-sm-4 tcol-xs-6 tcol-ss-12 g_item\"><div class=\"grid_item kt_item_fade_in kad_gallery_fade_in gallery_item\"><a href=\"https:\/\/marisana.es\/wp-content\/uploads\/2021\/06\/marisana-31.jpg\" data-rel=\"lightbox\" class=\"lightboxhover\"><div class=\"kt-intrinsic\" style=\"padding-bottom:100%;\"><img loading=\"lazy\" decoding=\"async\" src=\"https:\/\/marisana.es\/wp-content\/uploads\/2021\/06\/marisana-31-400x400.jpg\" width=\"400\" height=\"400\" alt=\"Club cannabis Barcelona \" data-caption=\"\" srcset=\"https:\/\/marisana.es\/wp-content\/uploads\/2021\/06\/marisana-31-150x150.jpg 150w, https:\/\/marisana.es\/wp-content\/uploads\/2021\/06\/marisana-31-60x60.jpg 60w, https:\/\/marisana.es\/wp-content\/uploads\/2021\/06\/marisana-31-400x400.jpg 400w\" sizes=\"auto, (max-width: 400px) 100vw, 400px\" class=\"light-dropshaddow\"\/><\/div><\/a><\/div><\/div><div class=\"tcol-lg-4 tcol-md-4 tcol-sm-4 tcol-xs-6 tcol-ss-12 g_item\"><div class=\"grid_item kt_item_fade_in kad_gallery_fade_in gallery_item\"><a href=\"https:\/\/marisana.es\/wp-content\/uploads\/2021\/06\/marisana-32.jpg\" data-rel=\"lightbox\" class=\"lightboxhover\"><div class=\"kt-intrinsic\" style=\"padding-bottom:100%;\"><img loading=\"lazy\" decoding=\"async\" src=\"https:\/\/marisana.es\/wp-content\/uploads\/2021\/06\/marisana-32-400x400.jpg\" width=\"400\" height=\"400\" alt=\"asociaci\u00f3n cann\u00e1bica Barcelona\" data-caption=\"\" srcset=\"https:\/\/marisana.es\/wp-content\/uploads\/2021\/06\/marisana-32-150x150.jpg 150w, https:\/\/marisana.es\/wp-content\/uploads\/2021\/06\/marisana-32-60x60.jpg 60w, https:\/\/marisana.es\/wp-content\/uploads\/2021\/06\/marisana-32-400x400.jpg 400w\" sizes=\"auto, (max-width: 400px) 100vw, 400px\" class=\"light-dropshaddow\"\/><\/div><\/a><\/div><\/div><div class=\"tcol-lg-4 tcol-md-4 tcol-sm-4 tcol-xs-6 tcol-ss-12 g_item\"><div class=\"grid_item kt_item_fade_in kad_gallery_fade_in gallery_item\"><a href=\"https:\/\/marisana.es\/wp-content\/uploads\/2021\/06\/marisana-30.jpg\" data-rel=\"lightbox\" class=\"lightboxhover\"><div class=\"kt-intrinsic\" style=\"padding-bottom:100%;\"><img loading=\"lazy\" decoding=\"async\" src=\"https:\/\/marisana.es\/wp-content\/uploads\/2021\/06\/marisana-30-400x400.jpg\" width=\"400\" height=\"400\" alt=\"Club social cannabis Barcelona\" data-caption=\"\" srcset=\"https:\/\/marisana.es\/wp-content\/uploads\/2021\/06\/marisana-30-150x150.jpg 150w, https:\/\/marisana.es\/wp-content\/uploads\/2021\/06\/marisana-30-60x60.jpg 60w, https:\/\/marisana.es\/wp-content\/uploads\/2021\/06\/marisana-30-400x400.jpg 400w\" sizes=\"auto, (max-width: 400px) 100vw, 400px\" class=\"light-dropshaddow\"\/><\/div><\/a><\/div><\/div><\/div><\/div>\n    <\/div><\/div><div id=\"pg-1661-2\"  class=\"panel-grid panel-no-style\" ><div id=\"pgc-1661-2-0\"  class=\"panel-grid-cell\" ><div id=\"panel-1661-2-0-0\" class=\"so-panel widget widget_sow-editor panel-first-child panel-last-child\" data-index=\"2\" ><div\n\t\t\t\n\t\t\tclass=\"so-widget-sow-editor so-widget-sow-editor-base\"\n\t\t\t\n\t\t>\n<div class=\"siteorigin-widget-tinymce textwidget\">\n\t<div class=\"kt-home-call-to-action panel-row-style-wide-parallax\">\n\t<div class=\"container\">\n\t\t<div class=\"kt-cta\">\n\t\t\t<div class=\"col-md-10 kad-call-title-case\">\n\t\t\t<h2 class=\"kad-call-title\"><strong>Per ulteriori informazioni<\/strong><\/h2>\n                        <h2 class=\"kad-call-title\"><strong>sulla nostra Associazione<\/strong><\/h2>\n                        <h2 class=\"kad-call-title\"><strong>e sul nostro codice di buona condotta<\/strong><\/h2>\n                        <h2 class=\"kad-call-title\"><strong>contattaci<\/strong><\/h2>\t\t\t<\/div>\n\t\t\t<div class=\"col-md-2 kad-call-button-case\">\n                        <a href=\"https:\/\/marisana.es\/it\/contatto\/\" class=\"kad-btn-primary kad-btn lg-kad-btn\"><h3><span style=\"color: #ffffff;\">Contatto<\/span><\/h3><\/a>\n                        <\/div>\n\t\t<\/div>\n\t<\/div><!--container-->\n<\/div><!--call class-->\t\t<\/div>\n<\/div><\/div><\/div><\/div><\/div>","protected":false},"excerpt":{"rendered":"<p>Marisana \u00e8 un\u2019associazione legalmente istituita e iscritta nel registro regionale delle associazioni. Siamo un&#8217;associazione senza scopo di lucro, di cui il nostro principale obiettivo \u00e8 la riduzione dei rischi socio-sanitari inerenti al mercato nero, tramite la produzione di diverse variet\u00e0 &hellip; <a href=\"https:\/\/marisana.es\/it\/chi-siamo\/\">Continua a leggere<\/a><\/p>\n","protected":false},"author":2,"featured_media":1319,"parent":0,"menu_order":0,"comment_status":"closed","ping_status":"closed","template":"template-pagebuilder.php","meta":{"kt_blocks_editor_width":"","footnotes":""},"class_list":["post-1661","page","type-page","status-publish","has-post-thumbnail","hentry"],"aioseo_notices":[],"_links":{"self":[{"href":"https:\/\/marisana.es\/it\/wp-json\/wp\/v2\/pages\/1661","targetHints":{"allow":["GET"]}}],"collection":[{"href":"https:\/\/marisana.es\/it\/wp-json\/wp\/v2\/pages"}],"about":[{"href":"https:\/\/marisana.es\/it\/wp-json\/wp\/v2\/types\/page"}],"author":[{"embeddable":true,"href":"https:\/\/marisana.es\/it\/wp-json\/wp\/v2\/users\/2"}],"replies":[{"embeddable":true,"href":"https:\/\/marisana.es\/it\/wp-json\/wp\/v2\/comments?post=1661"}],"version-history":[{"count":0,"href":"https:\/\/marisana.es\/it\/wp-json\/wp\/v2\/pages\/1661\/revisions"}],"wp:featuredmedia":[{"embeddable":true,"href":"https:\/\/marisana.es\/it\/wp-json\/wp\/v2\/media\/1319"}],"wp:attachment":[{"href":"https:\/\/marisana.es\/it\/wp-json\/wp\/v2\/media?parent=1661"}],"curies":[{"name":"wp","href":"https:\/\/api.w.org\/{rel}","templated":true}]}}