{"id":1652,"date":"2017-11-27T10:34:06","date_gmt":"2017-11-27T09:34:06","guid":{"rendered":"https:\/\/marisana.es\/?page_id=1652"},"modified":"2018-07-09T18:56:38","modified_gmt":"2018-07-09T16:56:38","slug":"informativa-cookie","status":"publish","type":"page","link":"https:\/\/marisana.es\/it\/informativa-cookie\/","title":{"rendered":"Informativa Sui Cookie"},"content":{"rendered":"<div class=\"kad-spacer clearfix\" style=\"height:20px\"><\/div>\n<h3><strong>Che cosa sono i cookie e perch\u00e9 li utilizziamo sul nostro sito web.<\/strong><\/h3>\n<p>Un cookie \u00e8 un file che viene scaricato sul dispositivo dell&#8217;utente quando accede a determinate pagine Web per archiviare e recuperare informazioni sulla navigazione eseguita da tale computer.<\/p>\n<p>Questo sito Web utilizza alcuni cookie per migliorare l&#8217;esperienza dell&#8217;utente e quindi essere in grado di offrire contenuti adeguati ai loro interessi.<\/p>\n<p>Seguendo le linee guida Protezione dei dati dettaglio l&#8217;uso dei cookies fa ASOCIACI\u00d3N CANN\u00c1BICA HAPPY GREEN (MARISANA) al fine di informare la massima precisione possibile.<\/p>\n<p>Questo sito web utilizza i seguenti <strong>cookie propri<\/strong>:<\/p>\n<blockquote>\n<ul>\n<li><strong>Cookie di sessione<\/strong>, per garantire che gli utenti che ci contattano tramite il modulo di contatto di questo sito Web siano applicazioni umane e non automatizzate. In questo modo combattiamo <em>spam<\/em>.<\/li>\n<\/ul>\n<\/blockquote>\n<p>Questo sito Web utilizza i seguenti <strong>cookie di terze parti<\/strong>:<\/p>\n<blockquote>\n<ul>\n<li><strong>Cookie analitici<\/strong>: ogni volta che un utente visita un Web o un servizio, uno strumento di un fornitore esterno (Google Analytics) genera un cookie analitico sul dispositivo dell&#8217;utente. Questo cookie viene generato solo durante la visita, sar\u00e0 in future visite al ASOCIACI\u00d3N CANN\u00c1BICA HAPPY GREEN (MARISANA) per identificare anonimo visitatori. Gli obiettivi principali perseguiti sono:\n<ul>\n<li>Consenti diportisti ID utente anonimo attraverso il &#8220;cookie&#8221; (individua i browser e dispositivi, non le persone) e contando quindi il approssimativa del numero di visitatori e la loro andamento nel tempo.<\/li>\n<li>Identifica i contenuti pi\u00f9 visitati in modo anonimo e quindi pi\u00f9 attraente per gli utenti.<\/li>\n<li>Scopri se l&#8217;utente che sta accedendo \u00e8 nuovo o ripeti visita.<\/li>\n<\/ul>\n<\/li>\n<\/ul>\n<\/blockquote>\n<p>Questi cookie verranno utilizzati solo a fini statistici al fine di raccogliere le metriche sull&#8217;utilizzo del nostro sito web.<\/p>\n<p>Per ulteriori informazioni sulla privacy policy di questi strumenti analitici sono disponibili all&#8217;indirizzo: <a href=\"https:\/\/policies.google.com\/privacy?hl=it-419\" target=\"_blank\" rel=\"noopener\"><em>Google Analytics<\/em><\/a><\/p>\n<blockquote>\n<ul>\n<li><strong>Cookie di social network<\/strong>: ogni social network utilizza i propri <em>cookie<\/em> cos\u00ec puoi fare clic su pulsanti come <em>mi piace<\/em> o <em>Condividi<\/em>.<\/li>\n<\/ul>\n<\/blockquote>\n<p><strong>L&#8217;utente accetta l&#8217;installazione dei cookie, a meno che non obietti, come descritto in questa informativa sui cookie.<\/strong><\/p>\n<p>In ogni momento l&#8217;utente ha la possibilit\u00e0 di accettare o rifiutare l&#8217;installazione dei cookie. Inoltre, dopo ogni sessione \u00e8 possibile eliminare tutti o alcuni dei cookie memorizzati. Anche l&#8217;utente pu\u00f2 attivare:<\/p>\n<blockquote>\n<ul>\n<li>Navigazione privata, tramite la quale il browser interrompe il salvataggio della cronologia di navigazione, delle password del sito web, dei cookie e di altre informazioni sulle pagine visitate, oppure<\/li>\n<li>Nessuna funzione di traccia, con cui il browser richiede i siti Web visitati di non monitorare le abitudini di navigazione, quindi, ad esempio, servire l&#8217;interesse della pubblicit\u00e0 nei siti visitati.<\/li>\n<\/ul>\n<\/blockquote>\n<h3><strong>Come disabilitare i cookie nel browser.<\/strong><\/h3>\n<p>La maggior parte dei browser attualmente consente all&#8217;utente di configurare se desidera accettare i cookie e quali. Queste impostazioni si trovano in genere nel menu &#8220;Opzioni&#8221; o &#8220;Preferenze&#8221; del browser.<\/p>\n<p>Ti consigliamo di consultare l&#8217;aiuto del tuo browser, per scoprire le diverse opzioni che devi gestire per i cookie. Di seguito, forniamo i link per poter gestire i cookie nei browser pi\u00f9 popolari:<\/p>\n<blockquote>\n<ul>\n<li><a href=\"https:\/\/support.microsoft.com\/it-it\/help\/17442\/windows-internet-explorer-delete-manage-cookies\" target=\"_blank\" rel=\"noopener\">Internet Explorer<\/a><\/li>\n<li><a href=\"https:\/\/support.mozilla.org\/it\/kb\/Attivare%20e%20disattivare%20i%20cookie\" target=\"_blank\" rel=\"noopener\">Firefox<\/a><\/li>\n<li><a href=\"https:\/\/support.apple.com\/it-it\/HT201265\" target=\"_blank\" rel=\"noopener\">Safari<\/a><\/li>\n<li><a href=\"https:\/\/support.google.com\/chrome\/answer\/95647?hl=it\" target=\"_blank\" rel=\"noopener\">Google Chrome<\/a><\/li>\n<\/ul>\n<\/blockquote>\n<div class=\"kad-spacer clearfix\" style=\"height:20px\"><\/div>\n","protected":false},"excerpt":{"rendered":"<p>Che cosa sono i cookie e perch\u00e9 li utilizziamo sul nostro sito web. Un cookie \u00e8 un file che viene scaricato sul dispositivo dell&#8217;utente quando accede a determinate pagine Web per archiviare e recuperare informazioni sulla navigazione eseguita da tale &hellip; <a href=\"https:\/\/marisana.es\/it\/informativa-cookie\/\">Continua a leggere<\/a><\/p>\n","protected":false},"author":2,"featured_media":1288,"parent":0,"menu_order":0,"comment_status":"closed","ping_status":"closed","template":"template-pagebuilder.php","meta":{"kt_blocks_editor_width":"","footnotes":""},"class_list":["post-1652","page","type-page","status-publish","has-post-thumbnail","hentry"],"aioseo_notices":[],"_links":{"self":[{"href":"https:\/\/marisana.es\/it\/wp-json\/wp\/v2\/pages\/1652","targetHints":{"allow":["GET"]}}],"collection":[{"href":"https:\/\/marisana.es\/it\/wp-json\/wp\/v2\/pages"}],"about":[{"href":"https:\/\/marisana.es\/it\/wp-json\/wp\/v2\/types\/page"}],"author":[{"embeddable":true,"href":"https:\/\/marisana.es\/it\/wp-json\/wp\/v2\/users\/2"}],"replies":[{"embeddable":true,"href":"https:\/\/marisana.es\/it\/wp-json\/wp\/v2\/comments?post=1652"}],"version-history":[{"count":0,"href":"https:\/\/marisana.es\/it\/wp-json\/wp\/v2\/pages\/1652\/revisions"}],"wp:featuredmedia":[{"embeddable":true,"href":"https:\/\/marisana.es\/it\/wp-json\/wp\/v2\/media\/1288"}],"wp:attachment":[{"href":"https:\/\/marisana.es\/it\/wp-json\/wp\/v2\/media?parent=1652"}],"curies":[{"name":"wp","href":"https:\/\/api.w.org\/{rel}","templated":true}]}}