{"id":1649,"date":"2017-11-27T10:18:41","date_gmt":"2017-11-27T09:18:41","guid":{"rendered":"https:\/\/marisana.es\/?page_id=1649"},"modified":"2018-07-10T16:14:17","modified_gmt":"2018-07-10T14:14:17","slug":"informativa-sulla-privacy","status":"publish","type":"page","link":"https:\/\/marisana.es\/it\/informativa-sulla-privacy\/","title":{"rendered":"Informativa Sulla Privacy"},"content":{"rendered":"<div class=\"kad-spacer clearfix\" style=\"height:20px\"><\/div>\n<h3 style=\"text-align:left;\"><strong>Chi siamo.<\/strong><\/h3>\n<p style=\"text-align:left;\">L&#8217;ASOCIACI\u00d3N CANN\u00c1BICA HAPPY GREEN (di seguito MARISANA) con CIF G65782294 sede legale in C. Valencia, 597, 08026 Barcellona, \u200b\u200be-mail: <a href=\"mailto:info@marisana.org\"> info@marisana.org<\/a> e telefono: 93-6673010, dati sui suoi membri in ogni caso che garantiscono privacy e la riservatezza al fine di fornire la massima protezione possibile dei loro diritti fondamentali come cittadino dell&#8217;Unione europea. In questo senso, ti offriamo le informazioni necessarie in conformit\u00e0 con le disposizioni dell&#8217;articolo 13 del regolamento (UE) 2016\/679 del Parlamento europeo e del Consiglio, del 27 aprile 2016, sulla protezione delle persone Cosa rispetta il trattamento dei dati personali e la libera circolazione di questi dati.<\/p>\n<h3 style=\"text-align:left;\"><strong>Quali dati vengono raccolti e perch\u00e9 li raccogliamo.<\/strong><\/h3>\n<p style=\"text-align:left;\">Pertanto, gli utenti sono informati che i dati personali forniti saranno incorporati in un file, debitamente registrato nel Registro generale della protezione dei dati, di cui il proprietario e responsabile \u00e8 MARISANA, effettuando un trattamento di loro solo ed esclusivamente allo scopo di dare piena risposta alle richieste di informazioni fatte sui la nostra associazione.<\/p>\n<p style=\"text-align:left;\">In relazione alla richiesta di informazioni, il richiedente deve essere MAGGIORENNE e deve necessariamente accettare i testi giuridici per poter accedere alla loro richiesta.<\/p>\n<p style=\"text-align:left;\">MARISANA manterr\u00e0 i tuoi dati ai fini dello scopo della richiesta di informazioni durante il periodo di 90 giorni.<\/p>\n<p style=\"text-align:left;\">Ai fini della pubblicit\u00e0 di servizi simili, i dati saranno conservati per un periodo massimo legale necessario per difendere gli interessi legali dell&#8217;associazione prima di possibili azioni legali. Tuttavia, i dati saranno bloccati solo per gli scopi di cui sopra entro un anno dalla sua cattura.<\/p>\n<h3 style=\"text-align:left;\"><strong>Con chi condividiamo i tuoi dati.<\/strong><\/h3>\n<p style=\"text-align:left;\">Per quanto riguarda gli eventuali trasferimenti di vostre informazioni personali a terzi collaboratori parti o dati aziendali, Marisana non fornisce alcun dato a collaboratori o esterni e fare le aziende tale assegnazione sar\u00e0 sempre limitata alla sua con previo consenso.<\/p>\n<p style=\"text-align:left;\">Le decisioni automatizzate non sono adottate dal responsabile del file n\u00e9 i profili creati con i dati personali forniti dall&#8217;utente.<\/p>\n<p style=\"text-align:left;\">Il trasferimento internazionale dei dati della parte interessata non \u00e8 considerato dalla persona responsabile del file.<\/p>\n<h3 style=\"text-align:left;\"><strong>Modulo di contatto.<\/strong><\/h3>\n<p style=\"text-align:left;\">Salvo quanto espressamente indicato diversamente, si ritiene necessario essere MAGGIORENNE e completare tutti i dati richiesti nel modulo in modo veritiero, accurato, completo e aggiornato. In caso contrario, MARISANA potrebbe, a seconda dei casi, non procedere a fornire le informazioni richieste.<\/p>\n<p style=\"text-align:left;\">Di conseguenza, i dati richiesti nel modulo sono obbligatori. Senza di loro non \u00e8 possibile rispondere alla richiesta.<\/p>\n<h3 style=\"text-align:left;\"><strong>Consenso ed esercizio dei diritti.<\/strong><\/h3>\n<p style=\"text-align:left;\">consenso da ottiene Marisana per l&#8217;elaborazione dei dati per gli scopi descritti in questo documento, specifici per ogni scopo, informato e inequivocabile libera accettazione attraverso il modulo del contatto web.<\/p>\n<p style=\"text-align:left;\">La Parte interessata pu\u00f2 consentire il trattamento dei dati per ogni scopo in modo indipendente, nonch\u00e9 ritirare il proprio consenso in qualsiasi momento per ciascuno degli scopi. Il ritiro del consenso da parte dell&#8217;interessato a un trattamento specifico non pregiudicher\u00e0 la legalit\u00e0 del trattamento dei dati effettuato prima di tale decisione.<\/p>\n<p style=\"text-align:left;\">L&#8217;interessato pu\u00f2 in ogni momento esercitare i propri diritti secondo le modalit\u00e0 stabilite dalla normativa sulla protezione dei dati. Nello specifico, puoi:<\/p>\n<blockquote>\n<ul>\n<li>Revoca in qualsiasi momento l&#8217;autorizzazione concessa per l&#8217;elaborazione dei tuoi dati.<\/li>\n<li>Esercizio dei diritti di accesso, rettifica, opposizione, cancellazione, minimizzazione e portabilit\u00e0, oltre a non essere soggetti a decisioni automatizzate.<\/li>\n<\/ul>\n<\/blockquote>\n<p style=\"text-align:left;\">Per esercitare i loro diritti devono essere indirizzate per iscritto a MARISANA C. Valencia, 597, 08026 Barcellona, \u200b\u200bo per e-mail: <a href=\"mailto:info@marisana.org\">info@marisana.org<\/a>, indicando nell&#8217;oggetto dell&#8217;e-mail &#8220;ANNULLARE LA REGISTRAZIONE&#8221;.<\/p>\n<p style=\"text-align:left;\">Allo stesso modo, la parte interessata pu\u00f2, se lo desidera e salvaguardare i suoi diritti, contattare l&#8217;Agenzia Spagnola per la Protezione dei Dati (AEPD), domiciliata al 28001 a Madrid, C. Jorge Juan n\u00ba 6.<\/p>\n<h3 style=\"text-align:left;\"><strong>Come proteggiamo i tuoi dati.<\/strong><\/h3>\n<p style=\"text-align:left;\">MARISANA ha adottato le misure tecniche e organizzative necessarie per garantire la sicurezza dei dati e per prevenirne l&#8217;alterazione, la perdita, il trattamento o l&#8217;accesso non autorizzato, tenendo conto dello stato di la tecnologia, la natura dei dati archiviati e i rischi a cui sono esposti, sia che provengano dall&#8217;azione umana o dall&#8217;ambiente fisico o naturale. Sono state adottate misure tecniche e organizzative che mirano a raggiungere obiettivi di sicurezza di base, quali: la riservatezza, intesa come limitazione dell&#8217;accesso alle informazioni da parte di persone non autorizzate; integrit\u00e0, intesa come mantenimento di informazioni affidabili e di qualit\u00e0, e disponibilit\u00e0, intesa come garanzia di accesso al sistema informativo dalla richiesta di un utente autorizzato.<\/p>\n<h3 style=\"text-align:left;\"><strong>Comunicazioni commerciali.<\/strong><\/h3>\n<p style=\"text-align:left;\">MARISANA, non invier\u00e0 pubblicit\u00e0 o comunicazioni promozionali per posta elettronica o altri mezzi di comunicazione elettronici che in precedenza non erano stati richiesti o espressamente autorizzati dai destinatari degli stessi.<\/p>\n<p style=\"text-align:left;\">Nel caso di utenti associati alla nostra organizzazione, MARISANA, \u00e8 autorizzato a inviare comunicazioni riferite alla nostra associazione. In ogni caso, l&#8217;utente pu\u00f2 richiedere che non vengano pi\u00f9 inviate informazioni attraverso i canali di attenzione all&#8217;associato, dopo aver provato la sua identit\u00e0.<\/p>\n<h3 style=\"text-align:left;\"><strong>Contenuto incorporato da altri siti web.<\/strong><\/h3>\n<p>Il sito Web MARISANA contiene collegamenti ad altre pagine Web che potrebbero essere di interesse per gli utenti. MARISANA non si assume alcuna responsabilit\u00e0 per questi collegamenti e non pu\u00f2 essere fornita alcuna garanzia in conformit\u00e0 con le politiche sulla privacy appropriate, in modo che l&#8217;utente acceda al contenuto delle suddette pagine Web nelle condizioni d&#8217;uso ivi stabilite e sotto la tua esclusiva responsabilit\u00e0.<br \/>\n<div class=\"kad-spacer clearfix\" style=\"height:20px\"><\/div>\n","protected":false},"excerpt":{"rendered":"<p>Chi siamo. L&#8217;ASOCIACI\u00d3N CANN\u00c1BICA HAPPY GREEN (di seguito MARISANA) con CIF G65782294 sede legale in C. Valencia, 597, 08026 Barcellona, \u200b\u200be-mail: info@marisana.org e telefono: 93-6673010, dati sui suoi membri in ogni caso che garantiscono privacy e la riservatezza al fine &hellip; <a href=\"https:\/\/marisana.es\/it\/informativa-sulla-privacy\/\">Continua a leggere<\/a><\/p>\n","protected":false},"author":2,"featured_media":1651,"parent":0,"menu_order":0,"comment_status":"closed","ping_status":"closed","template":"template-pagebuilder.php","meta":{"kt_blocks_editor_width":"","footnotes":""},"class_list":["post-1649","page","type-page","status-publish","has-post-thumbnail","hentry"],"aioseo_notices":[],"_links":{"self":[{"href":"https:\/\/marisana.es\/it\/wp-json\/wp\/v2\/pages\/1649","targetHints":{"allow":["GET"]}}],"collection":[{"href":"https:\/\/marisana.es\/it\/wp-json\/wp\/v2\/pages"}],"about":[{"href":"https:\/\/marisana.es\/it\/wp-json\/wp\/v2\/types\/page"}],"author":[{"embeddable":true,"href":"https:\/\/marisana.es\/it\/wp-json\/wp\/v2\/users\/2"}],"replies":[{"embeddable":true,"href":"https:\/\/marisana.es\/it\/wp-json\/wp\/v2\/comments?post=1649"}],"version-history":[{"count":0,"href":"https:\/\/marisana.es\/it\/wp-json\/wp\/v2\/pages\/1649\/revisions"}],"wp:featuredmedia":[{"embeddable":true,"href":"https:\/\/marisana.es\/it\/wp-json\/wp\/v2\/media\/1651"}],"wp:attachment":[{"href":"https:\/\/marisana.es\/it\/wp-json\/wp\/v2\/media?parent=1649"}],"curies":[{"name":"wp","href":"https:\/\/api.w.org\/{rel}","templated":true}]}}