{"id":1604,"date":"2017-11-20T16:16:35","date_gmt":"2017-11-20T15:16:35","guid":{"rendered":"https:\/\/marisana.es\/?page_id=1604"},"modified":"2025-12-20T13:35:52","modified_gmt":"2025-12-20T12:35:52","slug":"accueil","status":"publish","type":"page","link":"https:\/\/marisana.es\/fr\/","title":{"rendered":"Accueil"},"content":{"rendered":"<div id=\"pl-1604\"  class=\"panel-layout\" ><div id=\"pg-1604-0\"  class=\"panel-grid panel-no-style\" ><div id=\"pgc-1604-0-0\"  class=\"panel-grid-cell\" ><div id=\"panel-1604-0-0-0\" class=\"so-panel widget widget_sow-editor panel-first-child panel-last-child\" data-index=\"0\" ><div\n\t\t\t\n\t\t\tclass=\"so-widget-sow-editor so-widget-sow-editor-base\"\n\t\t\t\n\t\t>\n<div class=\"siteorigin-widget-tinymce textwidget\">\n\t<p><div class=\"kad-spacer clearfix\" style=\"height:20px\"><\/div><br \/>\n<img loading=\"lazy\" decoding=\"async\" class=\"aligncenter size-full wp-image-542\" src=\"https:\/\/marisana.es\/wp-content\/uploads\/2017\/04\/logo-1.png\" alt=\"\" width=\"197\" height=\"45\" data-id=\"542\" \/><\/p>\n<h5 style=\"text-align: center;\">Est une association \u00e0 but non lucratif dont l'objectif principal est la r\u00e9duction des risques socio-sanitaires inh\u00e9rents au march\u00e9 noir \u00e0 travers la production de diff\u00e9rentes vari\u00e9t\u00e9s de cannabis de haute qualit\u00e9 sans contaminants, et la distribution exclusive parmi les personnes associ\u00e9es \u00e0 l'entit\u00e9.<\/h5>\n<h5 style=\"text-align: center;\">Sans faire aucune promotion de la consommation et <strong>en respectant scrupuleusement la l\u00e9galit\u00e9 actuelle<\/strong>, notre association rejoint le d\u00e9bat social sur la r\u00e9gularisation de la consommation, de la culture et de la distribution du cannabis, tout en soutenant la politique de r\u00e9duction des risques et de consommation responsable.<\/h5>\n<\/div>\n<\/div><\/div><\/div><\/div><div id=\"pg-1604-1\"  class=\"panel-grid panel-has-style\" ><div class=\"siteorigin-panels-stretch kt-panel-row-parallax-stellar kt-panel-row-stretch panel-widget-style panel-row-style panel-row-style-for-1604-1\" style=\"background-image: url(https:\/\/marisana.es\/wp-content\/uploads\/2017\/04\/fondo-3-2.jpg);background-position: center top;visibility: hidden;\" data-stretch-type=\"full\" data-stellar-background-ratio=\"0.5\" ><div id=\"pgc-1604-1-0\"  class=\"panel-grid-cell\" >                <div id=\"panel-1604-1-0-0\" class=\"so-panel widget widget_pinnacle_imgmenu_widget pinnacle_imgmenu_widget panel-first-child panel-last-child\" data-index=\"1\" >\n                                <div class=\"kad-animation\" data-animation=\"fade-in\" data-delay=\"150\">\n                    <a href=\"https:\/\/marisana.es\/fr\/qui-nous-sommes\/\"  class=\"homepromolink\">                        <div class=\"infobanner\" style=\"background: url(https:\/\/marisana.es\/wp-content\/uploads\/2021\/06\/home-menu-01.jpg) center center no-repeat; height:300px; background-size:cover;\">\n                            <div class=\"home-message\" style=\"height:300px;\">\n                                <h4>Qui nous sommes<\/h4>                                <h5>Galerie \u2013 Visitez notre Club<\/h5>                            <\/div>\n                        <\/div>\n                    <\/a>                <\/div>\n                \n                <\/div>\n    <\/div><div id=\"pgc-1604-1-1\"  class=\"panel-grid-cell\" >                <div id=\"panel-1604-1-1-0\" class=\"so-panel widget widget_pinnacle_imgmenu_widget pinnacle_imgmenu_widget panel-first-child panel-last-child\" data-index=\"2\" >\n                                <div class=\"kad-animation\" data-animation=\"fade-in\" data-delay=\"150\">\n                    <a href=\"https:\/\/marisana.es\/fr\/s-associer-reglement\/\"  class=\"homepromolink\">                        <div class=\"infobanner\" style=\"background: url(https:\/\/marisana.es\/wp-content\/uploads\/2017\/04\/home-menu-2-1.jpg) center center no-repeat; height:300px; background-size:cover;\">\n                            <div class=\"home-message\" style=\"height:300px;\">\n                                <h4>Comment s\u2019associer<\/h4>                                <h5>R\u00e8glement de notre association<\/h5>                            <\/div>\n                        <\/div>\n                    <\/a>                <\/div>\n                \n                <\/div>\n    <\/div><\/div><\/div><div id=\"pg-1604-2\"  class=\"panel-grid panel-no-style\" ><div id=\"pgc-1604-2-0\"  class=\"panel-grid-cell\" ><div id=\"panel-1604-2-0-0\" class=\"so-panel widget widget_sow-editor panel-first-child panel-last-child\" data-index=\"3\" ><div\n\t\t\t\n\t\t\tclass=\"so-widget-sow-editor so-widget-sow-editor-base\"\n\t\t\t\n\t\t>\n<div class=\"siteorigin-widget-tinymce textwidget\">\n\t<h3 class=\"hometitle\">Chez <strong>Marisana<\/strong> vous trouverez<\/h3>\n<div class=\"home-margin home-padding kt-home-icon-menu\">\n        <div class=\"rowtight homepromo kt-home-iconmenu-container\" data-equal-height=\"1\">\n                            <div class=\"tcol-lg-4 tcol-md-4 tcol-sm-4 tcol-xs-6 tcol-ss-12 home-iconmenu kad-animation homeitemcount1\" data-animation=\"fade-in\" data-delay=\"150\">\n\n                            <a href=\"https:\/\/marisana.es\/fr\/calendrier-mensuel\/\" target=\"_self\"  title=\"Nombreuses activit\u00e9s et causeries\" class=\"home-icon-item\">\n                        <i class=\"kt-icon-users\"><\/i><h4>Nombreuses activit\u00e9s et causeries<\/h4><p>Dans notre Association, nous organisons des activit\u00e9s mensuelles r\u00e9cr\u00e9atives et informatives pour tous nos associ\u00e9s, telles que la programmation de films, des matches de football, des sessions informatives sur l'usage th\u00e9rapeutique du cannabis, etc.<\/p><\/a>                    <\/div>\n                                         <div class=\"tcol-lg-4 tcol-md-4 tcol-sm-4 tcol-xs-6 tcol-ss-12 home-iconmenu kad-animation homeitemcount2\" data-animation=\"fade-in\" data-delay=\"300\">\n\n                            <a href=\"https:\/\/marisana.es\/fr\/#\/\" target=\"_self\"  title=\"Vari\u00e9t\u00e9 et qualit\u00e9 certifi\u00e9e\" class=\"home-icon-item\">\n                        <i class=\"kt-icon-thumbs-up\"><\/i><h4>Vari\u00e9t\u00e9 et qualit\u00e9 certifi\u00e9e<\/h4><p>Nos associ\u00e9s peuvent \u00eatre s\u00fbrs que le cannabis de notre Association r\u00e9pond \u00e0 toute exigence de qualit\u00e9, \u00e9tant certifi\u00e9 et test\u00e9 par des sp\u00e9cialistes du laboratoire Qualit\u00e9 du Cannabis, experts en soins de sant\u00e9.<\/p><\/a>                    <\/div>\n                                      <div class=\"tcol-lg-4 tcol-md-4 tcol-sm-4 tcol-xs-6 tcol-ss-12 home-iconmenu kad-animation homeitemcount3\" data-animation=\"fade-in\" data-delay=\"450\">\n\n                            <a href=\"https:\/\/marisana.es\/fr\/qui-nous-sommes\/\" target=\"_self\"  title=\"Ambiance d\u00e9tendue et confortable\" class=\"home-icon-item\">\n                        <i class=\"kt-icon-cup2\"><\/i><h4>Ambiance d\u00e9tendue et confortable<\/h4><p>Notre salle spacieuse et confortable offre des diff\u00e9rents espaces pour le loisir de nos associ\u00e9s: football de table, billard, snack bar et rafra\u00eechissements, et finalement, le plus important, un personnel comp\u00e9tent toujours \u00e0 votre disposition.<\/p><\/a>                    <\/div>\n                          <\/div> <!--homepromo -->\n\n<\/div><\/div>\n<\/div><\/div><\/div><\/div><div id=\"pg-1604-3\"  class=\"panel-grid panel-has-style\" ><div class=\"siteorigin-panels-stretch kt-panel-row-parallax-stellar kt-panel-row-stretch panel-widget-style panel-row-style panel-row-style-for-1604-3\" style=\"background-image: url(https:\/\/marisana.es\/wp-content\/uploads\/2017\/04\/fondo-3-2.jpg);background-position: center top;visibility: hidden;\" data-stretch-type=\"full\" data-stellar-background-ratio=\"0.5\" ><div id=\"pgc-1604-3-0\"  class=\"panel-grid-cell\" >\n\n          <div id=\"panel-1604-3-0-0\" class=\"so-panel widget widget_pinnacle_calltoaction_widget pinnacle_calltoaction_widget panel-first-child panel-last-child\" data-index=\"4\" ><div class=\"kt-pb-animation kt-pb-fadeInLeft kt-pb-duration-900 kt-pb-delay-0 panel-widget-style panel-widget-style-for-1604-3-0-0\" ><h2 style=\"color:#ffffff; font-size:40px;  text-align:center;\">Voulez-vous en savoir plus sur notre association?<\/h2><h5 style=\"color:#ffffff; font-size:20px;  text-align:center;\">Si vous avez l'\u00e2ge l\u00e9gal et r\u00e9pondez \u00e0 certaines conditions, vous pouvez \u00eatre en mesure de vous associer<\/h5><div style=\"text-align:center\"><a href=\"https:\/\/marisana.es\/fr\/s-associer-reglement\/\" id=\"kadbtn64\" target=\"_self\" class=\"kad-btn btn-shortcode kad-btn-primary   lg-kad-btn headerfont\" style=\" border: 0 solid; border-color:#000;  color:#ffffff;\" onMouseOver=\"\" onMouseOut=\"\">+ INFORMATIONS <\/a><\/div><\/div><\/div>\n    <\/div><\/div><\/div><\/div>","protected":false},"excerpt":{"rendered":"<p>Est une association \u00e0 but non lucratif dont l&rsquo;objectif principal est la r\u00e9duction des risques socio-sanitaires inh\u00e9rents au march\u00e9 noir \u00e0 travers la production de diff\u00e9rentes vari\u00e9t\u00e9s de cannabis de haute qualit\u00e9 sans contaminants, et la distribution exclusive parmi les &hellip; <a href=\"https:\/\/marisana.es\/fr\/\">Lire la suite<\/a><\/p>\n","protected":false},"author":2,"featured_media":1354,"parent":0,"menu_order":0,"comment_status":"closed","ping_status":"closed","template":"template-pagebuilder.php","meta":{"kt_blocks_editor_width":"","footnotes":""},"class_list":["post-1604","page","type-page","status-publish","has-post-thumbnail","hentry"],"aioseo_notices":[],"_links":{"self":[{"href":"https:\/\/marisana.es\/fr\/wp-json\/wp\/v2\/pages\/1604","targetHints":{"allow":["GET"]}}],"collection":[{"href":"https:\/\/marisana.es\/fr\/wp-json\/wp\/v2\/pages"}],"about":[{"href":"https:\/\/marisana.es\/fr\/wp-json\/wp\/v2\/types\/page"}],"author":[{"embeddable":true,"href":"https:\/\/marisana.es\/fr\/wp-json\/wp\/v2\/users\/2"}],"replies":[{"embeddable":true,"href":"https:\/\/marisana.es\/fr\/wp-json\/wp\/v2\/comments?post=1604"}],"version-history":[{"count":1,"href":"https:\/\/marisana.es\/fr\/wp-json\/wp\/v2\/pages\/1604\/revisions"}],"predecessor-version":[{"id":4627,"href":"https:\/\/marisana.es\/fr\/wp-json\/wp\/v2\/pages\/1604\/revisions\/4627"}],"wp:featuredmedia":[{"embeddable":true,"href":"https:\/\/marisana.es\/fr\/wp-json\/wp\/v2\/media\/1354"}],"wp:attachment":[{"href":"https:\/\/marisana.es\/fr\/wp-json\/wp\/v2\/media?parent=1604"}],"curies":[{"name":"wp","href":"https:\/\/api.w.org\/{rel}","templated":true}]}}