{"id":1584,"date":"2017-11-20T13:51:54","date_gmt":"2017-11-20T12:51:54","guid":{"rendered":"https:\/\/marisana.es\/?page_id=1584"},"modified":"2023-01-02T15:27:13","modified_gmt":"2023-01-02T14:27:13","slug":"s-associer-reglement","status":"publish","type":"page","link":"https:\/\/marisana.es\/fr\/s-associer-reglement\/","title":{"rendered":"S\u2019Associer &#038; R\u00e8glement"},"content":{"rendered":"<div id=\"pl-1584\"  class=\"panel-layout\" ><div id=\"pg-1584-0\"  class=\"panel-grid panel-no-style\" ><div id=\"pgc-1584-0-0\"  class=\"panel-grid-cell\" ><div id=\"panel-1584-0-0-0\" class=\"so-panel widget widget_sow-editor panel-first-child\" data-index=\"0\" ><div\n\t\t\t\n\t\t\tclass=\"so-widget-sow-editor so-widget-sow-editor-base\"\n\t\t\t\n\t\t>\n<div class=\"siteorigin-widget-tinymce textwidget\">\n\t<div class=\"kad-spacer clearfix\" style=\"height:20px\"><\/div>\n<\/div>\n<\/div><\/div><div id=\"panel-1584-0-0-1\" class=\"so-panel widget widget_sow-editor panel-last-child\" data-index=\"1\" ><div\n\t\t\t\n\t\t\tclass=\"so-widget-sow-editor so-widget-sow-editor-base\"\n\t\t\t\n\t\t><h3 class=\"widget-title\">Comment s'associer?<\/h3>\n<div class=\"siteorigin-widget-tinymce textwidget\">\n\t<h5 style=\"text-align: left;\">Toute personne \u00e2g\u00e9e de plus de 18 ans peut s'associer avec <strong>Marisana<\/strong> conform\u00e9ment aux conditions suivantes:<\/h5>\n<ul>\n<li style=\"text-align: left;\">\n<h5>\u00catre accompagn\u00e9 par un associ\u00e9 garant pour permetre au nouveau membre de s'inscrire.<\/h5>\n<\/li>\n<li style=\"text-align: left;\">\n<h5>\u00catre consommateur de cannabis comme loisir et\/ou pour des raisons th\u00e9rapeutiques.<\/h5>\n<\/li>\n<li style=\"text-align: left;\">\n<h5>\u00catre en possession d'un document personnel d'identit\u00e9.<\/h5>\n<\/li>\n<li style=\"text-align: left;\">\n<h5>Accepter le r\u00e8glement et les normes pour le bon fonctionnement de l'association.<\/h5>\n<\/li>\n<li style=\"text-align: left;\">\n<h5>Payer les frais d'inscription annuels de 5 euros.<\/h5>\n<\/li>\n<\/ul>\n<h5 style=\"text-align: left;\">Les utilisateurs th\u00e9rapeutiques, qui souffrent d'une maladie pour laquelle les effets b\u00e9n\u00e9fiques du cannabis sont reconnus par l' <a href=\"https:\/\/www.cannabis-med.org\/?lng=fr\" target=\"_blank\" rel=\"noopener\"><strong>IACM<\/strong><\/a> doivent prouver leur \u00e9tat au moyen d'un certificat m\u00e9dical.<\/h5>\n<h5 style=\"text-align: left;\">Ces associ\u00e9s sont exempt\u00e9s des frais d'inscription annuels.<\/h5>\n<\/div>\n<\/div><\/div><\/div><\/div><div id=\"pg-1584-1\"  class=\"panel-grid panel-no-style\" ><div id=\"pgc-1584-1-0\"  class=\"panel-grid-cell\" ><div id=\"panel-1584-1-0-0\" class=\"so-panel widget widget_sow-editor panel-first-child panel-last-child\" data-index=\"2\" ><div\n\t\t\t\n\t\t\tclass=\"so-widget-sow-editor so-widget-sow-editor-base\"\n\t\t\t\n\t\t><h3 class=\"widget-title\">R\u00e8gles fondamentales<\/h3>\n<div class=\"siteorigin-widget-tinymce textwidget\">\n\t<h5>L'entr\u00e9e au club est exclusivement r\u00e9serv\u00e9e aux associ\u00e9s, qui doivent pr\u00e9senter un document d'identit\u00e9 en cours de validit\u00e9 avec leur carte d\u2019associ\u00e9 afin d'acc\u00e9der au Club. En cas de perte de la carte d\u2019associ\u00e9, les frais pour en faire une nouvelle copie sont de 5 Euros.<\/h5>\n<h5>Il est interdit d'entrer au club avec des v\u00e9hicules urbains tels que des v\u00e9los, des planches \u00e0 roulettes, etc., et de prendre des photos \u00e0 l'int\u00e9rieur de l\u2019\u00e9tablissement.<\/h5>\n<h5><strong>La violation du r\u00e8glement peut entra\u00eener l\u2019explulsion du Club de la personne associ\u00e9e<\/strong> en cas de:<\/h5>\n<ul>\n<li>\n<h5>Donner sa carte \u00e0 une troisi\u00e8me personne.<\/h5>\n<\/li>\n<li>\n<h5>Se servir de donn\u00e9es fausses pour s\u2019inscrire.<\/h5>\n<\/li>\n<li>\n<h5>Avoir \u00e9t\u00e9 condamn\u00e9 pour trafic de drogue.<\/h5>\n<\/li>\n<li>\n<h5>Ne pas respecter les recommandations de l\u2019association \u00e0 propos de la s\u00e9curit\u00e9 et de la pr\u00e9vention afin de tenir le cannabis hors de port\u00e9e des tiers ou \u00e9viter sa consommation dans la rue.<\/h5>\n<\/li>\n<li>\n<h5>Ne pas faire part \u00e0 l\u2019association de sanctions ou imputations l\u00e9gales d\u00fbes \u00e0 la possession, la consommation ou au trafic de drogues.<\/h5>\n<\/li>\n<\/ul>\n<\/div>\n<\/div><\/div><\/div><\/div><div id=\"pg-1584-2\"  class=\"panel-grid panel-no-style\" ><div id=\"pgc-1584-2-0\"  class=\"panel-grid-cell\" ><div id=\"panel-1584-2-0-0\" class=\"so-panel widget widget_sow-editor panel-first-child panel-last-child\" data-index=\"3\" ><div\n\t\t\t\n\t\t\tclass=\"so-widget-sow-editor so-widget-sow-editor-base\"\n\t\t\t\n\t\t>\n<div class=\"siteorigin-widget-tinymce textwidget\">\n\t<div class=\"kt-home-call-to-action panel-row-style-wide-parallax\">\n\t<div class=\"container\">\n\t\t<div class=\"kt-cta\">\n\t\t\t<div class=\"col-md-10 kad-call-title-case\">\n\t\t\t<h2 class=\"kad-call-title\"><strong>Pour en savoir plus<\/strong><\/h2>\n                        <h2 class=\"kad-call-title\"><strong>consultez le r\u00e8glement complet<\/strong><\/h2>\n                        <h2 class=\"kad-call-title\"><strong>de notre association<\/strong><\/h2>\t\t\t<\/div>\n\t\t\t<div class=\"col-md-2 kad-call-button-case\">\n                        <a href=\"https:\/\/marisana.es\/pdf\/advertissement-associes-fr.pdf\" target=\"_blank\" class=\"kad-btn-primary kad-btn lg-kad-btn\" rel=\"noopener\"><h3><span style=\"color: #ffffff;\">R\u00e8gles<\/span><\/h3><\/a>\n                        <\/div>\n\t\t<\/div>\n\t<\/div><!--container-->\n<\/div><!--call class-->\t\t\t\t<\/div>\n<\/div><\/div><\/div><\/div><\/div>","protected":false},"excerpt":{"rendered":"<p>Toute personne \u00e2g\u00e9e de plus de 18 ans peut s&rsquo;associer avec Marisana conform\u00e9ment aux conditions suivantes: \u00catre accompagn\u00e9 par un associ\u00e9 garant pour permetre au nouveau membre de s&rsquo;inscrire. \u00catre consommateur de cannabis comme loisir et\/ou pour des raisons th\u00e9rapeutiques. &hellip; <a href=\"https:\/\/marisana.es\/fr\/s-associer-reglement\/\">Lire la suite<\/a><\/p>\n","protected":false},"author":2,"featured_media":1320,"parent":0,"menu_order":0,"comment_status":"closed","ping_status":"closed","template":"template-pagebuilder.php","meta":{"kt_blocks_editor_width":"","footnotes":""},"class_list":["post-1584","page","type-page","status-publish","has-post-thumbnail","hentry"],"aioseo_notices":[],"_links":{"self":[{"href":"https:\/\/marisana.es\/fr\/wp-json\/wp\/v2\/pages\/1584","targetHints":{"allow":["GET"]}}],"collection":[{"href":"https:\/\/marisana.es\/fr\/wp-json\/wp\/v2\/pages"}],"about":[{"href":"https:\/\/marisana.es\/fr\/wp-json\/wp\/v2\/types\/page"}],"author":[{"embeddable":true,"href":"https:\/\/marisana.es\/fr\/wp-json\/wp\/v2\/users\/2"}],"replies":[{"embeddable":true,"href":"https:\/\/marisana.es\/fr\/wp-json\/wp\/v2\/comments?post=1584"}],"version-history":[{"count":0,"href":"https:\/\/marisana.es\/fr\/wp-json\/wp\/v2\/pages\/1584\/revisions"}],"wp:featuredmedia":[{"embeddable":true,"href":"https:\/\/marisana.es\/fr\/wp-json\/wp\/v2\/media\/1320"}],"wp:attachment":[{"href":"https:\/\/marisana.es\/fr\/wp-json\/wp\/v2\/media?parent=1584"}],"curies":[{"name":"wp","href":"https:\/\/api.w.org\/{rel}","templated":true}]}}