{"id":1577,"date":"2017-11-20T13:26:50","date_gmt":"2017-11-20T12:26:50","guid":{"rendered":"https:\/\/marisana.es\/?page_id=1577"},"modified":"2018-07-10T13:19:40","modified_gmt":"2018-07-10T11:19:40","slug":"contact","status":"publish","type":"page","link":"https:\/\/marisana.es\/fr\/contact\/","title":{"rendered":"Contact"},"content":{"rendered":"<div id=\"pl-1577\"  class=\"panel-layout\" ><div id=\"pg-1577-0\"  class=\"panel-grid panel-no-style\" ><div id=\"pgc-1577-0-0\"  class=\"panel-grid-cell\" ><div id=\"panel-1577-0-0-0\" class=\"so-panel widget widget_sow-editor panel-first-child panel-last-child\" data-index=\"0\" ><div class=\"panel-widget-style panel-widget-style-for-1577-0-0-0\" ><div\n\t\t\t\n\t\t\tclass=\"so-widget-sow-editor so-widget-sow-editor-base\"\n\t\t\t\n\t\t>\n<div class=\"siteorigin-widget-tinymce textwidget\">\n\t<h3 class=\"hometitle\">Contactez-nous<\/h3>\n<h5 style=\"text-align: center;\">Marisana est un lieu de rencontre, de socialisation et d'\u00e9change d'exp\u00e9riences et de connaissances entre les personnes associ\u00e9es, toutes \u00e2g\u00e9es de plus de 18 ans et usagers de cannabis  pour des raisons r\u00e9cr\u00e9atives ou th\u00e9rapeutiques.<\/h5>\n<p style=\"text-align: center;\">\t\t\t<i class=\"kt-icon-phone4 \" style=\"font-size:32px; display=inline-block; color:#98bf13; \t\t\t\"><\/i>\n\t<\/p>\n<h5 style=\"text-align: center;\">+34 93 667 30 10<\/h5>\n<p style=\"text-align: center;\">\t\t\t<i class=\"kt-icon-mail4 \" style=\"font-size:32px; display=inline-block; color:#98bf13; \t\t\t\"><\/i>\n\t<\/p>\n<h5 style=\"text-align: center;\"><a href=\"mailto:info@marisana.org\">info@marisana.org<\/a><\/h5>\n<p style=\"text-align: center;\">\t\t\t<i class=\"kt-icon-home \" style=\"font-size:32px; display=inline-block; color:#98bf13; \t\t\t\"><\/i>\n\t<\/p>\n<h5 style=\"text-align: center;\">Rue Valencia, 597<\/h5>\n<h5 style=\"text-align: center;\">08026 Barcelone (Espagne)<\/h5>\n<\/div>\n<\/div><\/div><\/div><\/div><\/div><\/div>","protected":false},"excerpt":{"rendered":"<p>Contactez-nous Marisana est un lieu de rencontre, de socialisation et d&rsquo;\u00e9change d&rsquo;exp\u00e9riences et de connaissances entre les personnes associ\u00e9es, toutes \u00e2g\u00e9es de plus de 18 ans et usagers de cannabis pour des raisons r\u00e9cr\u00e9atives ou th\u00e9rapeutiques. +34 93 667 30 &hellip; <a href=\"https:\/\/marisana.es\/fr\/contact\/\">Lire la suite<\/a><\/p>\n","protected":false},"author":2,"featured_media":0,"parent":0,"menu_order":0,"comment_status":"closed","ping_status":"closed","template":"template-contact.php","meta":{"kt_blocks_editor_width":"","footnotes":""},"class_list":["post-1577","page","type-page","status-publish","hentry"],"aioseo_notices":[],"_links":{"self":[{"href":"https:\/\/marisana.es\/fr\/wp-json\/wp\/v2\/pages\/1577","targetHints":{"allow":["GET"]}}],"collection":[{"href":"https:\/\/marisana.es\/fr\/wp-json\/wp\/v2\/pages"}],"about":[{"href":"https:\/\/marisana.es\/fr\/wp-json\/wp\/v2\/types\/page"}],"author":[{"embeddable":true,"href":"https:\/\/marisana.es\/fr\/wp-json\/wp\/v2\/users\/2"}],"replies":[{"embeddable":true,"href":"https:\/\/marisana.es\/fr\/wp-json\/wp\/v2\/comments?post=1577"}],"version-history":[{"count":0,"href":"https:\/\/marisana.es\/fr\/wp-json\/wp\/v2\/pages\/1577\/revisions"}],"wp:attachment":[{"href":"https:\/\/marisana.es\/fr\/wp-json\/wp\/v2\/media?parent=1577"}],"curies":[{"name":"wp","href":"https:\/\/api.w.org\/{rel}","templated":true}]}}