{"id":1568,"date":"2017-11-20T10:08:44","date_gmt":"2017-11-20T09:08:44","guid":{"rendered":"https:\/\/marisana.es\/?page_id=1568"},"modified":"2018-07-09T18:32:57","modified_gmt":"2018-07-09T16:32:57","slug":"politique-cookies","status":"publish","type":"page","link":"https:\/\/marisana.es\/fr\/politique-cookies\/","title":{"rendered":"Politique de Cookies"},"content":{"rendered":"<div class=\"kad-spacer clearfix\" style=\"height:20px\"><\/div>\n<h3><strong>Que sont les cookies et pourquoi les utilisons-nous sur notre site Web<\/strong>.<\/h3>\n<p>Un cookie est un fichier qui est t\u00e9l\u00e9charg\u00e9 sur l&rsquo;appareil de l&rsquo;utilisateur lors de l&rsquo;acc\u00e8s \u00e0 certaines pages Web pour stocker et r\u00e9cup\u00e9rer des informations sur la navigation effectu\u00e9e \u00e0 partir dudit ordinateur.<\/p>\n<p>Ce site utilise des cookies pour am\u00e9liorer l&rsquo;exp\u00e9rience utilisateur et ainsi pouvoir proposer des contenus adapt\u00e9s \u00e0 leurs int\u00e9r\u00eats.<\/p>\n<p>En suivant les directives de la Protection des donn\u00e9es, nous d\u00e9taillons l&rsquo;utilisation des cookies par l&rsquo;ASOCIACI\u00d3N CANN\u00c1BICA HAPPY GREEN (MARISANA) afin de vous informer aussi pr\u00e9cis\u00e9ment que possible.<\/p>\n<p>Ce site utilise les <strong>cookies propres<\/strong> suivants:<\/p>\n<blockquote>\n<ul>\n<li><strong>Cookies de session<\/strong>, pour garantir que les utilisateurs qui nous contactent via le formulaire de contact de ce site Web sont des applications humaines et non automatiques. De cette fa\u00e7on, nous combattons <em>spam<\/em>.<\/li>\n<\/ul>\n<\/blockquote>\n<p>Ce site Web utilise les <strong>cookies tiers<\/strong> suivants:<\/p>\n<blockquote>\n<ul>\n<li><strong>Cookies analytiques<\/strong>: Chaque fois qu&rsquo;un utilisateur visite un site ou un service, un outil \u00e0 partir d&rsquo;un fournisseur externe (Google Analytics) g\u00e9n\u00e8re un cookie analytique sur l&rsquo;appareil de l&rsquo;utilisateur. Ce cookie, qui n&rsquo;est g\u00e9n\u00e9r\u00e9 que lors de la visite, servira lors de futures visites \u00e0 l&rsquo;ASOCIACI\u00d3N CANN\u00c1BICA HAPPY GREEN (MARISANA), pour identifier anonymement le visiteur. Les principaux objectifs poursuivis sont:\n<ul>\n<li>Permettre aux plaisanciers d&rsquo;identit\u00e9 d&rsquo;utilisateur anonyme par le \u00ab Cookie \u00bb (identifie les navigateurs et les p\u00e9riph\u00e9riques, pas les gens) et donc la approximative compter le nombre de visiteurs et de leur \u00e9volution dans le temps.<\/li>\n<li>Identifiez les contenus les plus visit\u00e9s de mani\u00e8re anonyme et par cons\u00e9quent plus attractifs pour les utilisateurs.<\/li>\n<li>Sachez si l&rsquo;utilisateur qui acc\u00e8de est nouveau ou r\u00e9p\u00e9tez la visite.<\/li>\n<\/ul>\n<\/li>\n<\/ul>\n<\/blockquote>\n<p>Ces cookies ne seront utilis\u00e9s qu&rsquo;\u00e0 des fins statistiques afin de collecter des mesures sur l&rsquo;utilisation de notre site Web.<\/p>\n<p>Pour plus d&rsquo;informations sur la politique de confidentialit\u00e9 de ces outils d&rsquo;analyse sont disponibles \u00e0: <a href=\"https:\/\/policies.google.com\/privacy?hl=fr-419\" target=\"_blank\" rel=\"noopener\"><em>Google Analytics<\/em><\/a><\/p>\n<blockquote>\n<ul>\n<li><strong>Cookies R\u00e9seaux sociaux<\/strong>: Chaque r\u00e9seau social utilise ses propres <em> les cookies<\/em> pour vous de cliquer sur les boutons de type <em>comme<\/em> ou <em>Partager<\/em>.<\/li>\n<\/ul>\n<\/blockquote>\n<p><strong>L&rsquo;utilisateur accepte l&rsquo;installation de cookies, \u00e0 moins qu&rsquo;il ne s&rsquo;y oppose, comme indiqu\u00e9 dans la pr\u00e9sente Politique de cookies<\/strong>.<\/p>\n<p>En tout temps, l&rsquo;utilisateur a la possibilit\u00e9 d&rsquo;accepter ou de refuser l&rsquo;installation de cookies. En outre, apr\u00e8s chaque session, vous pouvez supprimer tout ou partie des cookies stock\u00e9s. L&rsquo;utilisateur peut \u00e9galement activer:<\/p>\n<blockquote>\n<ul>\n<li>Navigation priv\u00e9e, gr\u00e2ce \u00e0 laquelle votre navigateur arr\u00eate d&rsquo;enregistrer l&rsquo;historique de navigation, les mots de passe du site, les cookies et d&rsquo;autres informations sur les pages que vous visitez, ou<\/li>\n<li>La fonction de non-suivi, par laquelle le navigateur demande aux sites Web que vous visitez de ne pas suivre vos habitudes de navigation, par exemple, pour vous servir de publicit\u00e9 de votre int\u00e9r\u00eat pour les sites que vous visitez.<\/li>\n<\/ul>\n<\/blockquote>\n<h3><strong>Comment d\u00e9sactiver les cookies dans le navigateur.<\/strong><\/h3>\n<p>La plupart des navigateurs permettent actuellement \u00e0 l&rsquo;utilisateur de configurer s&rsquo;il souhaite accepter les cookies et lesquels. Ces param\u00e8tres se trouvent g\u00e9n\u00e9ralement dans le menu \u00ab\u00a0options\u00a0\u00bb ou \u00ab\u00a0Pr\u00e9f\u00e9rences\u00a0\u00bb de votre navigateur.<\/p>\n<p>Nous vous recommandons de consulter l&rsquo;aide de votre navigateur afin de conna\u00eetre les diff\u00e9rentes options de gestion des cookies. Ci-dessous, nous fournissons les liens pour pouvoir g\u00e9rer les cookies dans les navigateurs les plus populaires:<\/p>\n<blockquote>\n<ul>\n<li><a href=\"https:\/\/support.microsoft.com\/fr-fr\/help\/17442\/windows-internet-explorer-delete-manage-cookies\" target=\"_blank\" rel=\"noopener\">Internet Explorer<\/a><\/li>\n<li><a href=\"https:\/\/support.mozilla.org\/fr\/kb\/activer-desactiver-cookies-preferences\" target=\"_blank\" rel=\"noopener\">Firefox<\/a><\/li>\n<li><a href=\"https:\/\/support.apple.com\/fr-fr\/HT201265\" target=\"_blank\" rel=\"noopener\">Safari<\/a><\/li>\n<li><a href=\"https:\/\/support.google.com\/chrome\/answer\/95647?hl=fr\" target=\"_blank\" rel=\"noopener\">Google Chrome<\/a><\/li>\n<\/ul>\n<\/blockquote>\n<div class=\"kad-spacer clearfix\" style=\"height:20px\"><\/div>\n","protected":false},"excerpt":{"rendered":"<p>Que sont les cookies et pourquoi les utilisons-nous sur notre site Web. Un cookie est un fichier qui est t\u00e9l\u00e9charg\u00e9 sur l&rsquo;appareil de l&rsquo;utilisateur lors de l&rsquo;acc\u00e8s \u00e0 certaines pages Web pour stocker et r\u00e9cup\u00e9rer des informations sur la navigation &hellip; <a href=\"https:\/\/marisana.es\/fr\/politique-cookies\/\">Lire la suite<\/a><\/p>\n","protected":false},"author":2,"featured_media":1286,"parent":0,"menu_order":0,"comment_status":"closed","ping_status":"closed","template":"template-pagebuilder.php","meta":{"kt_blocks_editor_width":"","footnotes":""},"class_list":["post-1568","page","type-page","status-publish","has-post-thumbnail","hentry"],"aioseo_notices":[],"_links":{"self":[{"href":"https:\/\/marisana.es\/fr\/wp-json\/wp\/v2\/pages\/1568","targetHints":{"allow":["GET"]}}],"collection":[{"href":"https:\/\/marisana.es\/fr\/wp-json\/wp\/v2\/pages"}],"about":[{"href":"https:\/\/marisana.es\/fr\/wp-json\/wp\/v2\/types\/page"}],"author":[{"embeddable":true,"href":"https:\/\/marisana.es\/fr\/wp-json\/wp\/v2\/users\/2"}],"replies":[{"embeddable":true,"href":"https:\/\/marisana.es\/fr\/wp-json\/wp\/v2\/comments?post=1568"}],"version-history":[{"count":0,"href":"https:\/\/marisana.es\/fr\/wp-json\/wp\/v2\/pages\/1568\/revisions"}],"wp:featuredmedia":[{"embeddable":true,"href":"https:\/\/marisana.es\/fr\/wp-json\/wp\/v2\/media\/1286"}],"wp:attachment":[{"href":"https:\/\/marisana.es\/fr\/wp-json\/wp\/v2\/media?parent=1568"}],"curies":[{"name":"wp","href":"https:\/\/api.w.org\/{rel}","templated":true}]}}