{"id":1565,"date":"2017-11-20T09:40:32","date_gmt":"2017-11-20T08:40:32","guid":{"rendered":"https:\/\/marisana.es\/?page_id=1565"},"modified":"2018-07-10T16:04:57","modified_gmt":"2018-07-10T14:04:57","slug":"politique-confidentialite","status":"publish","type":"page","link":"https:\/\/marisana.es\/fr\/politique-confidentialite\/","title":{"rendered":"Politique de Confidentialit\u00e9"},"content":{"rendered":"<div class=\"kad-spacer clearfix\" style=\"height:20px\"><\/div>\n<h3 style=\"text-align:left;\"><strong>\u00c0 propos de nous.<\/strong><\/h3>\n<p style=\"text-align:left;\">L&rsquo;ASOCIACI\u00d3N CANN\u00c1BICA HAPPY GREEN (ci-apr\u00e8s MARISANA) avec CIF G65782294 si\u00e8ge social en C. Valencia, 597, 08026 Barcelona, \u200b\u200bemail: <a href=\"mailto:info@marisana.org\">info@marisana.org<\/a> et t\u00e9l\u00e9phone: 93-6673010, donn\u00e9es sur ses membres dans tous les cas, en assurant la confidentialit\u00e9 et la confidentialit\u00e9 afin d&rsquo;assurer la meilleure protection possible de leurs droits fondamentaux citoyen de l&rsquo;Union europ\u00e9enne. En ce sens, nous fournissons les informations n\u00e9cessaires conform\u00e9ment aux dispositions du art.\u00ba 13 du r\u00e8glement (UE) 2016\/679 du Parlement europ\u00e9en et du Conseil du 27 Avril 2016 la protection des personnes en Ce qui concerne le traitement des donn\u00e9es personnelles et la libre circulation de ces donn\u00e9es.<\/p>\n<h3 style=\"text-align:left;\"><strong>Quelles sont les donn\u00e9es que nous collectons et pourquoi nous les recueillons.<\/strong><\/h3>\n<p style=\"text-align:left;\">Par cons\u00e9quent, les utilisateurs sont inform\u00e9s que les donn\u00e9es personnelles fournies seront incorpor\u00e9es dans un fichier, d\u00fbment enregistr\u00e9 dans le registre g\u00e9n\u00e9ral de la protection des donn\u00e9es, dont le propri\u00e9taire et responsable est MARISANA, effectuant un traitement d&rsquo;entre eux uniquement et exclusivement dans le but de donner une r\u00e9ponse compl\u00e8te et de r\u00e9pondre aux demandes de renseignements et demandes d&rsquo;informations \u00e0 propos de notre association.<\/p>\n<p style=\"text-align:left;\">En ce qui concerne la demande de renseignements, le demandeur doit avoir MAJORIT\u00c9  L\u00c9GALE et doit n\u00e9cessairement accepter les textes l\u00e9gaux pour pouvoir acc\u00e9der \u00e0 sa demande.<\/p>\n<p style=\"text-align:left;\"> MARISANA conservera vos donn\u00e9es \u00e0 des fins de demande d&rsquo;information pendant la p\u00e9riode de 90 jours.<\/p>\n<p style=\"text-align:left;\">Aux fins de la publicit\u00e9 de services similaires, les donn\u00e9es seront conserv\u00e9es pendant une p\u00e9riode l\u00e9gale maximale n\u00e9cessaire pour d\u00e9fendre les int\u00e9r\u00eats juridiques de l&rsquo;association avant d&rsquo;\u00e9ventuelles actions en justice. Cependant, les donn\u00e9es ne seront bloqu\u00e9es qu&rsquo;aux fins susmentionn\u00e9es dans un d\u00e9lai d&rsquo;un an \u00e0 compter de leur capture.<\/p>\n<h3 style=\"text-align:left;\"><strong>Avec qui nous partageons vos donn\u00e9es.<\/strong><\/h3>\n<p style=\"text-align:left;\">En ce qui concerne les \u00e9ventuels transferts de vos renseignements personnels \u00e0 des collaborateurs de tiers ou des donn\u00e9es d&rsquo;entreprise, MARISANA ne donne pas de donn\u00e9es \u00e0 des collaborateurs ou externes et faire des entreprises telles missions sera toujours limit\u00e9e \u00e0 sa avec le consentement pr\u00e9alable.<\/p>\n<p style=\"text-align:left;\">Les d\u00e9cisions automatis\u00e9es ne sont pas adopt\u00e9es par la personne responsable du fichier ni les profils cr\u00e9\u00e9s avec les donn\u00e9es personnelles fournies par l&rsquo;utilisateur.<\/p>\n<p style=\"text-align: left;\">Le transfert international de donn\u00e9es de l&rsquo;int\u00e9ress\u00e9 n&rsquo;est pas pris en compte par le responsable du fichier.<\/p>\n<h3 style=\"text-align:left;\"><strong>Formulaire de contact.<\/strong><\/h3>\n<p style =\"text-align:left;\">Sauf indication expresse contraire, il est jug\u00e9 n\u00e9cessaire de MAJORIT\u00c9 L\u00c9GALE et de compl\u00e9ter toutes les donn\u00e9es requises dans le formulaire d&rsquo;une mani\u00e8re fid\u00e8le, exacte, compl\u00e8te et \u00e0 jour. Sinon, MARISANA peut, selon le cas, ne pas fournir les informations demand\u00e9es.<\/p>\n<p style =\"text-align:left;\">Par cons\u00e9quent, les donn\u00e9es demand\u00e9es dans le formulaire sont obligatoires. Sans eux, il n&rsquo;est pas possible de r\u00e9pondre \u00e0 la demande.<\/p>\n<h3 style=\"text-align:left;\"><strong>Consentement et exercice des droits.<\/strong><\/h3>\n<p style=\"text-align:left;\">MARISANA obtienne le consentement de le traitement des donn\u00e9es aux fins d\u00e9crites dans le pr\u00e9sent document par, sp\u00e9cifique \u00e0 chaque but, \u00e9clair\u00e9 et libre acceptation sans \u00e9quivoque par la forme du contact Web.<\/p>\n<p style=\"text-align: left;\">La partie int\u00e9ress\u00e9e peut consentir au traitement des donn\u00e9es pour chaque objet de mani\u00e8re ind\u00e9pendante, et retirer son consentement \u00e0 tout moment pour chacune des fins. Le retrait du consentement par l&rsquo;int\u00e9ress\u00e9 d&rsquo;un traitement sp\u00e9cifique n&rsquo;affectera pas la l\u00e9galit\u00e9 du traitement des donn\u00e9es effectu\u00e9es avant cette d\u00e9cision.<\/p>\n<p style=\"text-align:left;\">L&rsquo;int\u00e9ress\u00e9 peut \u00e0 tout moment exercer ses droits de la mani\u00e8re \u00e9tablie dans la r\u00e9glementation sur la protection des donn\u00e9es. Plus pr\u00e9cis\u00e9ment, vous pouvez: <\/ p><\/p>\n<blockquote>\n<ul>\n<li>R\u00e9voquer \u00e0 tout moment l&rsquo;autorisation accord\u00e9e pour le traitement de vos donn\u00e9es.<\/li>\n<li>Exercer les droits d&rsquo;acc\u00e8s, de rectification, d&rsquo;opposition, de suppression, de minimisation et de portabilit\u00e9, ainsi que ne pas \u00eatre soumis \u00e0 des d\u00e9cisions automatis\u00e9es.<\/li>\n<\/ul>\n<\/blockquote>\n<p style=\"text-align:left;\">Pour exercer leurs droits doit \u00eatre adress\u00e9e par \u00e9crit \u00e0 MARISANA C. Valencia, 597, 08026 Barcelone, ou par courriel: <a href=\"mailto:info@marisana.org\">info@marisana.org<\/a>, en indiquant dans le sujet de l&#8217;email \u00ab\u00a0D\u00c9SINSCRIPTION\u00a0\u00bb.<\/p>\n<p style=\"text-align:left;\">De plus, le demandeur peut, si on le souhaite, et de sauvegarder leurs droits, veuillez communiquer avec l&rsquo;Agence espagnole de protection des donn\u00e9es (AEPD), r\u00e9sidant \u00e0 28001 Madrid, Jorge C. Juan n\u00ba 6.<\/p>\n<h3 style =\"text-align:left;\"><strong>Comment nous prot\u00e9geons vos donn\u00e9es.<\/strong><\/h3>\n<p style=\"text-align:left;\">MARISANA a adopt\u00e9 les mesures techniques et organisationnelles n\u00e9cessaires pour assurer la s\u00e9curit\u00e9 des donn\u00e9es et \u00e9viter la falsification, la perte ou l&rsquo;acc\u00e8s non autoris\u00e9, compte tenu de l&rsquo;\u00e9tat de la technologie, la nature des donn\u00e9es stock\u00e9es et les risques auxquels elles sont expos\u00e9es, qu&rsquo;elles proviennent de l&rsquo;action humaine ou de l&rsquo;environnement physique ou naturel. Des mesures techniques et organisationnelles ont \u00e9t\u00e9 adopt\u00e9es pour atteindre les objectifs de s\u00e9curit\u00e9 de base, tels que: la confidentialit\u00e9, entendue comme la limitation de l&rsquo;acc\u00e8s \u00e0 l&rsquo;information par des personnes non autoris\u00e9es; l&rsquo;int\u00e9grit\u00e9, entendue comme le maintien d&rsquo;informations fiables et de qualit\u00e9, et la disponibilit\u00e9, entendue comme la garantie d&rsquo;acc\u00e8s au syst\u00e8me d&rsquo;information \u00e0 la demande d&rsquo;un utilisateur autoris\u00e9.<\/p>\n<h3 style=\"text-align:left;\"><strong>Communications commerciales.<\/strong><\/h3>\n<p style=\"text-align:left;\">MARISANA pas envoyer de la publicit\u00e9 ou par e-mail promotionnel ou tout autre moyen de communication \u00e9lectronique qui n&rsquo;ont pas \u00e9t\u00e9 pr\u00e9c\u00e9demment demand\u00e9s ou express\u00e9ment autoris\u00e9s par les destinataires de celle-ci.<\/p>\n<p style=\"text-align:left;\"> Dans le cas d&rsquo;utilisateurs associ\u00e9s \u00e0 notre organisation, MARISANA, il est autoris\u00e9 \u00e0 envoyer des communications faisant r\u00e9f\u00e9rence \u00e0 notre association. Dans tous les cas, l&rsquo;utilisateur peut demander qu&rsquo;aucune information suppl\u00e9mentaire ne lui soit envoy\u00e9e par les canaux d&rsquo;attention \u00e0 l&rsquo;associ\u00e9, apr\u00e8s avoir prouv\u00e9 son identit\u00e9.<\/p>\n<h3 style=\"text-align:left;\"><strong>Contenu int\u00e9gr\u00e9 provenant d&rsquo;autres sites Web.<\/strong><\/h3>\n<p>Le site Web MARISANA contient des liens vers d&rsquo;autres pages Web susceptibles d&rsquo;int\u00e9resser les utilisateurs. MARISANA d\u00e9cline toute responsabilit\u00e9 pour ces liens, sans \u00eatre en mesure de donner toute garantie de conformit\u00e9 avec les politiques de confidentialit\u00e9 appropri\u00e9es, de sorte que l&rsquo;utilisateur acc\u00e8de au contenu Web les pages ci-dessus sur les conditions d&rsquo;utilisation qui sont fix\u00e9s en eux et sous votre seule responsabilit\u00e9.<br \/>\n<div class=\"kad-spacer clearfix\" style=\"height:20px\"><\/div>\n","protected":false},"excerpt":{"rendered":"<p>\u00c0 propos de nous. L&rsquo;ASOCIACI\u00d3N CANN\u00c1BICA HAPPY GREEN (ci-apr\u00e8s MARISANA) avec CIF G65782294 si\u00e8ge social en C. Valencia, 597, 08026 Barcelona, \u200b\u200bemail: info@marisana.org et t\u00e9l\u00e9phone: 93-6673010, donn\u00e9es sur ses membres dans tous les cas, en assurant la confidentialit\u00e9 et la &hellip; <a href=\"https:\/\/marisana.es\/fr\/politique-confidentialite\/\">Lire la suite<\/a><\/p>\n","protected":false},"author":2,"featured_media":1567,"parent":0,"menu_order":0,"comment_status":"closed","ping_status":"closed","template":"template-pagebuilder.php","meta":{"kt_blocks_editor_width":"","footnotes":""},"class_list":["post-1565","page","type-page","status-publish","has-post-thumbnail","hentry"],"aioseo_notices":[],"_links":{"self":[{"href":"https:\/\/marisana.es\/fr\/wp-json\/wp\/v2\/pages\/1565","targetHints":{"allow":["GET"]}}],"collection":[{"href":"https:\/\/marisana.es\/fr\/wp-json\/wp\/v2\/pages"}],"about":[{"href":"https:\/\/marisana.es\/fr\/wp-json\/wp\/v2\/types\/page"}],"author":[{"embeddable":true,"href":"https:\/\/marisana.es\/fr\/wp-json\/wp\/v2\/users\/2"}],"replies":[{"embeddable":true,"href":"https:\/\/marisana.es\/fr\/wp-json\/wp\/v2\/comments?post=1565"}],"version-history":[{"count":0,"href":"https:\/\/marisana.es\/fr\/wp-json\/wp\/v2\/pages\/1565\/revisions"}],"wp:featuredmedia":[{"embeddable":true,"href":"https:\/\/marisana.es\/fr\/wp-json\/wp\/v2\/media\/1567"}],"wp:attachment":[{"href":"https:\/\/marisana.es\/fr\/wp-json\/wp\/v2\/media?parent=1565"}],"curies":[{"name":"wp","href":"https:\/\/api.w.org\/{rel}","templated":true}]}}