{"id":1494,"date":"2017-11-13T13:41:11","date_gmt":"2017-11-13T12:41:11","guid":{"rendered":"https:\/\/marisana.es\/?page_id=1494"},"modified":"2025-12-20T13:37:44","modified_gmt":"2025-12-20T12:37:44","slug":"startseite","status":"publish","type":"page","link":"https:\/\/marisana.es\/de\/","title":{"rendered":"Startseite"},"content":{"rendered":"<div id=\"pl-1494\"  class=\"panel-layout\" ><div id=\"pg-1494-0\"  class=\"panel-grid panel-no-style\" ><div id=\"pgc-1494-0-0\"  class=\"panel-grid-cell\" ><div id=\"panel-1494-0-0-0\" class=\"so-panel widget widget_sow-editor panel-first-child panel-last-child\" data-index=\"0\" ><div\n\t\t\t\n\t\t\tclass=\"so-widget-sow-editor so-widget-sow-editor-base\"\n\t\t\t\n\t\t>\n<div class=\"siteorigin-widget-tinymce textwidget\">\n\t<p><div class=\"kad-spacer clearfix\" style=\"height:20px\"><\/div><br \/>\n<img loading=\"lazy\" decoding=\"async\" class=\"aligncenter size-full wp-image-542\" src=\"https:\/\/marisana.es\/wp-content\/uploads\/2017\/04\/logo-1.png\" alt=\"\" width=\"197\" height=\"45\" data-id=\"542\" \/><\/p>\n<h5 style=\"text-align: center;\">Ist eine Vereinigung ohne Erwerbszweck und hat zum Hauptziel die Reduktion der mit dem Schwarzmarkt verbundenen sozio-gesundheitlichen Risiken  durch die Produktion von verschiedenen Sorten hochwertigem, schadstofffreiem Cannabis und die exklusive Verteilung unter den Personen, die zum Verein geh\u00f6ren.<\/h5>\n<h5 style=\"text-align: center;\">Ohne jegliche Ermunterung zum Konsum und <strong>unter strenger Beachtung der gegenw\u00e4rtigen Gesetzgebung<\/strong> nimmt unser Verein an der gesellschaftlichen Debatte \u00fcber die Regularisierung des Konsums sowie den Anbau und die Verteilung von Cannabis teil, und unterst\u00fctzt somit die Politik der Risikominderung und die F\u00f6rderung eines verantwortungsbewussten Konsums.<\/h5>\n<\/div>\n<\/div><\/div><\/div><\/div><div id=\"pg-1494-1\"  class=\"panel-grid panel-has-style\" ><div class=\"siteorigin-panels-stretch kt-panel-row-parallax-stellar kt-panel-row-stretch panel-widget-style panel-row-style panel-row-style-for-1494-1\" style=\"background-image: url(https:\/\/marisana.es\/wp-content\/uploads\/2017\/04\/fondo-3-2.jpg);background-position: center top;visibility: hidden;\" data-stretch-type=\"full\" data-stellar-background-ratio=\"0.5\" ><div id=\"pgc-1494-1-0\"  class=\"panel-grid-cell\" >                <div id=\"panel-1494-1-0-0\" class=\"so-panel widget widget_pinnacle_imgmenu_widget pinnacle_imgmenu_widget panel-first-child panel-last-child\" data-index=\"1\" >\n                                <div class=\"kad-animation\" data-animation=\"fade-in\" data-delay=\"150\">\n                    <a href=\"https:\/\/marisana.es\/de\/wir-uber-uns\/\"  class=\"homepromolink\">                        <div class=\"infobanner\" style=\"background: url(https:\/\/marisana.es\/wp-content\/uploads\/2021\/06\/home-menu-01.jpg) center center no-repeat; height:300px; background-size:cover;\">\n                            <div class=\"home-message\" style=\"height:300px;\">\n                                <h4>wir \u00fcber uns<\/h4>                                <h5>Gallerie \u2013 Besuchen Sie unseren Club<\/h5>                            <\/div>\n                        <\/div>\n                    <\/a>                <\/div>\n                \n                <\/div>\n    <\/div><div id=\"pgc-1494-1-1\"  class=\"panel-grid-cell\" >                <div id=\"panel-1494-1-1-0\" class=\"so-panel widget widget_pinnacle_imgmenu_widget pinnacle_imgmenu_widget panel-first-child panel-last-child\" data-index=\"2\" >\n                                <div class=\"kad-animation\" data-animation=\"fade-in\" data-delay=\"150\">\n                    <a href=\"https:\/\/marisana.es\/de\/partner-standards\/\"  class=\"homepromolink\">                        <div class=\"infobanner\" style=\"background: url(https:\/\/marisana.es\/wp-content\/uploads\/2017\/04\/home-menu-2-1.jpg) center center no-repeat; height:300px; background-size:cover;\">\n                            <div class=\"home-message\" style=\"height:300px;\">\n                                <h4>Wie Sie Mitglied werden k\u00f6nnen<\/h4>                                <h5>Allgemeine Richtlinien unserer Vereinigung<\/h5>                            <\/div>\n                        <\/div>\n                    <\/a>                <\/div>\n                \n                <\/div>\n    <\/div><\/div><\/div><div id=\"pg-1494-2\"  class=\"panel-grid panel-no-style\" ><div id=\"pgc-1494-2-0\"  class=\"panel-grid-cell\" ><div id=\"panel-1494-2-0-0\" class=\"so-panel widget widget_sow-editor panel-first-child panel-last-child\" data-index=\"3\" ><div\n\t\t\t\n\t\t\tclass=\"so-widget-sow-editor so-widget-sow-editor-base\"\n\t\t\t\n\t\t>\n<div class=\"siteorigin-widget-tinymce textwidget\">\n\t<div class=\"kad-spacer clearfix\" style=\"height:20px\"><\/div>\n<h3 class=\"hometitle\">Bei <strong>Marisana<\/strong> finden Sie<\/h3>\n<div class=\"home-margin home-padding kt-home-icon-menu\">\n        <div class=\"rowtight homepromo kt-home-iconmenu-container\" data-equal-height=\"1\">\n                            <div class=\"tcol-lg-4 tcol-md-4 tcol-sm-4 tcol-xs-6 tcol-ss-12 home-iconmenu kad-animation homeitemcount1\" data-animation=\"fade-in\" data-delay=\"150\">\n\n                            <a href=\"https:\/\/marisana.es\/de\/monatskalender\/\" target=\"_self\"  title=\"Zahlreiche Aktivit\u00e4ten und Unterhaltung\" class=\"home-icon-item\">\n                        <i class=\"kt-icon-users\"><\/i><h4>Zahlreiche Aktivit\u00e4ten und Unterhaltung<\/h4><p>Jeden Monat organisieren wir Freizeit- sowie Informationsveranstaltungen f\u00fcr alle unsere Vereinsmitglieder, wie Filmprogramme, Fu\u00dfballspiele, Sitzungen \u00fcber die therapeutische Verwendung von Cannabis usw.<\/p><\/a>                    <\/div>\n                                         <div class=\"tcol-lg-4 tcol-md-4 tcol-sm-4 tcol-xs-6 tcol-ss-12 home-iconmenu kad-animation homeitemcount2\" data-animation=\"fade-in\" data-delay=\"300\">\n\n                            <a href=\"https:\/\/marisana.es\/de\/#\/\" target=\"_self\"  title=\"Vielfalt und Zertifizierte Qualit\u00e4t\" class=\"home-icon-item\">\n                        <i class=\"kt-icon-thumbs-up\"><\/i><h4>Vielfalt und Zertifizierte Qualit\u00e4t<\/h4><p>Unsere Vereinsmitglieder k\u00f6nnen sich darauf verlassen, dass unser Cannabis allerlei Qualit\u00e4tsbestimmungen erf\u00fcllt, da es von Spezialisten vom Labor f\u00fcr Cannabis-Reinheit getestet wird, die sich f\u00fcrsorglich f\u00fcr unsere Gesundheit engagieren.<\/p><\/a>                    <\/div>\n                                      <div class=\"tcol-lg-4 tcol-md-4 tcol-sm-4 tcol-xs-6 tcol-ss-12 home-iconmenu kad-animation homeitemcount3\" data-animation=\"fade-in\" data-delay=\"450\">\n\n                            <a href=\"https:\/\/marisana.es\/de\/wir-uber-uns\/\" target=\"_self\"  title=\"Entspannte und gem\u00fctliche Atmosph\u00e4re\" class=\"home-icon-item\">\n                        <i class=\"kt-icon-cup2\"><\/i><h4>Entspannte und gem\u00fctliche Atmosph\u00e4re<\/h4><p>Unser ger\u00e4umiges und komfortables Lokal besteht aus verschiedenen R\u00e4umlichkeiten, welches f\u00fcr das Wohlergehen unserer Vereinsmitglieder ausgestatteten ist: Tischfu\u00dfball, Billard, Bar mit Snacks und Erfrischungen und, die Hauptsache,  kompetente Mitarbeiter, die jederzeit f\u00fcr Sie da sind.<\/p><\/a>                    <\/div>\n                          <\/div> <!--homepromo --><\/div><\/div>\n<\/div><\/div><\/div><\/div><div id=\"pg-1494-3\"  class=\"panel-grid panel-has-style\" ><div class=\"siteorigin-panels-stretch kt-panel-row-parallax-stellar kt-panel-row-stretch panel-widget-style panel-row-style panel-row-style-for-1494-3\" style=\"background-image: url(https:\/\/marisana.es\/wp-content\/uploads\/2017\/04\/fondo-3-2.jpg);background-position: center top;visibility: hidden;\" data-stretch-type=\"full\" data-stellar-background-ratio=\"0.5\" ><div id=\"pgc-1494-3-0\"  class=\"panel-grid-cell\" >\n\n          <div id=\"panel-1494-3-0-0\" class=\"so-panel widget widget_pinnacle_calltoaction_widget pinnacle_calltoaction_widget panel-first-child panel-last-child\" data-index=\"4\" ><div class=\"kt-pb-animation kt-pb-fadeInLeft kt-pb-duration-900 kt-pb-delay-0 panel-widget-style panel-widget-style-for-1494-3-0-0\" ><h2 style=\"color:#ffffff; font-size:40px;  text-align:center;\">M\u00f6chten Sie mehr \u00fcber unseren Verein wissen?<\/h2><h5 style=\"color:#ffffff; font-size:20px;  text-align:center;\">Wenn Sie vollj\u00e4hrig sind und bestimmte Voraussetzungen erf\u00fcllen, k\u00f6nnen Sie m\u00f6glicherweise Mitglied werden<\/h5><div style=\"text-align:center\"><a href=\"https:\/\/marisana.es\/de\/partner-standards\/\" id=\"kadbtn32\" target=\"_self\" class=\"kad-btn btn-shortcode kad-btn-primary   lg-kad-btn headerfont\" style=\" border: 0 solid; border-color:#000;  color:#ffffff;\" onMouseOver=\"\" onMouseOut=\"\">+ INFORMATION <\/a><\/div><\/div><\/div>\n    <\/div><\/div><\/div><\/div>","protected":false},"excerpt":{"rendered":"<p>Ist eine Vereinigung ohne Erwerbszweck und hat zum Hauptziel die Reduktion der mit dem Schwarzmarkt verbundenen sozio-gesundheitlichen Risiken durch die Produktion von verschiedenen Sorten hochwertigem, schadstofffreiem Cannabis und die exklusive Verteilung unter den Personen, die zum Verein geh\u00f6ren. Ohne jegliche &hellip; <a href=\"https:\/\/marisana.es\/de\/\">Weiterlesen<\/a><\/p>\n","protected":false},"author":2,"featured_media":1355,"parent":0,"menu_order":0,"comment_status":"closed","ping_status":"closed","template":"template-pagebuilder.php","meta":{"kt_blocks_editor_width":"","footnotes":""},"class_list":["post-1494","page","type-page","status-publish","has-post-thumbnail","hentry"],"aioseo_notices":[],"_links":{"self":[{"href":"https:\/\/marisana.es\/de\/wp-json\/wp\/v2\/pages\/1494","targetHints":{"allow":["GET"]}}],"collection":[{"href":"https:\/\/marisana.es\/de\/wp-json\/wp\/v2\/pages"}],"about":[{"href":"https:\/\/marisana.es\/de\/wp-json\/wp\/v2\/types\/page"}],"author":[{"embeddable":true,"href":"https:\/\/marisana.es\/de\/wp-json\/wp\/v2\/users\/2"}],"replies":[{"embeddable":true,"href":"https:\/\/marisana.es\/de\/wp-json\/wp\/v2\/comments?post=1494"}],"version-history":[{"count":1,"href":"https:\/\/marisana.es\/de\/wp-json\/wp\/v2\/pages\/1494\/revisions"}],"predecessor-version":[{"id":4628,"href":"https:\/\/marisana.es\/de\/wp-json\/wp\/v2\/pages\/1494\/revisions\/4628"}],"wp:featuredmedia":[{"embeddable":true,"href":"https:\/\/marisana.es\/de\/wp-json\/wp\/v2\/media\/1355"}],"wp:attachment":[{"href":"https:\/\/marisana.es\/de\/wp-json\/wp\/v2\/media?parent=1494"}],"curies":[{"name":"wp","href":"https:\/\/api.w.org\/{rel}","templated":true}]}}