{"id":1476,"date":"2017-11-13T11:21:18","date_gmt":"2017-11-13T10:21:18","guid":{"rendered":"https:\/\/marisana.es\/?page_id=1476"},"modified":"2023-01-02T15:23:59","modified_gmt":"2023-01-02T14:23:59","slug":"mitglied-werden-normen","status":"publish","type":"page","link":"https:\/\/marisana.es\/de\/mitglied-werden-normen\/","title":{"rendered":"Mitglied werden &#038; Normen"},"content":{"rendered":"<div id=\"pl-1476\"  class=\"panel-layout\" ><div id=\"pg-1476-0\"  class=\"panel-grid panel-no-style\" ><div id=\"pgc-1476-0-0\"  class=\"panel-grid-cell\" ><div id=\"panel-1476-0-0-0\" class=\"so-panel widget widget_sow-editor panel-first-child\" data-index=\"0\" ><div\n\t\t\t\n\t\t\tclass=\"so-widget-sow-editor so-widget-sow-editor-base\"\n\t\t\t\n\t\t>\n<div class=\"siteorigin-widget-tinymce textwidget\">\n\t<div class=\"kad-spacer clearfix\" style=\"height:20px\"><\/div>\n<\/div>\n<\/div><\/div><div id=\"panel-1476-0-0-1\" class=\"so-panel widget widget_sow-editor panel-last-child\" data-index=\"1\" ><div\n\t\t\t\n\t\t\tclass=\"so-widget-sow-editor so-widget-sow-editor-base\"\n\t\t\t\n\t\t><h3 class=\"widget-title\">Wie kann ich Mitglieg werden?<\/h3>\n<div class=\"siteorigin-widget-tinymce textwidget\">\n\t<h5 style=\"text-align: left;\">Jede Person \u00fcber 18 Jahre kann sich als neues Mitglied bei <strong>Marisana<\/strong> anmelden wenn folgende Mitgliedschaftsbedingungen erf\u00fcllt werden:<\/h5>\n<ul>\n<li style=\"text-align: left;\">\n<h5>Sie kommen in begleitung eines Marisana-mitglieds, welches sich f\u00fcr sie verb\u00fcrgt und sie berechtigt, neues mitglied zu werden.<\/h5>\n<\/li>\n<li style=\"text-align: left;\">\n<h5>Sie sind Konsument von Cannabis f\u00fcr Ihren eigenen Genu\u00df und\/oder wegen therapeutischer Zwecke.<\/h5>\n<\/li>\n<li style=\"text-align: left;\">\n<h5>Sie besitzen ein pers\u00f6nliches Ausweisdokument.<\/h5>\n<\/li>\n<li style=\"text-align: left;\">\n<h5>Sie akzeptieren die Satzung und die Betriebsregeln des Vereins.<\/h5>\n<\/li>\n<li style=\"text-align: left;\">\n<h5>Sie entrichten die j\u00e4hrliche Mitgliedschaftsgeb\u00fchr von 5 Euro.<\/h5>\n<\/li>\n<\/ul>\n<h5 style=\"text-align: left;\">Cannabis-Verbraucher, die an einer Krankheit leiden, f\u00fcr die die wohltuende Wirkung von Cannabisprodukten von der <a href=\"https:\/\/www.cannabis-med.org\/?lng=de\" target=\"_blank\" rel=\"noopener\"><strong>IACM<\/strong><\/a> anerkannt sind, m\u00fcssen ein \u00e4rztliches Attest vorlegen.<\/h5>\n<h5 style=\"text-align: left;\">Diese Mitglieder sind von der j\u00e4hrlichen Mitgliedschaftsgeb\u00fchr befreit.<\/h5>\n<\/div>\n<\/div><\/div><\/div><\/div><div id=\"pg-1476-1\"  class=\"panel-grid panel-no-style\" ><div id=\"pgc-1476-1-0\"  class=\"panel-grid-cell\" ><div id=\"panel-1476-1-0-0\" class=\"so-panel widget widget_sow-editor panel-first-child panel-last-child\" data-index=\"2\" ><div\n\t\t\t\n\t\t\tclass=\"so-widget-sow-editor so-widget-sow-editor-base\"\n\t\t\t\n\t\t><h3 class=\"widget-title\">Grundregeln<\/h3>\n<div class=\"siteorigin-widget-tinymce textwidget\">\n\t<h5>Der Zugang zum Club ist ausschlie\u00dflich f\u00fcr Vereinsmitglieder bestimmt, die au\u00dfer ihrer Mitgliedskarte einen g\u00fcltigen Ausweis vorlegen m\u00fcssen, damit sie den Club betreten d\u00fcrfen. Bei Verlust der Mitgliedskarte ist der Betrag von 5 Euro f\u00fcr die Ausstellung einer neuen Kopie erforderlich.<\/h5>\n<h5>Es ist verboten, den Club mit st\u00e4dtischen Fahrzeugen wie Fahrr\u00e4dern, Skateboards usw. zu betreten und Fotos innerhalb des Gel\u00e4ndes zu knipsen.<\/h5>\n<h5>Folgende schwere <strong>Vergehen werden mit der Aufl\u00f6sung der Mitgliedschaft und der Ausscheidung<\/strong> des Mitglieds aus dem Club bestraft:<\/h5>\n<ul>\n<li>\n<h5>\u00dcbergabe der Mitgliedskarte an andere Personen.<\/h5>\n<\/li>\n<li>\n<h5>Angabe von falschen Daten bei der Anmeldung.<\/h5>\n<\/li>\n<li>\n<h5>Die Existenz eines eingeleiteten Strafverfahrens wegen Drogenhandels.<\/h5>\n<\/li>\n<li>\n<h5>Die Nichteinhaltung der Sicherheits- und Pr\u00e4ventionsma\u00dfnahmen, die der Verein vorsieht um Cannabis dritten Personen unzug\u00e4nglich zu machen oder dessen Verbrauch in \u00f6ffentlichen Orten zu verhindern.<\/h5>\n<\/li>\n<li>\n<h5>Die Verschweigung von Sanktionen oder Rechtsverfahren im Zusammenhang mit Besitz, Konsum oder Drogenhandel.<\/h5>\n<\/li>\n<\/ul>\n<\/div>\n<\/div><\/div><\/div><\/div><div id=\"pg-1476-2\"  class=\"panel-grid panel-no-style\" ><div id=\"pgc-1476-2-0\"  class=\"panel-grid-cell\" ><div id=\"panel-1476-2-0-0\" class=\"so-panel widget widget_sow-editor panel-first-child panel-last-child\" data-index=\"3\" ><div\n\t\t\t\n\t\t\tclass=\"so-widget-sow-editor so-widget-sow-editor-base\"\n\t\t\t\n\t\t>\n<div class=\"siteorigin-widget-tinymce textwidget\">\n\t<div class=\"kt-home-call-to-action panel-row-style-wide-parallax\">\n\t<div class=\"container\">\n\t\t<div class=\"kt-cta\">\n\t\t\t<div class=\"col-md-10 kad-call-title-case\">\n\t\t\t<h2 class=\"kad-call-title\"><strong>F\u00fcr weitere Information<\/strong><\/h2>\n                        <h2 class=\"kad-call-title\"><strong>\u00fcber allgemeine Bestimmungen<\/strong><\/h2>\n                        <h2 class=\"kad-call-title\"><strong>unseres Vereins<\/strong><\/h2>\t\t\t<\/div>\n\t\t\t<div class=\"col-md-2 kad-call-button-case\">\n                        <a href=\"https:\/\/marisana.es\/pdf\/warnung-mitglieder-de.pdf\" target=\"_blank\" class=\"kad-btn-primary kad-btn lg-kad-btn\" rel=\"noopener\"><h3><span style=\"color: #ffffff;\">Normen<\/span><\/h3><\/a>\n                        <\/div>\n\t\t<\/div>\n\t<\/div><!--container-->\n<\/div><!--call class-->\t\t\t\t<\/div>\n<\/div><\/div><\/div><\/div><\/div>","protected":false},"excerpt":{"rendered":"<p>Jede Person \u00fcber 18 Jahre kann sich als neues Mitglied bei Marisana anmelden wenn folgende Mitgliedschaftsbedingungen erf\u00fcllt werden: Sie kommen in begleitung eines Marisana-mitglieds, welches sich f\u00fcr sie verb\u00fcrgt und sie berechtigt, neues mitglied zu werden. Sie sind Konsument von &hellip; <a href=\"https:\/\/marisana.es\/de\/mitglied-werden-normen\/\">Weiterlesen<\/a><\/p>\n","protected":false},"author":2,"featured_media":1321,"parent":0,"menu_order":0,"comment_status":"closed","ping_status":"closed","template":"template-pagebuilder.php","meta":{"kt_blocks_editor_width":"","footnotes":""},"class_list":["post-1476","page","type-page","status-publish","has-post-thumbnail","hentry"],"aioseo_notices":[],"_links":{"self":[{"href":"https:\/\/marisana.es\/de\/wp-json\/wp\/v2\/pages\/1476","targetHints":{"allow":["GET"]}}],"collection":[{"href":"https:\/\/marisana.es\/de\/wp-json\/wp\/v2\/pages"}],"about":[{"href":"https:\/\/marisana.es\/de\/wp-json\/wp\/v2\/types\/page"}],"author":[{"embeddable":true,"href":"https:\/\/marisana.es\/de\/wp-json\/wp\/v2\/users\/2"}],"replies":[{"embeddable":true,"href":"https:\/\/marisana.es\/de\/wp-json\/wp\/v2\/comments?post=1476"}],"version-history":[{"count":0,"href":"https:\/\/marisana.es\/de\/wp-json\/wp\/v2\/pages\/1476\/revisions"}],"wp:featuredmedia":[{"embeddable":true,"href":"https:\/\/marisana.es\/de\/wp-json\/wp\/v2\/media\/1321"}],"wp:attachment":[{"href":"https:\/\/marisana.es\/de\/wp-json\/wp\/v2\/media?parent=1476"}],"curies":[{"name":"wp","href":"https:\/\/api.w.org\/{rel}","templated":true}]}}