{"id":1469,"date":"2017-11-13T09:36:04","date_gmt":"2017-11-13T08:36:04","guid":{"rendered":"https:\/\/marisana.es\/?page_id=1469"},"modified":"2018-07-10T13:23:28","modified_gmt":"2018-07-10T11:23:28","slug":"kontakt","status":"publish","type":"page","link":"https:\/\/marisana.es\/de\/kontakt\/","title":{"rendered":"Kontakt"},"content":{"rendered":"<div id=\"pl-1469\"  class=\"panel-layout\" ><div id=\"pg-1469-0\"  class=\"panel-grid panel-no-style\" ><div id=\"pgc-1469-0-0\"  class=\"panel-grid-cell\" ><div id=\"panel-1469-0-0-0\" class=\"so-panel widget widget_sow-editor panel-first-child panel-last-child\" data-index=\"0\" ><div class=\"panel-widget-style panel-widget-style-for-1469-0-0-0\" ><div\n\t\t\t\n\t\t\tclass=\"so-widget-sow-editor so-widget-sow-editor-base\"\n\t\t\t\n\t\t>\n<div class=\"siteorigin-widget-tinymce textwidget\">\n\t<h3 class=\"hometitle\">Kontakt<\/h3>\n<h5 style=\"text-align: center;\">Marisana ist ein Ort der Begegnung, der Sozialisation und des Austausches von Wissen und Erfahrungen unter Vereinsmitgliedern, die vollj\u00e4hrig sind und Cannabis in ihrer Freizeit oder aus therapeutischen Gr\u00fcnden konsumieren.<\/h5>\n<p style=\"text-align: center;\">\t\t\t<i class=\"kt-icon-phone4 \" style=\"font-size:32px; display=inline-block; color:#98bf13; \t\t\t\"><\/i>\n\t<\/p>\n<h5 style=\"text-align: center;\">+34 93 667 30 10<\/h5>\n<p style=\"text-align: center;\">\t\t\t<i class=\"kt-icon-mail4 \" style=\"font-size:32px; display=inline-block; color:#98bf13; \t\t\t\"><\/i>\n\t<\/p>\n<h5 style=\"text-align: center;\"><a href=\"mailto:info@marisana.org\">info@marisana.org<\/a><\/h5>\n<p style=\"text-align: center;\">\t\t\t<i class=\"kt-icon-home \" style=\"font-size:32px; display=inline-block; color:#98bf13; \t\t\t\"><\/i>\n\t<\/p>\n<h5 style=\"text-align: center;\">597 Valencia Stra\u00dfe<\/h5>\n<h5 style=\"text-align: center;\">08026 Barcelona (Spanien)<\/h5>\n<\/div>\n<\/div><\/div><\/div><\/div><\/div><\/div>","protected":false},"excerpt":{"rendered":"<p>Kontakt Marisana ist ein Ort der Begegnung, der Sozialisation und des Austausches von Wissen und Erfahrungen unter Vereinsmitgliedern, die vollj\u00e4hrig sind und Cannabis in ihrer Freizeit oder aus therapeutischen Gr\u00fcnden konsumieren. +34 93 667 30 10 info@marisana.org 597 Valencia Stra\u00dfe &hellip; <a href=\"https:\/\/marisana.es\/de\/kontakt\/\">Weiterlesen<\/a><\/p>\n","protected":false},"author":2,"featured_media":0,"parent":0,"menu_order":0,"comment_status":"closed","ping_status":"closed","template":"template-contact.php","meta":{"kt_blocks_editor_width":"","footnotes":""},"class_list":["post-1469","page","type-page","status-publish","hentry"],"aioseo_notices":[],"_links":{"self":[{"href":"https:\/\/marisana.es\/de\/wp-json\/wp\/v2\/pages\/1469","targetHints":{"allow":["GET"]}}],"collection":[{"href":"https:\/\/marisana.es\/de\/wp-json\/wp\/v2\/pages"}],"about":[{"href":"https:\/\/marisana.es\/de\/wp-json\/wp\/v2\/types\/page"}],"author":[{"embeddable":true,"href":"https:\/\/marisana.es\/de\/wp-json\/wp\/v2\/users\/2"}],"replies":[{"embeddable":true,"href":"https:\/\/marisana.es\/de\/wp-json\/wp\/v2\/comments?post=1469"}],"version-history":[{"count":0,"href":"https:\/\/marisana.es\/de\/wp-json\/wp\/v2\/pages\/1469\/revisions"}],"wp:attachment":[{"href":"https:\/\/marisana.es\/de\/wp-json\/wp\/v2\/media?parent=1469"}],"curies":[{"name":"wp","href":"https:\/\/api.w.org\/{rel}","templated":true}]}}