{"id":1462,"date":"2017-11-12T19:29:12","date_gmt":"2017-11-12T18:29:12","guid":{"rendered":"https:\/\/marisana.es\/?page_id=1462"},"modified":"2018-07-20T13:33:37","modified_gmt":"2018-07-20T11:33:37","slug":"datenschutzrichtlinie","status":"publish","type":"page","link":"https:\/\/marisana.es\/de\/datenschutzrichtlinie\/","title":{"rendered":"Datenschutzrichtlinie"},"content":{"rendered":"<div class=\"kad-spacer clearfix\" style=\"height:20px\"><\/div>\n<h3 style=\"text-align:left;\"><strong>Wir \u00fcber uns.<\/strong><\/h3>\n<p style=\"text-align: left;\">Der Verein &#8222;ASOCIACI\u00d3N CANN\u00c1BICA HAPPY GREEN&#8220; (von nun an MARISANA), mit CIF (spanische  steuerliche Identifikationsnummer) G65782294, mit Sitz in der Stra\u00dfe C. Val\u00e8ncia, 597, 08026 in Barcelona, E-Mail: <a href=\"mailto:info@marisana.org\">info@marisana.org<\/a> und Telefon: 93-6673010, behandelt die Daten seiner Mitglieder unter Beachtung der Privatsph\u00e4re und der Vertraulichkeit, um ihre Grundrechte als B\u00fcrger der Europ\u00e4ischen Union bestm\u00f6glich zu sch\u00fctzen. In diesem Sinne bieten wir ihnen die notwendige Information bez\u00fcglich der Bestimmungen des Artikels 13 der Verordnung (EU) 2016\/679 des Europ\u00e4ischen Parlaments und des Rates vom 27. April 2016 \u00fcber den Schutz physischer Personen und die Behandlung pers\u00f6nlicher Daten, und den freien Umlauf dieser Daten.<\/p>\n<h3 style =\"text-align:left;\"><strong>Welche Daten speichern wir und warum speichern wir sie?<\/strong><\/h3>\n<p style=\"text-align: left;\">In diesem Sinne werden die Benutzer dar\u00fcber informiert, da\u00df eine Datei personenbezogener Daten angelegt wird, welche ordnungsgem\u00e4\u00df im Allgemeinen Register der Datenschutz registriert ist.<\/p>\n<p style=\"text-align: left;\">MARISANA ist f\u00fcr diese Daten verantwortlich und benutzt sie ausschlie\u00dflich mit dem Zweck, Anfragen und Auskunftsersuchen \u00fcber unseren Verein rechtm\u00e4\u00dfige Folge zu leisten.<\/p>\n<p style =\"text-align:left;\">In Bezug auf das Auskunftsersuchen muss der Antragsteller VOLLJ\u00c4HRIG sein und die gesetzlichen Bestimmungen unbedingt akzeptieren, damit seine Anfrage ber\u00fccksichtigt werden darf.<\/p>\n<p style=\"text-align:left;\">MARISANA wird die Daten zum Zweck der Informationsanfrage w\u00e4hrend 90 Tage aufbewahren.<\/p>\n<p style=\"text-align:left;\">F\u00fcr Werbzwecke von \u00e4hnlichen Dienstleistungen werden die Daten f\u00fcr eine maximale rechtliche Dauer aufbewahrt, die notwendig ist, um rechtliche Ma\u00dfnahmen des Verbandes, wenn erforderlich, zu treffen. Die Daten werden jedoch nur f\u00fcr oben genannte Zwecke h\u00f6chstens ein Jahr nach ihrer Erhebung festgehalten.<\/p>\n<h3 style=\"text-align:left;\"> <strong>Mit wem teilen wir Ihre Daten?<\/strong><\/h3>\n<p style=\"text-align:left;\">MARISANA sch\u00fctzt die Daten vor m\u00f6glicher Weiterleitung derselben an Dritte oder andere Unternehmen. W\u00e4re dies notwending, so w\u00e4re die Weiterleitung von Daten nur mit Zustimmung des Betroffenen m\u00f6glich.<\/p>\n<p style=\"text-align:left;\">Der Dateiinhaber wird keine automatisierten Entscheidungen treffen, noch werden Profile mit den vom Benutzer bereitgestellten personenbezogenen Daten erstellt.<\/p>\n<p style= text-align:left;\">Die internationale Daten\u00fcbertragung eines Benutzers seitens des Dateiinhabers wird nicht ber\u00fccksichtigt.<\/p>\n<h3 style =\"text-align:left;\"><strong>Kontaktformular.<\/strong><\/h3>\n<p style =\"text-align:left;\">Wenn nicht anders ausdr\u00fccklich angegeben, mu\u00df der Antragsteller VOLLJ\u00c4HRIG sein und alle erforderlichen Daten m\u00fcssen in wahrer, genauer, vollst\u00e4ndiger und aktualisierter Form ins Formular eingegeben werden. Andernfalls kann MARISANA je nachdem sich weigern, die angeforderte Information auszuh\u00e4ndigen.<\/p>\n<p style=\"text-align:left;\">Dementsprechend ist die Eingabe der erforderlichen Daten unerl\u00e4\u00dflich, da es ansonsten nicht m\u00f6glich w\u00e4re, auf die Anfrage des Benutzers ordnungsgem\u00e4\u00df einzugehen.<\/p>\n<h3 style=\"text-align:left;\"><strong>Einwilligung und Aus\u00fcbung von Rechten.<\/strong><\/h3>\n<p style=\"text-align:left;\">\u00dcber das Kontaktformular des Webs erwirbt MARISANA die Zustimmung des Antragstellers zur Behandlung seiner Daten in Bezug auf die in diesem Dokument beschriebenen und erl\u00e4uterten Zwecke durch seine freie Einwilligung, spezifisch f\u00fcr jeden Zweck.<\/p>\n<p style=\"text-align:left;\">Der Interessent kann der Verarbeitung seiner Daten f\u00fcr jeden voneinander unabh\u00e4ngigen Zweck zustimmen und seine Zustimmung jederzeit f\u00fcr den jeweiligen Zweck widerrufen.<\/p>\n<p style =\"text-align:left;\">Die R\u00fccknahme der Einwilligung durch den Antragsteller aus einer spezifischen Behandlung hat keine Auswirkungen auf die Rechtm\u00e4\u00dfigkeit der Datenverarbeitung vor dieser Entscheidung.<\/p>\n<p style =\"text-align:left;\">Die betroffene Partei kann jederzeit ihr Recht in der in den Datenschutzbestimmungen festgelegten Weise geltend machen. Insbesondere:<\/p>\n<blockquote>\n<ul>\n<li>die erteilte Berechtigung zur Verarbeitung Ihrer Daten jederzeit widerrufen.<\/li>\n<li>das Recht auf Zugang, Berichtigung, Widerspruch, L\u00f6schung, Minimierung und \u00dcbertragbarkeit Ihrer Daten in Anspruch nehmen. Dies sch\u00fctzt Sie auch davor, Gegenstand von automatisierten Entscheidunegn zu werden.<\/li>\n<\/ul>\n<\/blockquote>\n<p style=\"text-align:left;\">Um Ihre Rechte geltend zu machen, m\u00fcssen Sie MARISANA C. Val\u00e8ncia, 597, 08026 in Barcelona, anschreiben oder per E-Mail an <a href=\"mailto:info@marisana.org\">info@marisana.org<\/a> kontaktieren: Betreff der E-Mail &#8222;ABMELDUNG&#8220;.<\/p>\n<p style=\"text-align: left;\">Zum Schutz seiner Rechte kann sich der Betroffene unter anderem auch an die spanische Agentur f\u00fcr Datenschutz (AEPD) mit Sitz in 28001 Madrid, C. Jorge Juan Nr. 6, wenden.<\/p>\n<h3 style=\"text-align:left;\"><strong>Wie sch\u00fctzen wir Ihre Daten?<\/strong><\/h3>\n<p style=\"text-align:left;\">MARISANA hat die erforderlich technischen und organisatorischen Ma\u00dfnahmen ergriffen, um die Sicherheit der Daten zu gew\u00e4hrleisten und deren Ver\u00e4nderung, Verlust, Behandlung oder den unbefugten Zugriff unter Ber\u00fccksichtigung des Stands der Technik, der Art der gespeicherten Daten und der Risiken, welchen sie ausgesetzt sind, zu verhindern, unabh\u00e4ngig davon ob sie aus menschlicher Handlung oder physischem oder nat\u00fcrlichem Umfeld kommen.<\/p>\n<p style=\"text-align:left;\">Es wurden technische und organisatorische Ma\u00dfnahmen ergriffen, um grundlegende Sicherheitsziele zu erreichen, wie zum Beispiel: Vertraulichkeit, im Sinne von Beschr\u00e4nkung des Zugangs zu Informationen durch Unbefugte; Integrit\u00e4t, im Sinne von Aufrechterhaltung zuverl\u00e4ssiger und qualitativ hochwertiger Informationen; und Verf\u00fcgbarkeit, im Sinne von Garantie des Zugriffs auf das Informationssystem auf Anfrage eines autorisierten Benutzers<\/p>\n<h3 style=\"text-align:left;\"><strong>Werbung.<\/strong><\/h3>\n<p style=\"text-align:left;\">MARISANA wird keine Werbung oder Werbekommunikation per E-Mail oder anderen elektronischen Kommunikationsmitteln senden, wenn diese zuvor nicht vom Empf\u00e4nger verlangt oder ausdr\u00fccklich genehmigt wurden.<\/p>\n<p style=\"text-align:left;\">Im Falle von eingetragenen Benutzern unserer Vereinigung ist MARISANA berechtigt, Mitteilungen bez\u00fcglich unseres Vereins zu versenden. In jedem Fall kann der Benutzer verlangen, nachdem er seine Identit\u00e4t nachgewiesen hat, dass man ihm keine weiteren Informationen \u00fcber die \u00fcblichen Kan\u00e4le zur Betreuung der Mitglieder zukommen l\u00e4\u00dft.<\/p>\n<h3 style=\"text-align:left;\"><strong>Eingebettete Inhalte von anderen Websites.<\/strong><\/h3>\n<p style=\"text-align:left;\">Die MARISANA-Website enth\u00e4lt Links zu anderen Webseiten, die f\u00fcr Nutzer von Interesse sein k\u00f6nnen. MARISANA \u00fcbernimmt keine Verantwortung f\u00fcr diese Links und es kann keine Garantie bez\u00fcglich der Datenschutzrichtlinien dieser Webseiten gegeben werden, so da\u00df der Benutzer unter seiner alleinigen Verantwortung auf den Inhalt der oben genannten Webseiten zugreift.<\/p>\n<div class=\"kad-spacer clearfix\" style=\"height:20px\"><\/div>\n","protected":false},"excerpt":{"rendered":"<p>Wir \u00fcber uns. Der Verein &#8222;ASOCIACI\u00d3N CANN\u00c1BICA HAPPY GREEN&#8220; (von nun an MARISANA), mit CIF (spanische steuerliche Identifikationsnummer) G65782294, mit Sitz in der Stra\u00dfe C. Val\u00e8ncia, 597, 08026 in Barcelona, E-Mail: info@marisana.org und Telefon: 93-6673010, behandelt die Daten seiner Mitglieder &hellip; <a href=\"https:\/\/marisana.es\/de\/datenschutzrichtlinie\/\">Weiterlesen<\/a><\/p>\n","protected":false},"author":2,"featured_media":1464,"parent":0,"menu_order":0,"comment_status":"closed","ping_status":"closed","template":"template-pagebuilder.php","meta":{"kt_blocks_editor_width":"","footnotes":""},"class_list":["post-1462","page","type-page","status-publish","has-post-thumbnail","hentry"],"aioseo_notices":[],"_links":{"self":[{"href":"https:\/\/marisana.es\/de\/wp-json\/wp\/v2\/pages\/1462","targetHints":{"allow":["GET"]}}],"collection":[{"href":"https:\/\/marisana.es\/de\/wp-json\/wp\/v2\/pages"}],"about":[{"href":"https:\/\/marisana.es\/de\/wp-json\/wp\/v2\/types\/page"}],"author":[{"embeddable":true,"href":"https:\/\/marisana.es\/de\/wp-json\/wp\/v2\/users\/2"}],"replies":[{"embeddable":true,"href":"https:\/\/marisana.es\/de\/wp-json\/wp\/v2\/comments?post=1462"}],"version-history":[{"count":0,"href":"https:\/\/marisana.es\/de\/wp-json\/wp\/v2\/pages\/1462\/revisions"}],"wp:featuredmedia":[{"embeddable":true,"href":"https:\/\/marisana.es\/de\/wp-json\/wp\/v2\/media\/1464"}],"wp:attachment":[{"href":"https:\/\/marisana.es\/de\/wp-json\/wp\/v2\/media?parent=1462"}],"curies":[{"name":"wp","href":"https:\/\/api.w.org\/{rel}","templated":true}]}}