{"id":1457,"date":"2017-11-12T19:13:18","date_gmt":"2017-11-12T18:13:18","guid":{"rendered":"https:\/\/marisana.es\/?page_id=1457"},"modified":"2018-07-20T13:06:08","modified_gmt":"2018-07-20T11:06:08","slug":"cookie-richtlinie","status":"publish","type":"page","link":"https:\/\/marisana.es\/de\/cookie-richtlinie\/","title":{"rendered":"Cookie-Richtlinie"},"content":{"rendered":"<div class=\"kad-spacer clearfix\" style=\"height:20px\"><\/div>\n<h3><strong>Was sind Cookies und warum verwenden wir sie auf unserer Website?<\/strong><\/h3>\n<p>Ein Cookie ist eine Datei, die auf das Ger\u00e4t des Benutzers heruntergeladen wird, wenn man bestimmte Webseiten besucht, um Informationen \u00fcber die Navigation, die von diesem Computer ausgef\u00fchrt wird, zu speichern und abzurufen.<\/p>\n<p>Diese Website verwendet einige Cookies, um die Navigationserfahrung des Benutzers zu verbessern und somit in der Lage zu sein, ihm den Inhalt seiner Interessen entsprechend bereitzustellen.<\/p>\n<p>Gem\u00e4\u00df den Datenschutzrichtlinien bez\u00fcglich der Verwendung von Cookies wird hiermit genauestens und ausf\u00fchrlich dar\u00fcber informiert, wie Cookies  bei unserer Vereinigung \u201cASOCIACI\u00d3N CANN\u00c1BICA HAPPY GREEN (MARISANA)\u201d verwendet werden.<\/p>\n<p>Diese Website verwendet folgende <strong>eigene Cookies:<\/strong><\/p>\n<blockquote>\n<ul>\n<li><strong>Session-Cookies<\/strong>, um sicherzustellen, da\u00df Benutzer, die uns \u00fcber das Kontaktformular dieser Website kontaktieren, keine Roboter sondern Menschen sind. Auf diese Weise wird <em>Spam<\/em> bek\u00e4mpft.<\/li>\n<\/ul>\n<\/blockquote>\n<p>Diese Website verwendet folgende <strong>Cookies von Drittanbietern:<\/strong><\/p>\n<blockquote>\n<ul>\n<li><strong>Analytics-Cookies<\/strong>: Jedes Mal, wenn ein Benutzer ein Web besucht oder einen bestimmten Dienst anfordert, wird ein Analyse-Cookie von einem externen Anbieter (Google Analytics) erzeugt,  welcher im Ger\u00e4t des Benutzers gespeichert wird. Diesen Cookie, der nur im Laufe des Besuchs generiert wird, benutzt CANNABIC ASSOCIATION HAPPY GREEN (MARISANA), um den Besucher bei k\u00fcnftigen Besuchen anonym zu identifizieren. Es werden folgende Hauptziele erstrebt:\n<ul>\n<li>Durch den &#8222;Cookie&#8220; wird die anonyme Identifizierung von navigierenden Benutzern erm\u00f6glicht (der Cookie identifiziert Browser oder Ger\u00e4te, aber keine Personen) und dies dient dazu, Besucherzahl und H\u00e4ufigkeit der Besuche ungef\u00e4hr zu sch\u00e4tzen.<\/li>\n<li>Die meist besuchten Inhalte anonym zu identifizieren, die f\u00fcr den Benutzer am attraktivsten sind.<\/li>\n<li>In Erfahrung zu bringen, ob der Benutzer neu ist oder unsere Webseite wieder mal besucht.<\/li>\n<\/ul>\n<\/li>\n<\/ul>\n<\/blockquote>\n<p>Diese Cookies werden nur f\u00fcr statistische Zwecke verwendet, um Messwerte \u00fcber die Nutzung unserer Website zu sammeln.<\/p>\n<p>Weitere Informationen zur Datenschutzrichtlinie f\u00fcr diese Analysetools finden Sie unter: <a href=\"https:\/\/policies.google.com\/privacy?hl=de-419\" target=\"_blank\" rel=\"noopener\"><em>Google Analytics<\/em><\/a><\/p>\n<blockquote>\n<ul>\n<li><strong>Cookies f\u00fcr soziale Netzwerke<\/strong>: Jedes soziale Netzwerk verwendet seine eigenen Cookies, damit Sie die Benutzeroberfl\u00e4che <em>\u201cEs gef\u00e4llt mir\u201d<\/em> oder <em>\u201cTeilen\u201d<\/em> anklicken k\u00f6nnen.<\/li>\n<\/ul>\n<\/blockquote>\n<p><strong>Der Benutzer akzeptiert die Installation von Cookies, sofern er nicht widerspricht, wie es in dieser Cookie-Richtlinie erl\u00e4utert wird<\/strong><\/p>\n<p>Der Benutzer hat jederzeit die M\u00f6glichkeit, die Installation von Cookies zu akzeptieren oder abzulehnen. Au\u00dferdem kann er nach jeder Session alle oder einige der gespeicherten Cookies l\u00f6schen.<\/p>\n<p>Au\u00dferdem kann der Benutzer folgendes aktivieren:<\/p>\n<blockquote>\n<ul>\n<li>Privates Navigieren, bei dem der Browser es unterl\u00e4\u00dft, den Navigationsverlauf sowie Passw\u00f6rter, Cookies und andere Information \u00fcber die besuchten Seiten zu speichern<\/li>\n<li>Die Funktion des Nicht-Verfolgens, bei der der Browser die von Ihnen besuchten Websites dazu auffordert, Ihre Navigationsgewohnheiten nicht zu verfolgen, um Ihnen anschlie\u00dfend Werbung zu schicken, die von Ihrem Interesse sein k\u00f6nnte.<\/li>\n<\/ul>\n<\/blockquote>\n<h3><strong>So deaktivieren Sie Cookies im Browser.<\/strong><\/h3>\n<p>Zur Zeit erlauben die meisten Browser zu konfigurieren, ob und welche Cookies akzeptieren werden d\u00fcrfen. Diese Einstellungen finden Sie normalerweise im Men\u00fc &#8222;Optionen&#8220; oder &#8222;Einstellungen&#8220; Ihres Browsers.<\/p>\n<p>Wir empfehlen Ihnen, die Hilfe Ihres Browsers zu konsultieren, um sich \u00fcber die verschiedenen M\u00f6glichkeiten zu informieren, wie Cookies verwaltet werden.<\/p>\n<p>Zur Verwaltung von Cookies haben Sie nachstehend die Links zu den g\u00e4ngigsten Browsern:<\/p>\n<blockquote>\n<ul>\n<li><a href=\"https:\/\/support.microsoft.com\/de-de\/help\/17442\/windows-internet-explorer-delete-manage-cookies\" target=\"_blank\" rel=\"noopener\">Internet Explorer<\/a><\/li>\n<li><a href=\"https:\/\/support.mozilla.org\/de\/kb\/cookies-erlauben-und-ablehnen\" target=\"_blank\" rel=\"noopener\">Firefox<\/a><\/li>\n<li><a href=\"https:\/\/support.apple.com\/de-de\/HT201265\" target=\"_blank\" rel=\"noopener\">Safari<\/a><\/li>\n<li><a href=\"https:\/\/support.google.com\/chrome\/answer\/95647?hl=de\" target=\"_blank\" rel=\"noopener\">Google Chrome<\/a><\/li>\n<\/ul>\n<\/blockquote>\n<div class=\"kad-spacer clearfix\" style=\"height:20px\"><\/div>\n","protected":false},"excerpt":{"rendered":"<p>Was sind Cookies und warum verwenden wir sie auf unserer Website? Ein Cookie ist eine Datei, die auf das Ger\u00e4t des Benutzers heruntergeladen wird, wenn man bestimmte Webseiten besucht, um Informationen \u00fcber die Navigation, die von diesem Computer ausgef\u00fchrt wird, &hellip; <a href=\"https:\/\/marisana.es\/de\/cookie-richtlinie\/\">Weiterlesen<\/a><\/p>\n","protected":false},"author":2,"featured_media":1287,"parent":0,"menu_order":0,"comment_status":"closed","ping_status":"closed","template":"template-pagebuilder.php","meta":{"kt_blocks_editor_width":"","footnotes":""},"class_list":["post-1457","page","type-page","status-publish","has-post-thumbnail","hentry"],"aioseo_notices":[],"_links":{"self":[{"href":"https:\/\/marisana.es\/de\/wp-json\/wp\/v2\/pages\/1457","targetHints":{"allow":["GET"]}}],"collection":[{"href":"https:\/\/marisana.es\/de\/wp-json\/wp\/v2\/pages"}],"about":[{"href":"https:\/\/marisana.es\/de\/wp-json\/wp\/v2\/types\/page"}],"author":[{"embeddable":true,"href":"https:\/\/marisana.es\/de\/wp-json\/wp\/v2\/users\/2"}],"replies":[{"embeddable":true,"href":"https:\/\/marisana.es\/de\/wp-json\/wp\/v2\/comments?post=1457"}],"version-history":[{"count":0,"href":"https:\/\/marisana.es\/de\/wp-json\/wp\/v2\/pages\/1457\/revisions"}],"wp:featuredmedia":[{"embeddable":true,"href":"https:\/\/marisana.es\/de\/wp-json\/wp\/v2\/media\/1287"}],"wp:attachment":[{"href":"https:\/\/marisana.es\/de\/wp-json\/wp\/v2\/media?parent=1457"}],"curies":[{"name":"wp","href":"https:\/\/api.w.org\/{rel}","templated":true}]}}