{"id":897,"date":"2017-10-25T20:09:29","date_gmt":"2017-10-25T18:09:29","guid":{"rendered":"https:\/\/marisana.es\/?page_id=897\/"},"modified":"2023-01-02T15:16:56","modified_gmt":"2023-01-02T14:16:56","slug":"associar-se-normes","status":"publish","type":"page","link":"https:\/\/marisana.es\/ca\/associar-se-normes\/","title":{"rendered":"Associar-se &#038; Normes"},"content":{"rendered":"<div id=\"pl-897\"  class=\"panel-layout\" ><div id=\"pg-897-0\"  class=\"panel-grid panel-no-style\" ><div id=\"pgc-897-0-0\"  class=\"panel-grid-cell\" ><div id=\"panel-897-0-0-0\" class=\"so-panel widget widget_sow-editor panel-first-child\" data-index=\"0\" ><div\n\t\t\t\n\t\t\tclass=\"so-widget-sow-editor so-widget-sow-editor-base\"\n\t\t\t\n\t\t>\n<div class=\"siteorigin-widget-tinymce textwidget\">\n\t<div class=\"kad-spacer clearfix\" style=\"height:20px\"><\/div>\n<\/div>\n<\/div><\/div><div id=\"panel-897-0-0-1\" class=\"so-panel widget widget_sow-editor panel-last-child\" data-index=\"1\" ><div\n\t\t\t\n\t\t\tclass=\"so-widget-sow-editor so-widget-sow-editor-base\"\n\t\t\t\n\t\t><h3 class=\"widget-title\">Com Associar-se?<\/h3>\n<div class=\"siteorigin-widget-tinymce textwidget\">\n\t<h5 style=\"text-align: left;\">Qualsevol persona major de 18 anys pot associar-se a <strong>Marisana<\/strong> si compleix els requisits seg\u00fcents:<\/h5>\n<ul>\n<li style=\"text-align: left;\">\n<h5>Venir amb un soci avalador per poder fer una nova alta.<\/h5>\n<\/li>\n<li style=\"text-align: left;\">\n<h5>Ser consumidor de c\u00e0nnabis amb fins l\u00fadics i \/ o terap\u00e8utics.<\/h5>\n<\/li>\n<li style=\"text-align: left;\">\n<h5>Estar en possessi\u00f3 d'algun document d'identitat personal.<\/h5>\n<\/li>\n<li style=\"text-align: left;\">\n<h5>Acceptar els estatuts i normes de funcionament de l'associaci\u00f3.<\/h5>\n<\/li>\n<li style=\"text-align: left;\">\n<h5>Abonar la quota d'inscripci\u00f3 anual de 5 Euros.<\/h5>\n<\/li>\n<\/ul>\n<h5 style=\"text-align: left;\">Els usuaris i usu\u00e0ries Terap\u00e8utics, que pateixin alguna malaltia per a la qual els efectes beneficiosos del c\u00e0nnabis estiguin reconeguts per la <a href=\"https:\/\/www.cannabis-med.org\/?lng=es\" target=\"_blank\" rel=\"noopener\"><strong>IACM<\/strong><\/a> hauran d'acreditar la seva condici\u00f3 mitjan\u00e7ant certificat m\u00e8dic.<\/h5>\n<h5 style=\"text-align: left;\">Aquests socis quedaran exempts de la quota d'inscripci\u00f3 anual.<\/h5>\n<\/div>\n<\/div><\/div><\/div><\/div><div id=\"pg-897-1\"  class=\"panel-grid panel-no-style\" ><div id=\"pgc-897-1-0\"  class=\"panel-grid-cell\" ><div id=\"panel-897-1-0-0\" class=\"so-panel widget widget_sow-editor panel-first-child panel-last-child\" data-index=\"2\" ><div\n\t\t\t\n\t\t\tclass=\"so-widget-sow-editor so-widget-sow-editor-base\"\n\t\t\t\n\t\t><h3 class=\"widget-title\">Normes B\u00e0siques<\/h3>\n<div class=\"siteorigin-widget-tinymce textwidget\">\n\t<h5>L'entrada al club \u00e9s exclusiva per a persones associades, que hauran de presentar al costat del seu carnet de soci un document v\u00e0lid d'identitat per poder accedir al Club. En cas de p\u00e8rdua del carnet s'abonaran 5 Euros per fer una c\u00f2pia.<\/h5>\n<h5>Est\u00e0 prohibida l'entrada al club amb vehicles urbans com bicicletes, monopatins, etc., i la realitzaci\u00f3 de fotografies a l'interior del local.<\/h5>\n<h5>S'entenen com <strong>infraccions greus motiu d'expulsi\u00f3<\/strong> de la persona associada:<\/h5>\n<ul>\n<li>\n<h5>Cedir el carnet a una altra persona.<\/h5>\n<\/li>\n<li>\n<h5>Facilitar dades falses en la seva inscripci\u00f3.<\/h5>\n<\/li>\n<li>\n<h5>L'exist\u00e8ncia d'una condemna ferma per tr\u00e0fic de drogues.<\/h5>\n<\/li>\n<li>\n<h5>L'incompliment de les recomanacions en mat\u00e8ria de seguretat i prevenci\u00f3 que facilita l'associaci\u00f3 respecte mantenir el c\u00e0nnabis fora de l'abast de tercers o consumir a la via p\u00fablica.<\/h5>\n<\/li>\n<li>\n<h5>No informar de sancions o imputacions legals vinculades a la tinen\u00e7a, consum o tr\u00e0fic de drogues.<\/h5>\n<\/li>\n<\/ul>\n<\/div>\n<\/div><\/div><\/div><\/div><div id=\"pg-897-2\"  class=\"panel-grid panel-no-style\" ><div id=\"pgc-897-2-0\"  class=\"panel-grid-cell\" ><div id=\"panel-897-2-0-0\" class=\"so-panel widget widget_sow-editor panel-first-child panel-last-child\" data-index=\"3\" ><div\n\t\t\t\n\t\t\tclass=\"so-widget-sow-editor so-widget-sow-editor-base\"\n\t\t\t\n\t\t>\n<div class=\"siteorigin-widget-tinymce textwidget\">\n\t<div class=\"kt-home-call-to-action panel-row-style-wide-parallax\">\n\t<div class=\"container\">\n\t\t<div class=\"kt-cta\">\n\t\t\t<div class=\"col-md-10 kad-call-title-case\">\n\t\t\t<h2 class=\"kad-call-title\"><strong>Per saber-ne m\u00e9s<\/strong><\/h2>\n                        <h2 class=\"kad-call-title\"><strong>consulta la normativa completa<\/strong><\/h2>\n                        <h2 class=\"kad-call-title\"><strong>de la nostra associaci\u00f3<\/strong><\/h2>\t\t\t<\/div>\n\t\t\t<div class=\"col-md-2 kad-call-button-case\">\n                        <a href=\"https:\/\/marisana.es\/pdf\/advertencia-socis-ca.pdf\" target=\"_blank\" class=\"kad-btn-primary kad-btn lg-kad-btn\" rel=\"noopener\"><h3><span style=\"color: #ffffff;\">Normes<\/span><\/h3><\/a>\n                        <\/div>\n\t\t<\/div>\n\t<\/div><!--container-->\n<\/div><!--call class-->\t\t\t\t<\/div>\n<\/div><\/div><\/div><\/div><\/div>","protected":false},"excerpt":{"rendered":"<p>Qualsevol persona major de 18 anys pot associar-se a Marisana si compleix els requisits seg\u00fcents: Venir amb un soci avalador per poder fer una nova alta. Ser consumidor de c\u00e0nnabis amb fins l\u00fadics i \/ o terap\u00e8utics. Estar en possessi\u00f3 &hellip; <a href=\"https:\/\/marisana.es\/ca\/associar-se-normes\/\">Llegir M\u00e9s<\/a><\/p>\n","protected":false},"author":2,"featured_media":684,"parent":0,"menu_order":0,"comment_status":"closed","ping_status":"closed","template":"template-pagebuilder.php","meta":{"kt_blocks_editor_width":"","footnotes":""},"class_list":["post-897","page","type-page","status-publish","has-post-thumbnail","hentry"],"aioseo_notices":[],"_links":{"self":[{"href":"https:\/\/marisana.es\/ca\/wp-json\/wp\/v2\/pages\/897","targetHints":{"allow":["GET"]}}],"collection":[{"href":"https:\/\/marisana.es\/ca\/wp-json\/wp\/v2\/pages"}],"about":[{"href":"https:\/\/marisana.es\/ca\/wp-json\/wp\/v2\/types\/page"}],"author":[{"embeddable":true,"href":"https:\/\/marisana.es\/ca\/wp-json\/wp\/v2\/users\/2"}],"replies":[{"embeddable":true,"href":"https:\/\/marisana.es\/ca\/wp-json\/wp\/v2\/comments?post=897"}],"version-history":[{"count":0,"href":"https:\/\/marisana.es\/ca\/wp-json\/wp\/v2\/pages\/897\/revisions"}],"wp:featuredmedia":[{"embeddable":true,"href":"https:\/\/marisana.es\/ca\/wp-json\/wp\/v2\/media\/684"}],"wp:attachment":[{"href":"https:\/\/marisana.es\/ca\/wp-json\/wp\/v2\/media?parent=897"}],"curies":[{"name":"wp","href":"https:\/\/api.w.org\/{rel}","templated":true}]}}