{"id":521,"date":"2017-04-04T19:15:24","date_gmt":"2017-04-04T17:15:24","guid":{"rendered":"https:\/\/marisana.es\/?page_id=521\/"},"modified":"2025-12-20T14:37:44","modified_gmt":"2025-12-20T13:37:44","slug":"inicio","status":"publish","type":"page","link":"https:\/\/marisana.es\/ca\/","title":{"rendered":"Inici"},"content":{"rendered":"<div id=\"pl-521\"  class=\"panel-layout\" ><div id=\"pg-521-0\"  class=\"panel-grid panel-no-style\" ><div id=\"pgc-521-0-0\"  class=\"panel-grid-cell\" ><div id=\"panel-521-0-0-0\" class=\"so-panel widget widget_sow-editor panel-first-child panel-last-child\" data-index=\"0\" ><div\n\t\t\t\n\t\t\tclass=\"so-widget-sow-editor so-widget-sow-editor-base\"\n\t\t\t\n\t\t>\n<div class=\"siteorigin-widget-tinymce textwidget\">\n\t<p><div class=\"kad-spacer clearfix\" style=\"height:20px\"><\/div><br \/>\n<img loading=\"lazy\" decoding=\"async\" data-id=\"542\"  src=\"https:\/\/marisana.es\/wp-content\/uploads\/2017\/04\/logo-1.png\" alt=\"\" width=\"197\" height=\"45\" class=\"aligncenter size-full wp-image-542\" \/><\/p>\n<h5 style=\"text-align: center;\">\u00c9s una associaci\u00f3 sense \u00e0nim de lucre que t\u00e9 com a principal objectiu la reducci\u00f3 dels riscos sociosanitaris inherents al mercat negre mitjan\u00e7ant la producci\u00f3 de diferents varietats de c\u00e0nnabis d'alta qualitat exempt de contaminants, i de distribuci\u00f3 exclusiva entre les persones associades a l'entitat.<\/h5>\n<h5 style=\"text-align: center;\">Sense fer cap apologia del consum i <strong>respectant escrupolosament la legalitat vigent<\/strong>, la nostra Associaci\u00f3 se suma al debat social sobre la regularitzaci\u00f3 del consum, cultiu i distribuci\u00f3 del c\u00e0nnabis, donant suport decididament les pol\u00edtiques de reducci\u00f3 de riscos i de promoci\u00f3 d'un consum responsable.<\/h5>\n<\/div>\n<\/div><\/div><\/div><\/div><div id=\"pg-521-1\"  class=\"panel-grid panel-has-style\" ><div class=\"siteorigin-panels-stretch kt-panel-row-parallax-stellar kt-panel-row-stretch panel-widget-style panel-row-style panel-row-style-for-521-1\" style=\"background-image: url(https:\/\/marisana.es\/wp-content\/uploads\/2017\/04\/fondo-3-2.jpg);background-position: center top;visibility: hidden;\" data-stretch-type=\"full\" data-stellar-background-ratio=\"0.5\" ><div id=\"pgc-521-1-0\"  class=\"panel-grid-cell\" >                <div id=\"panel-521-1-0-0\" class=\"so-panel widget widget_pinnacle_imgmenu_widget pinnacle_imgmenu_widget panel-first-child panel-last-child\" data-index=\"1\" >\n                                <div class=\"kad-animation\" data-animation=\"fade-in\" data-delay=\"150\">\n                    <a href=\"https:\/\/marisana.es\/ca\/qui-som\/\"  class=\"homepromolink\">                        <div class=\"infobanner\" style=\"background: url(https:\/\/marisana.es\/wp-content\/uploads\/2021\/06\/home-menu-01.jpg) center center no-repeat; height:300px; background-size:cover;\">\n                            <div class=\"home-message\" style=\"height:300px;\">\n                                <h4>Qui Som<\/h4>                                <h5>Galeria - Visita el Nostre Club<\/h5>                            <\/div>\n                        <\/div>\n                    <\/a>                <\/div>\n                \n                <\/div>\n    <\/div><div id=\"pgc-521-1-1\"  class=\"panel-grid-cell\" >                <div id=\"panel-521-1-1-0\" class=\"so-panel widget widget_pinnacle_imgmenu_widget pinnacle_imgmenu_widget panel-first-child panel-last-child\" data-index=\"2\" >\n                                <div class=\"kad-animation\" data-animation=\"fade-in\" data-delay=\"150\">\n                    <a href=\"https:\/\/marisana.es\/ca\/associar-se-normes\/\"  class=\"homepromolink\">                        <div class=\"infobanner\" style=\"background: url(https:\/\/marisana.es\/wp-content\/uploads\/2017\/04\/home-menu-2-1.jpg) center center no-repeat; height:300px; background-size:cover;\">\n                            <div class=\"home-message\" style=\"height:300px;\">\n                                <h4>Com Associar-se<\/h4>                                <h5>Normes de la Nostra Associaci\u00f3<\/h5>                            <\/div>\n                        <\/div>\n                    <\/a>                <\/div>\n                \n                <\/div>\n    <\/div><\/div><\/div><div id=\"pg-521-2\"  class=\"panel-grid panel-no-style\" ><div id=\"pgc-521-2-0\"  class=\"panel-grid-cell\" ><div id=\"panel-521-2-0-0\" class=\"so-panel widget widget_sow-editor panel-first-child panel-last-child\" data-index=\"3\" ><div\n\t\t\t\n\t\t\tclass=\"so-widget-sow-editor so-widget-sow-editor-base\"\n\t\t\t\n\t\t>\n<div class=\"siteorigin-widget-tinymce textwidget\">\n\t<div class=\"kad-spacer clearfix\" style=\"height:20px\"><\/div>\n<h3 class=\"hometitle\">En <strong> Marisana trobar\u00e0s<\/strong><\/h3>\n<div class=\"home-margin home-padding kt-home-icon-menu\">\n<div class=\"rowtight homepromo kt-home-iconmenu-container\" data-equal-height=\"1\">\n<div class=\"tcol-lg-4 tcol-md-4 tcol-sm-4 tcol-xs-6 tcol-ss-12 home-iconmenu kad-animation homeitemcount1\" data-animation=\"fade-in\" data-delay=\"150\">\n<p>                            <a href=\"https:\/\/marisana.es\/ca\/calendari-mensual\/\" target=\"_self\"  title=\"Nombroses Activitats i Xerrades\" class=\"home-icon-item\"><br \/>\n                        <i class=\"kt-icon-users\"><\/i><\/p>\n<h4>Nombroses Activitats i Xerrades<\/h4>\n<p>En la nostra Associaci\u00f3 organitzem tots els mesos activitats l\u00fadiques i informatives per a tots els nostres associats, com programaci\u00f3 de pel\u00b7l\u00edcules, partits de futbol, \u200b\u200bsessions informatives sobre l'\u00fas terap\u00e8utic del c\u00e0nnabis, etc.<\/p>\n<p><\/a>                    <\/div>\n<div class=\"tcol-lg-4 tcol-md-4 tcol-sm-4 tcol-xs-6 tcol-ss-12 home-iconmenu kad-animation homeitemcount2\" data-animation=\"fade-in\" data-delay=\"300\">\n<p>                            <a href=\"https:\/\/marisana.es\/ca\/#\/\" target=\"_self\"  title=\"Varietat i Qualitat Certificada\" class=\"home-icon-item\"><br \/>\n                        <i class=\"kt-icon-thumbs-up\"><\/i><\/p>\n<h4>Varietat i Qualitat Certificada<\/h4>\n<p>Els nostres socis poden estar segurs que el c\u00e0nnabis de la nostra Associaci\u00f3 compleix amb tots els requisits de qualitat, en estar certificat i provat per especialistes del laboratori C\u00e0nnabis Qualitat experts en la cura de la salut.<\/p>\n<p><\/a>                    <\/div>\n<div class=\"tcol-lg-4 tcol-md-4 tcol-sm-4 tcol-xs-6 tcol-ss-12 home-iconmenu kad-animation homeitemcount3\" data-animation=\"fade-in\" data-delay=\"450\">\n<p>                            <a href=\"https:\/\/marisana.es\/ca\/qui-som\/\" target=\"_self\"  title=\"Ambient Relaxat i C\u00f2mode\" class=\"home-icon-item\"><br \/>\n                        <i class=\"kt-icon-cup2\"><\/i><\/p>\n<h4>Ambient Relaxat i C\u00f2mode<\/h4>\n<p>El nostre local ampli i confortable ofereix diferents espais per a l'oci dels nostres associats: futbol\u00ed, billar, bar amb snaks i refrescos, i finalment el m\u00e9s important un personal competent sempre pendent de tot.<\/p>\n<p><\/a>                    <\/div>\n<\/p><\/div>\n<p> <!--homepromo --><\/div>\n<\/div>\n<\/div><\/div><\/div><\/div><div id=\"pg-521-3\"  class=\"panel-grid panel-has-style\" ><div class=\"siteorigin-panels-stretch kt-panel-row-parallax-stellar kt-panel-row-stretch panel-widget-style panel-row-style panel-row-style-for-521-3\" style=\"background-image: url(https:\/\/marisana.es\/wp-content\/uploads\/2017\/04\/fondo-3-2.jpg);background-position: center top;visibility: hidden;\" data-stretch-type=\"full\" data-stellar-background-ratio=\"0.5\" ><div id=\"pgc-521-3-0\"  class=\"panel-grid-cell\" >\n\n          <div id=\"panel-521-3-0-0\" class=\"so-panel widget widget_pinnacle_calltoaction_widget pinnacle_calltoaction_widget panel-first-child panel-last-child\" data-index=\"4\" ><div class=\"kt-pb-animation kt-pb-fadeInLeft kt-pb-duration-900 kt-pb-delay-0 panel-widget-style panel-widget-style-for-521-3-0-0\" ><h2 style=\"color:#ffffff; font-size:40px;  text-align:center;\">Vols saber m\u00e9s sobre la nostra associaci\u00f3?<\/h2><h5 style=\"color:#ffffff; font-size:20px;  text-align:center;\">Si ets major d'edat i compleixes amb certs requisits potser puguis associar-te<\/h5><div style=\"text-align:center\"><a href=\"https:\/\/marisana.es\/ca\/associar-se-normes\/\" id=\"kadbtn49\" target=\"_self\" class=\"kad-btn btn-shortcode kad-btn-primary   lg-kad-btn headerfont\" style=\" border: 0 solid; border-color:#000;  color:#ffffff;\" onMouseOver=\"\" onMouseOut=\"\">+ INFORMACI\u00d3 <\/a><\/div><\/div><\/div>\n    <\/div><\/div><\/div><\/div>","protected":false},"excerpt":{"rendered":"<p>\u00c9s una associaci\u00f3 sense \u00e0nim de lucre que t\u00e9 com a principal objectiu la reducci\u00f3 dels riscos sociosanitaris inherents al mercat negre mitjan\u00e7ant la producci\u00f3 de diferents varietats de c\u00e0nnabis d&#8217;alta qualitat exempt de contaminants, i de distribuci\u00f3 exclusiva entre &hellip; <a href=\"https:\/\/marisana.es\/ca\/\">Llegir M\u00e9s<\/a><\/p>\n","protected":false},"author":2,"featured_media":961,"parent":0,"menu_order":0,"comment_status":"closed","ping_status":"closed","template":"template-pagebuilder.php","meta":{"kt_blocks_editor_width":"","footnotes":""},"class_list":["post-521","page","type-page","status-publish","has-post-thumbnail","hentry"],"aioseo_notices":[],"_links":{"self":[{"href":"https:\/\/marisana.es\/ca\/wp-json\/wp\/v2\/pages\/521","targetHints":{"allow":["GET"]}}],"collection":[{"href":"https:\/\/marisana.es\/ca\/wp-json\/wp\/v2\/pages"}],"about":[{"href":"https:\/\/marisana.es\/ca\/wp-json\/wp\/v2\/types\/page"}],"author":[{"embeddable":true,"href":"https:\/\/marisana.es\/ca\/wp-json\/wp\/v2\/users\/2"}],"replies":[{"embeddable":true,"href":"https:\/\/marisana.es\/ca\/wp-json\/wp\/v2\/comments?post=521"}],"version-history":[{"count":2,"href":"https:\/\/marisana.es\/ca\/wp-json\/wp\/v2\/pages\/521\/revisions"}],"predecessor-version":[{"id":4633,"href":"https:\/\/marisana.es\/ca\/wp-json\/wp\/v2\/pages\/521\/revisions\/4633"}],"wp:featuredmedia":[{"embeddable":true,"href":"https:\/\/marisana.es\/ca\/wp-json\/wp\/v2\/media\/961"}],"wp:attachment":[{"href":"https:\/\/marisana.es\/ca\/wp-json\/wp\/v2\/media?parent=521"}],"curies":[{"name":"wp","href":"https:\/\/api.w.org\/{rel}","templated":true}]}}