{"id":505,"date":"2017-05-27T16:52:43","date_gmt":"2017-05-27T14:52:43","guid":{"rendered":"https:\/\/marisana.es\/?page_id=505\/"},"modified":"2018-07-09T16:25:30","modified_gmt":"2018-07-09T14:25:30","slug":"politica-cookies","status":"publish","type":"page","link":"https:\/\/marisana.es\/ca\/politica-cookies\/","title":{"rendered":"Pol\u00edtica de Cookies"},"content":{"rendered":"<div id=\"pl-505\"  class=\"panel-layout\" ><div id=\"pg-505-0\"  class=\"panel-grid panel-no-style\" ><div id=\"pgc-505-0-0\"  class=\"panel-grid-cell\" ><div id=\"panel-505-0-0-0\" class=\"so-panel widget widget_sow-editor panel-first-child panel-last-child\" data-index=\"0\" ><div\n\t\t\t\n\t\t\tclass=\"so-widget-sow-editor so-widget-sow-editor-base\"\n\t\t\t\n\t\t>\n<div class=\"siteorigin-widget-tinymce textwidget\">\n\t<div class=\"kad-spacer clearfix\" style=\"height:20px\"><\/div>\n<h3><strong>Qu\u00e8 s\u00f3n les cookies i per qu\u00e8 les fem servir al nostre web<\/strong>.<\/h3>\n<p>Una cookie \u00e9s un fitxer que es descarrega al dispositiu de l'usuari en accedir a determinades p\u00e0gines web per a emmagatzemar i recuperar informaci\u00f3 sobre la navegaci\u00f3 que s'efectua des d'aquest equip.<\/p>\n<p>Aquesta web utilitza algunes cookies per millorar l'experi\u00e8ncia de l'usuari i aix\u00ed poder-li oferir continguts adaptats als seus interessos.<\/p>\n<p>Seguint les directrius de Protecci\u00f3 de Dades procedim a detallar l'\u00fas de cookies que fa l'ASSOCIACI\u00d3 CANN\u00c0BICA HAPPY GREEN (MARISANA) amb la finalitat d'informar amb la m\u00e0xima exactitud possible.<\/p>\n<p>Aquest lloc web utilitza les seg\u00fcents\u00a0<strong>Cookies pr\u00f2pies<\/strong>:<\/p>\n<blockquote>\n<ul>\n<li><strong>Cookies de sessi\u00f3<\/strong>, per garantir que els usuaris que ens contacten mitjan\u00e7ant el formulari de contacte d'aquesta web siguin humans i no aplicacions automatitzades. D'aquesta manera combatem el\u00a0<em>spam<\/em>.<\/li>\n<\/ul>\n<\/blockquote>\n<p>Aquest lloc web utilitza les seg\u00fcents\u00a0<strong>Cookies de tercers<\/strong>:<\/p>\n<blockquote>\n<ul>\n<li><strong>Cookies d'anal\u00edtica<\/strong>: cada vegada que un usuari visita una web o servei, una eina d'un prove\u00efdor extern (Google Analytics) genera una cookie anal\u00edtica en el dispositiu de l'usuari. Aquesta cookie que nom\u00e9s es genera en la visita, servir\u00e0 en properes visites a l'ASSOCIACI\u00d3 CANN\u00c0BICA HAPPY GREEN (MARISANA), per a identificar de forma an\u00f2nima al visitant. Els objectius principals que es persegueixen s\u00f3n:\n<ul>\n<li>Permetre la identificaci\u00f3 an\u00f2nima dels usuaris navegants a trav\u00e9s de la cookie (identifica navegadors i dispositius, no persones) i per tant la comptabilitzaci\u00f3 aproximada del nombre de visitants i la seva tend\u00e8ncia en el temps.<\/li>\n<li>Identificar de forma an\u00f2nima els continguts m\u00e9s visitats i per tant m\u00e9s atractius per als usuaris.<\/li>\n<li>Saber si l'usuari que est\u00e0 accedint \u00e9s nou o repeteix visita.<\/li>\n<\/ul>\n<\/li>\n<\/ul>\n<\/blockquote>\n<p>Aquestes cookies nom\u00e9s seran utilitzades amb prop\u00f2sits estad\u00edstics a l'efecte de recollir m\u00e8triques sobre l'\u00fas de la nostra web.<\/p>\n<p>Per a m\u00e9s informaci\u00f3 sobre la pol\u00edtica de privacitat d'aquestes eines d'anal\u00edtica poden consultar a: <a href=\"https:\/\/policies.google.com\/privacy?hl=ca-419\" target=\"_blank\" rel=\"noopener\"><em>Google Analytics<\/em><\/a><\/p>\n<blockquote>\n<ul>\n<li><strong>Cookies de xarxes socials<\/strong>: Cada xarxa social utilitza les seves pr\u00f2pies\u00a0<em>cookies<\/em> perqu\u00e8 vost\u00e8 pugui punxar en botons del tipus\u00a0<em>M' agrada<\/em>\u00a0o\u00a0<em>Compartir<\/em>.<\/li>\n<\/ul>\n<\/blockquote>\n<p><strong>L'usuari accepta la instal\u00b7laci\u00f3 de cookies, llevat que s'hi oposi, segons es detalla en aquesta Pol\u00edtica de cookies<\/strong>.<\/p>\n<p>En tot moment l'usuari t\u00e9 la possibilitat d'acceptar o rebutjar la instal\u00b7laci\u00f3 de cookies. A m\u00e9s, despr\u00e9s de cada sessi\u00f3 pot eliminar totes o algunes de les cookies emmagatzemades. Aix\u00ed mateix l'usuari pot activar:<\/p>\n<blockquote>\n<ul>\n<li>La navegaci\u00f3 privada, mitjan\u00e7ant la qual el seu navegador deixa de guardar l'historial de navegaci\u00f3, contrasenyes de llocs web, cookies i una altra informaci\u00f3 de les p\u00e0gines que visita, o<\/li>\n<li>La funci\u00f3 de no rastrejar, per la qual el navegador demana als llocs web que visita que no rastregin els seus h\u00e0bits de navegaci\u00f3, per ara, servir publicitat del seu inter\u00e8s en els llocs que visita.<\/li>\n<\/ul>\n<\/blockquote>\n<h3><strong>Com desactivar les cookies al navegador<\/strong>.<\/h3>\n<p>La majoria de navegadors actualment permeten a l'usuari configurar si desitgen acceptar cookies i quines d'elles. Aquests ajustaments normalment es troben a les 'opcions' o 'Prefer\u00e8ncies' del men\u00fa del seu navegador.<\/p>\n<p>Que consulta l'ajuda del seu navegador, per aix\u00ed informar-se de les diferents opcions que t\u00e9 per gestionar les cookies. A continuaci\u00f3, facilitem els vincles per poder gestionar les cookies als navegadors m\u00e9s populars:<\/p>\n<blockquote>\n<ul>\n<li><a href=\"https:\/\/windows.microsoft.com\/es-ES\/windows-vista\/Block-or-allow-cookies\" target=\"_blank\" rel=\"noopener\">Internet Explorer<\/a><\/li>\n<li><a href=\"https:\/\/support.mozilla.org\/ca\/kb\/activa-i-desactiva-les-galetes-que-les-pagines-web\" target=\"_blank\" rel=\"noopener\">Firefox<\/a><\/li>\n<li><a href=\"https:\/\/support.apple.com\/kb\/HT1677?viewlocale=es_ES\" target=\"_blank\" rel=\"noopener\">Safari<\/a><\/li>\n<li><a href=\"https:\/\/support.google.com\/chrome\/answer\/95647?hl=ca\" target=\"_blank\" rel=\"noopener\">Google Chrome<\/a><\/li>\n<\/ul>\n<\/blockquote>\n<div class=\"kad-spacer clearfix\" style=\"height:20px\"><\/div>\n<\/div>\n<\/div><\/div><\/div><\/div><\/div>","protected":false},"excerpt":{"rendered":"<p>Qu\u00e8 s\u00f3n les cookies i per qu\u00e8 les fem servir al nostre web. Una cookie \u00e9s un fitxer que es descarrega al dispositiu de l&#8217;usuari en accedir a determinades p\u00e0gines web per a emmagatzemar i recuperar informaci\u00f3 sobre la navegaci\u00f3 &hellip; <a href=\"https:\/\/marisana.es\/ca\/politica-cookies\/\">Llegir M\u00e9s<\/a><\/p>\n","protected":false},"author":2,"featured_media":587,"parent":0,"menu_order":0,"comment_status":"closed","ping_status":"closed","template":"template-pagebuilder.php","meta":{"kt_blocks_editor_width":"","footnotes":""},"class_list":["post-505","page","type-page","status-publish","has-post-thumbnail","hentry"],"aioseo_notices":[],"_links":{"self":[{"href":"https:\/\/marisana.es\/ca\/wp-json\/wp\/v2\/pages\/505","targetHints":{"allow":["GET"]}}],"collection":[{"href":"https:\/\/marisana.es\/ca\/wp-json\/wp\/v2\/pages"}],"about":[{"href":"https:\/\/marisana.es\/ca\/wp-json\/wp\/v2\/types\/page"}],"author":[{"embeddable":true,"href":"https:\/\/marisana.es\/ca\/wp-json\/wp\/v2\/users\/2"}],"replies":[{"embeddable":true,"href":"https:\/\/marisana.es\/ca\/wp-json\/wp\/v2\/comments?post=505"}],"version-history":[{"count":0,"href":"https:\/\/marisana.es\/ca\/wp-json\/wp\/v2\/pages\/505\/revisions"}],"wp:featuredmedia":[{"embeddable":true,"href":"https:\/\/marisana.es\/ca\/wp-json\/wp\/v2\/media\/587"}],"wp:attachment":[{"href":"https:\/\/marisana.es\/ca\/wp-json\/wp\/v2\/media?parent=505"}],"curies":[{"name":"wp","href":"https:\/\/api.w.org\/{rel}","templated":true}]}}