{"id":500,"date":"2017-05-27T16:23:59","date_gmt":"2017-05-27T14:23:59","guid":{"rendered":"https:\/\/marisana.es\/?page_id=500\/"},"modified":"2018-07-10T15:47:13","modified_gmt":"2018-07-10T13:47:13","slug":"politica-privacitat","status":"publish","type":"page","link":"https:\/\/marisana.es\/ca\/politica-privacitat\/","title":{"rendered":"Pol\u00edtica de Privacitat"},"content":{"rendered":"<div class=\"kad-spacer clearfix\" style=\"height:20px\"><\/div>\n<h3 style=\"text-align:left;\"><strong> Qui Som<\/strong>.<\/h3>\n<p style=\"text-align:left;\">L&#8217;ASSOCIACI\u00d3 CANN\u00c0BICA HAPPY GREEN (en endavant MARISANA) amb CIF G65782294, domicili social a C. Val\u00e8ncia, 597, 08026 de Barcelona, correu electr\u00f2nic: <a href=\"mailto:info@marisana.org\"> info@marisana.org <\/a> i tel\u00e8fon: 93-6673010, tracta les dades dels seus associats garantint en tot cas la privacitat i la confidencialitat a fi d&#8217;atorgar la major protecci\u00f3 possible als seus drets fonamentals com a ciutad\u00e0 de la Uni\u00f3 Europea. En aquest sentit li oferim la informaci\u00f3 necess\u00e0ria d&#8217;acord amb el que disposa l&#8217;art.\u00ba 13 del Reglament (UE) 2016\/679 del Parlament Europeu i del Consell, de 27 d&#8217;Abril de 2016, Relatiu a la Protecci\u00f3 de les Persones F\u00edsiques en el que Respecta al Tractament de Dades Personals i a la lliure Circulaci\u00f3 d&#8217;aquests Dades.<\/p>\n<h3 style=\"text-align:left;\"><strong> Quines dades recollim i per qu\u00e8 els recollim<\/strong>.<\/h3>\n<p style=\"text-align:left;\">Per tant, s&#8217;informa als usuaris que les dades de car\u00e0cter personal facilitades seran incorporades a un fitxer, degudament inscrit en el Registre General de Protecci\u00f3 de Dades, del qual el titular i responsable \u00e9s MARISANA, portant a terme un tractament dels mateixos \u00fanicament i exclusivament amb la finalitat de donar complida resposta i resposta a les consultes i peticions d&#8217;informaci\u00f3 realitzades sobre la nostra associaci\u00f3.<\/p>\n<p style=\"text-align:left;\">En relaci\u00f3 amb la petici\u00f3 de sol\u00b7licitud d&#8217;informaci\u00f3, obligat\u00f2riament la persona sol\u00b7licitant ha de ser MAJOR D&#8217;EDAT i haur\u00e0 d&#8217;acceptar necess\u00e0riament els textes legals per poder accedir a la seva petici\u00f3.<\/p>\n<p style=\"text-align:left;\">MARISANA conservar\u00e0 les seves dades a l&#8217;efecte de la finalitat de requeriment d&#8217;informaci\u00f3 durant el per\u00edode de 90 dies.<\/p>\n<p style=\"text-align:left;\">A l&#8217;efecte de fins de publicitat de serveis semblants les dades es conservaran durant un termini m\u00e0xim legal necessari per a la defensa dels interessos legals de l&#8217;associaci\u00f3 davant de possibles accions legals. No obstant aix\u00f2 les dades quedaran bloquejats \u00fanicament als efectes abans citats en el termini d&#8217;un any des de la seva captaci\u00f3.<\/p>\n<h3 style=\"text-align:left;\"><strong> Amb qui compartim les teves dades<\/strong>.<\/h3>\n<p style=\"text-align:left;\">Pel que fa a possibles cessions de les seves dades personals a tercers col\u00b7laboradors o empreses, MARISANA no cedeix cap tipus de dada a col\u00b7laboradors o empreses externes i de fer-ho aquesta cessi\u00f3 sempre estar\u00e0 limitada al seu previ consentiment.<\/p>\n<p style=\"text-align:left;\">No s&#8217;adopten pel responsable del fitxer decisions automatitzades ni s&#8217;elaboren perfils amb les dades personals aportades per l&#8217;usuari.<\/p>\n<p style=\"text-align:left;\">No es contempla pel responsable del fitxer la transfer\u00e8ncia internacional de dades de l&#8217;interessat.<\/p>\n<h3 style=\"text-align:left;\"><strong> Formulari de contacte<\/strong>.<\/h3>\n<p style=\"text-align:left;\">Excepte que espec\u00edficament s&#8217;estableixi el contrari, es considera necessari ser MAJOR D&#8217;EDAT i completar totes les dades requerides en el formulari de forma veritable, exacta, completa i actualitzada. En cas contrari, MARISANA podr\u00e0, depenent del cas, no procedir a facilitar la informaci\u00f3 sol\u00b7licitada.<\/p>\n<p style=\"text-align: left;\">En conseq\u00fc\u00e8ncia, les dades sol\u00b7licitades en el formulari s\u00f3n de car\u00e0cter obligatori. Sense ells no \u00e9s possible donar resposta a la petici\u00f3.<\/p>\n<h3 style=\"text-align:left;\"><strong> Consentiment i Exercici de Drets<\/strong>.<\/h3>\n<p style=\"text-align:left;\">MARISANA obt\u00e9 el consentiment de l&#8217;interessat per al tractament de les seves dades respecte de les finalitats descrites en aquest document mitjan\u00e7ant la seva acceptaci\u00f3 lliure, espec\u00edfica a cada finalitat, informada i inequ\u00edvoca a trav\u00e9s del formulari de contacte de la web.<\/p>\n<p style=\"text-align:left;\">El Interessat podr\u00e0 consentir el tractament de les dades per a cada finalitat de forma independent, aix\u00ed com retirar el seu consentiment en qualsevol moment per a cadascuna de les finalitats. La retirada del consentiment per part de l&#8217;interessat d&#8217;un tractament concret no afectar\u00e0 la licitud del tractament de dades realitzat amb anterioritat a aquesta decisi\u00f3.<\/p>\n<p style=\"text-align:left;\">L&#8217;interessat podr\u00e0 en qualsevol moment exercitar els seus drets en la forma establerta en la normativa sobre protecci\u00f3 de dades. Espec\u00edficament podr\u00e0:<\/p>\n<blockquote>\n<ul>\n<li>Revocar en qualsevol moment l&#8217;autoritzaci\u00f3 concedida per al tractament de les seves dades.<\/li>\n<li>Exercitar els drets d&#8217;acc\u00e9s, rectificaci\u00f3, oposici\u00f3, supressi\u00f3, minimitzaci\u00f3 i portabilitat, aix\u00ed com a no ser objecte de decisions automatitzades.<\/li>\n<\/ul>\n<\/blockquote>\n<p style=\"text-align: left;\">Per exercitar els seus drets haur\u00e0 de dirigir-se per escrit a MARISANA C. Val\u00e8ncia, 597, 08026 Barcelona, o per correu electr\u00f2nic: <a href=\"mailto:info@marisana.org\">info@marisana.org<\/a>, indicant en l&#8217;assumpte del correu &#8220;DONAR DE BAIXA&#8221;.<\/p>\n<p style=\"text-align:left;\">Aix\u00ed mateix l&#8217;interessat pot, si ho desitja i per salvaguardar els seus drets, dirigir-se a l&#8217;Ag\u00e8ncia Espanyola de Protecci\u00f3 de Dades (AEPD), amb domicili a 28001 de Madrid, C. Jorge Juan n\u00ba 6.<\/p>\n<h3 style=\"text-align:left;\"><strong>Com protegim les teves dades<\/strong>.<\/h3>\n<p style=\"text-align:left;\">MARISANA ha adoptat les mesures d&#8217;\u00edndole t\u00e8cnica i organitzativa necess\u00e0ries per garantir la seguretat de les dades i evitar la seva alteraci\u00f3, p\u00e8rdua, tractament o acc\u00e9s no autoritzat, tenint en compte el estat de la tecnologia, la naturalesa de les dades emmagatzemades i els riscos a que es troben exposats, tant si provenen de l&#8217;acci\u00f3 humana o del medi f\u00edsic o natural. S&#8217;han adoptat les mesures d&#8217;\u00edndole t\u00e8cniques i organitzatives que persegueixen assolir els objectius b\u00e0sics en mat\u00e8ria de seguretat, com s\u00f3n: la confidencialitat, entesa com la limitaci\u00f3 d&#8217;acc\u00e9s a la informaci\u00f3 per persones no autoritzades; la integritat, entesa com el manteniment de la informaci\u00f3 fiable i amb qualitat, i la disponibilitat, entesa com la garantia d&#8217;acc\u00e9s al sistema d&#8217;informaci\u00f3 per la sol\u00b7licitud d&#8217;un usuari autoritzat.<\/p>\n<h3 style=\"text-align:left;\"><strong> Comunicacions comercials<\/strong>.<\/h3>\n<p style=\"text-align:left;\">MARISANA, no enviar\u00e0 comunicacions publicit\u00e0ries o promocionals per correu electr\u00f2nic o altre mitj\u00e0 de comunicaci\u00f3 electr\u00f2nica equivalent que pr\u00e8viament no haguessin estat sol\u00b7licitades o expressament autoritzades pels destinataris de les mateixes.<\/p>\n<p style=\"text-align:left;\">En el cas d&#8217;usuaris siguin associats de la nostra entitat, MARISANA, s\u00ed que est\u00e0 autoritzada a l&#8217;enviament de comunicacions referents a l&#8217;associaci\u00f3. En tot cas, l&#8217;usuari pot sol\u00b7licitar que no se li facin arribar m\u00e9s informacions comercials a trav\u00e9s dels canals d&#8217;atenci\u00f3 a l&#8217;associat, despr\u00e9s d&#8217;acreditar la seva identitat.<\/p>\n<h3 style=\"text-align:left;\"><strong> Continguts incrustats d&#8217;altres webs<\/strong>.<\/h3>\n<p style=\"text-align:left;\">El web de MARISANA conte enlla\u00e7os a altres p\u00e0gines web que puguin resultar d&#8217;inter\u00e8s per als usuaris. MARISANA no assumeix cap responsabilitat sobre aquests enlla\u00e7os, sense que es pugui donar cap garantia en el compliment de pol\u00edtiques de privacitat adequades, pel que l&#8217;usuari accedeix al contingut de les referides p\u00e0gines web en les condicions d&#8217;\u00fas que es fixin en les mateixes i sota la seva exclusiva responsabilitat.<\/p>\n<div class=\"kad-spacer clearfix\" style=\"height:20px\"><\/div>\n","protected":false},"excerpt":{"rendered":"<p>Qui Som. L&#8217;ASSOCIACI\u00d3 CANN\u00c0BICA HAPPY GREEN (en endavant MARISANA) amb CIF G65782294, domicili social a C. Val\u00e8ncia, 597, 08026 de Barcelona, correu electr\u00f2nic: info@marisana.org i tel\u00e8fon: 93-6673010, tracta les dades dels seus associats garantint en tot cas la privacitat i &hellip; <a href=\"https:\/\/marisana.es\/ca\/politica-privacitat\/\">Llegir M\u00e9s<\/a><\/p>\n","protected":false},"author":2,"featured_media":401,"parent":0,"menu_order":0,"comment_status":"closed","ping_status":"closed","template":"template-pagebuilder.php","meta":{"kt_blocks_editor_width":"","footnotes":""},"class_list":["post-500","page","type-page","status-publish","has-post-thumbnail","hentry"],"aioseo_notices":[],"_links":{"self":[{"href":"https:\/\/marisana.es\/ca\/wp-json\/wp\/v2\/pages\/500","targetHints":{"allow":["GET"]}}],"collection":[{"href":"https:\/\/marisana.es\/ca\/wp-json\/wp\/v2\/pages"}],"about":[{"href":"https:\/\/marisana.es\/ca\/wp-json\/wp\/v2\/types\/page"}],"author":[{"embeddable":true,"href":"https:\/\/marisana.es\/ca\/wp-json\/wp\/v2\/users\/2"}],"replies":[{"embeddable":true,"href":"https:\/\/marisana.es\/ca\/wp-json\/wp\/v2\/comments?post=500"}],"version-history":[{"count":0,"href":"https:\/\/marisana.es\/ca\/wp-json\/wp\/v2\/pages\/500\/revisions"}],"wp:featuredmedia":[{"embeddable":true,"href":"https:\/\/marisana.es\/ca\/wp-json\/wp\/v2\/media\/401"}],"wp:attachment":[{"href":"https:\/\/marisana.es\/ca\/wp-json\/wp\/v2\/media?parent=500"}],"curies":[{"name":"wp","href":"https:\/\/api.w.org\/{rel}","templated":true}]}}