{"id":423,"date":"2017-04-04T14:13:44","date_gmt":"2017-04-04T12:13:44","guid":{"rendered":"https:\/\/marisana.es\/?page_id=423\/"},"modified":"2018-07-10T13:15:52","modified_gmt":"2018-07-10T11:15:52","slug":"contacte","status":"publish","type":"page","link":"https:\/\/marisana.es\/ca\/contacte\/","title":{"rendered":"Contacte"},"content":{"rendered":"<div id=\"pl-423\"  class=\"panel-layout\" ><div id=\"pg-423-0\"  class=\"panel-grid panel-no-style\" ><div id=\"pgc-423-0-0\"  class=\"panel-grid-cell\" ><div id=\"panel-423-0-0-0\" class=\"so-panel widget widget_sow-editor panel-first-child panel-last-child\" data-index=\"0\" ><div class=\"panel-widget-style panel-widget-style-for-423-0-0-0\" ><div\n\t\t\t\n\t\t\tclass=\"so-widget-sow-editor so-widget-sow-editor-base\"\n\t\t\t\n\t\t>\n<div class=\"siteorigin-widget-tinymce textwidget\">\n\t<h3 class=\"hometitle\">Contacta'ns<\/h3>\n<h5 style=\"text-align: center;\">Marisana \u00e9s un lloc de trobada, socialitzaci\u00f3 i intercanvi d'experi\u00e8ncies i coneixements entre les persones associades, totes elles majors de 18 anys i consumidores l\u00fadiques o terap\u00e8utiques de c\u00e0nnabis.<\/h5>\n<p style=\"text-align: center;\">\t\t\t<i class=\"kt-icon-phone4 \" style=\"font-size:32px; display=inline-block; color:#98bf13; \t\t\t\"><\/i>\n\t<\/p>\n<h5 style=\"text-align: center;\">+34 93 667 30 10<\/h5>\n<p style=\"text-align: center;\">\t\t\t<i class=\"kt-icon-mail4 \" style=\"font-size:32px; display=inline-block; color:#98bf13; \t\t\t\"><\/i>\n\t<\/p>\n<h5 style=\"text-align: center;\"><a href=\"mailto:info@marisana.org\">info@marisana.org<\/a><\/h5>\n<p style=\"text-align: center;\">\t\t\t<i class=\"kt-icon-mail4 \" style=\"font-size:32px; display=inline-block; color:#98bf13; \t\t\t\"><\/i>\n\t<\/p>\n<h5 style=\"text-align: center;\">Carrer Val\u00e8ncia, 597<\/h5>\n<h5 style=\"text-align: center;\">08026 Barcelona<\/h5>\n<\/div>\n<\/div><\/div><\/div><\/div><\/div><\/div>","protected":false},"excerpt":{"rendered":"<p>Contacta&#8217;ns Marisana \u00e9s un lloc de trobada, socialitzaci\u00f3 i intercanvi d&#8217;experi\u00e8ncies i coneixements entre les persones associades, totes elles majors de 18 anys i consumidores l\u00fadiques o terap\u00e8utiques de c\u00e0nnabis. +34 93 667 30 10 info@marisana.org Carrer Val\u00e8ncia, 597 08026 &hellip; <a href=\"https:\/\/marisana.es\/ca\/contacte\/\">Llegir M\u00e9s<\/a><\/p>\n","protected":false},"author":2,"featured_media":0,"parent":0,"menu_order":0,"comment_status":"closed","ping_status":"closed","template":"template-contact.php","meta":{"kt_blocks_editor_width":"","footnotes":""},"class_list":["post-423","page","type-page","status-publish","hentry"],"aioseo_notices":[],"_links":{"self":[{"href":"https:\/\/marisana.es\/ca\/wp-json\/wp\/v2\/pages\/423","targetHints":{"allow":["GET"]}}],"collection":[{"href":"https:\/\/marisana.es\/ca\/wp-json\/wp\/v2\/pages"}],"about":[{"href":"https:\/\/marisana.es\/ca\/wp-json\/wp\/v2\/types\/page"}],"author":[{"embeddable":true,"href":"https:\/\/marisana.es\/ca\/wp-json\/wp\/v2\/users\/2"}],"replies":[{"embeddable":true,"href":"https:\/\/marisana.es\/ca\/wp-json\/wp\/v2\/comments?post=423"}],"version-history":[{"count":0,"href":"https:\/\/marisana.es\/ca\/wp-json\/wp\/v2\/pages\/423\/revisions"}],"wp:attachment":[{"href":"https:\/\/marisana.es\/ca\/wp-json\/wp\/v2\/media?parent=423"}],"curies":[{"name":"wp","href":"https:\/\/api.w.org\/{rel}","templated":true}]}}