{"id":1184,"date":"2017-10-30T15:41:32","date_gmt":"2017-10-30T14:41:32","guid":{"rendered":"https:\/\/marisana.es\/?page_id=1184\/"},"modified":"2021-06-21T14:15:10","modified_gmt":"2021-06-21T12:15:10","slug":"qui-som","status":"publish","type":"page","link":"https:\/\/marisana.es\/ca\/qui-som\/","title":{"rendered":"Qui Som"},"content":{"rendered":"<div id=\"pl-1184\"  class=\"panel-layout\" ><div id=\"pg-1184-0\"  class=\"panel-grid panel-no-style\" ><div id=\"pgc-1184-0-0\"  class=\"panel-grid-cell\" ><div id=\"panel-1184-0-0-0\" class=\"so-panel widget widget_sow-editor panel-first-child panel-last-child\" data-index=\"0\" ><div\n\t\t\t\n\t\t\tclass=\"so-widget-sow-editor so-widget-sow-editor-base\"\n\t\t\t\n\t\t>\n<div class=\"siteorigin-widget-tinymce textwidget\">\n\t<div class=\"kad-spacer clearfix\" style=\"height:20px\"><\/div>\n<h5><strong>Marisana<\/strong> \u00e9s una associaci\u00f3 legalment constitu\u00efda i inscrita en el registre auton\u00f2mic d'associacions.<\/h5>\n<h5>Som una associaci\u00f3 sense \u00e0nim de lucre que t\u00e9 com a principal objectiu la <strong>reducci\u00f3 dels riscos socio-sanitaris<\/strong> inherents al mercat negre mitjan\u00e7ant la producci\u00f3 de diferents varietats de c\u00e0nnabis d'alta qualitat exempt de contaminants, i de distribuci\u00f3 exclusiva entre les persones associades a la nostra entitat.<\/h5>\n<h5><strong>Marisana<\/strong> \u00e9s un lloc de trobada, socialitzaci\u00f3 i intercanvi d'experi\u00e8ncies i coneixements entre les persones associades, totes elles <strong>majors de 18 anys<\/strong> i consumidores l\u00fadiques o terap\u00e8utiques de c\u00e0nnabis.<\/h5>\n<h5>Sense fer cap apologia del consum i <strong>respectant escrupolosament la legalitat vigent<\/strong>, la nostra associaci\u00f3 se suma al debat social sobre la regularitzaci\u00f3 del consum, cultiu i distribuci\u00f3 del c\u00e0nnabis <strong>donant suport decididament a les pol\u00edtiques de reducci\u00f3 de riscos i de promoci\u00f3 d'un consum responsable.<\/strong><\/h5>\n<\/div>\n<\/div><\/div><\/div><\/div><div id=\"pg-1184-1\"  class=\"panel-grid panel-no-style\" ><div id=\"pgc-1184-1-0\"  class=\"panel-grid-cell\" >\n          <div id=\"panel-1184-1-0-0\" class=\"so-panel widget widget_kadence_gallery_widget kadence_gallery_widget panel-first-child panel-last-child\" data-index=\"1\" ><h3 class=\"widget-title\">Galeria &#8211; Visita el Nostre Club<\/h3><div id=\"kad-wp-gallery90\" class=\"kad-wp-gallery gallery init-isotope-intrinsic reinit-isotope kad-light-wp-gallery clearfix rowtight\" data-fade-in=\"1\" data-iso-style=\"masonry\" data-iso-selector=\".g_item\" data-iso-filter=\"false\"><div class=\"tcol-lg-4 tcol-md-4 tcol-sm-4 tcol-xs-6 tcol-ss-12 g_item\"><div class=\"grid_item kt_item_fade_in kad_gallery_fade_in gallery_item\"><a href=\"https:\/\/marisana.es\/wp-content\/uploads\/2021\/06\/marisana-17.jpg\" data-rel=\"lightbox\" class=\"lightboxhover\"><div class=\"kt-intrinsic\" style=\"padding-bottom:100%;\"><img loading=\"lazy\" decoding=\"async\" src=\"https:\/\/marisana.es\/wp-content\/uploads\/2021\/06\/marisana-17-400x400.jpg\" width=\"400\" height=\"400\" alt=\"mejor club cann\u00e1bico Barcelona\" data-caption=\"\" srcset=\"https:\/\/marisana.es\/wp-content\/uploads\/2021\/06\/marisana-17-150x150.jpg 150w, https:\/\/marisana.es\/wp-content\/uploads\/2021\/06\/marisana-17-60x60.jpg 60w, https:\/\/marisana.es\/wp-content\/uploads\/2021\/06\/marisana-17-400x400.jpg 400w\" sizes=\"auto, (max-width: 400px) 100vw, 400px\" class=\"light-dropshaddow\"\/><\/div><\/a><\/div><\/div><div class=\"tcol-lg-4 tcol-md-4 tcol-sm-4 tcol-xs-6 tcol-ss-12 g_item\"><div class=\"grid_item kt_item_fade_in kad_gallery_fade_in gallery_item\"><a href=\"https:\/\/marisana.es\/wp-content\/uploads\/2021\/06\/marisana-18.jpg\" data-rel=\"lightbox\" class=\"lightboxhover\"><div class=\"kt-intrinsic\" style=\"padding-bottom:100%;\"><img loading=\"lazy\" decoding=\"async\" src=\"https:\/\/marisana.es\/wp-content\/uploads\/2021\/06\/marisana-18-400x400.jpg\" width=\"400\" height=\"400\" alt=\"best club cannabis Barcelona\" data-caption=\"\" srcset=\"https:\/\/marisana.es\/wp-content\/uploads\/2021\/06\/marisana-18-150x150.jpg 150w, https:\/\/marisana.es\/wp-content\/uploads\/2021\/06\/marisana-18-60x60.jpg 60w, https:\/\/marisana.es\/wp-content\/uploads\/2021\/06\/marisana-18-400x400.jpg 400w\" sizes=\"auto, (max-width: 400px) 100vw, 400px\" class=\"light-dropshaddow\"\/><\/div><\/a><\/div><\/div><div class=\"tcol-lg-4 tcol-md-4 tcol-sm-4 tcol-xs-6 tcol-ss-12 g_item\"><div class=\"grid_item kt_item_fade_in kad_gallery_fade_in gallery_item\"><a href=\"https:\/\/marisana.es\/wp-content\/uploads\/2021\/06\/marisana-41.jpg\" data-rel=\"lightbox\" class=\"lightboxhover\"><div class=\"kt-intrinsic\" style=\"padding-bottom:100%;\"><img loading=\"lazy\" decoding=\"async\" src=\"https:\/\/marisana.es\/wp-content\/uploads\/2021\/06\/marisana-41-400x400.jpg\" width=\"400\" height=\"400\" alt=\"Barcelona cannabis club locations\" data-caption=\"\" srcset=\"https:\/\/marisana.es\/wp-content\/uploads\/2021\/06\/marisana-41-150x150.jpg 150w, https:\/\/marisana.es\/wp-content\/uploads\/2021\/06\/marisana-41-60x60.jpg 60w, https:\/\/marisana.es\/wp-content\/uploads\/2021\/06\/marisana-41-400x400.jpg 400w\" sizes=\"auto, (max-width: 400px) 100vw, 400px\" class=\"light-dropshaddow\"\/><\/div><\/a><\/div><\/div><div class=\"tcol-lg-4 tcol-md-4 tcol-sm-4 tcol-xs-6 tcol-ss-12 g_item\"><div class=\"grid_item kt_item_fade_in kad_gallery_fade_in gallery_item\"><a href=\"https:\/\/marisana.es\/wp-content\/uploads\/2021\/06\/marisana-38.jpg\" data-rel=\"lightbox\" class=\"lightboxhover\"><div class=\"kt-intrinsic\" style=\"padding-bottom:100%;\"><img loading=\"lazy\" decoding=\"async\" src=\"https:\/\/marisana.es\/wp-content\/uploads\/2021\/06\/marisana-38-400x400.jpg\" width=\"400\" height=\"400\" alt=\"coffee shop Barcelona\" data-caption=\"\" srcset=\"https:\/\/marisana.es\/wp-content\/uploads\/2021\/06\/marisana-38-150x150.jpg 150w, https:\/\/marisana.es\/wp-content\/uploads\/2021\/06\/marisana-38-60x60.jpg 60w, https:\/\/marisana.es\/wp-content\/uploads\/2021\/06\/marisana-38-400x400.jpg 400w\" sizes=\"auto, (max-width: 400px) 100vw, 400px\" class=\"light-dropshaddow\"\/><\/div><\/a><\/div><\/div><div class=\"tcol-lg-4 tcol-md-4 tcol-sm-4 tcol-xs-6 tcol-ss-12 g_item\"><div class=\"grid_item kt_item_fade_in kad_gallery_fade_in gallery_item\"><a href=\"https:\/\/marisana.es\/wp-content\/uploads\/2021\/06\/marisana-39.jpg\" data-rel=\"lightbox\" class=\"lightboxhover\"><div class=\"kt-intrinsic\" style=\"padding-bottom:100%;\"><img loading=\"lazy\" decoding=\"async\" src=\"https:\/\/marisana.es\/wp-content\/uploads\/2021\/06\/marisana-39-400x400.jpg\" width=\"400\" height=\"400\" alt=\"cannabis club Barcelona\" data-caption=\"\" srcset=\"https:\/\/marisana.es\/wp-content\/uploads\/2021\/06\/marisana-39-150x150.jpg 150w, https:\/\/marisana.es\/wp-content\/uploads\/2021\/06\/marisana-39-60x60.jpg 60w, https:\/\/marisana.es\/wp-content\/uploads\/2021\/06\/marisana-39-400x400.jpg 400w\" sizes=\"auto, (max-width: 400px) 100vw, 400px\" class=\"light-dropshaddow\"\/><\/div><\/a><\/div><\/div><div class=\"tcol-lg-4 tcol-md-4 tcol-sm-4 tcol-xs-6 tcol-ss-12 g_item\"><div class=\"grid_item kt_item_fade_in kad_gallery_fade_in gallery_item\"><a href=\"https:\/\/marisana.es\/wp-content\/uploads\/2021\/06\/marisana-34.jpg\" data-rel=\"lightbox\" class=\"lightboxhover\"><div class=\"kt-intrinsic\" style=\"padding-bottom:100%;\"><img loading=\"lazy\" decoding=\"async\" src=\"https:\/\/marisana.es\/wp-content\/uploads\/2021\/06\/marisana-34-400x400.jpg\" width=\"400\" height=\"400\" alt=\"Barcelona cannabis caf\u00e9s\" data-caption=\"\" srcset=\"https:\/\/marisana.es\/wp-content\/uploads\/2021\/06\/marisana-34-150x150.jpg 150w, https:\/\/marisana.es\/wp-content\/uploads\/2021\/06\/marisana-34-60x60.jpg 60w, https:\/\/marisana.es\/wp-content\/uploads\/2021\/06\/marisana-34-400x400.jpg 400w\" sizes=\"auto, (max-width: 400px) 100vw, 400px\" class=\"light-dropshaddow\"\/><\/div><\/a><\/div><\/div><div class=\"tcol-lg-4 tcol-md-4 tcol-sm-4 tcol-xs-6 tcol-ss-12 g_item\"><div class=\"grid_item kt_item_fade_in kad_gallery_fade_in gallery_item\"><a href=\"https:\/\/marisana.es\/wp-content\/uploads\/2021\/06\/marisana-19.jpg\" data-rel=\"lightbox\" class=\"lightboxhover\"><div class=\"kt-intrinsic\" style=\"padding-bottom:100%;\"><img loading=\"lazy\" decoding=\"async\" src=\"https:\/\/marisana.es\/wp-content\/uploads\/2021\/06\/marisana-19-400x400.jpg\" width=\"400\" height=\"400\" alt=\"asociaci\u00f3n cann\u00e1bica Marisana\" data-caption=\"\" srcset=\"https:\/\/marisana.es\/wp-content\/uploads\/2021\/06\/marisana-19-150x150.jpg 150w, https:\/\/marisana.es\/wp-content\/uploads\/2021\/06\/marisana-19-60x60.jpg 60w, https:\/\/marisana.es\/wp-content\/uploads\/2021\/06\/marisana-19-400x400.jpg 400w\" sizes=\"auto, (max-width: 400px) 100vw, 400px\" class=\"light-dropshaddow\"\/><\/div><\/a><\/div><\/div><div class=\"tcol-lg-4 tcol-md-4 tcol-sm-4 tcol-xs-6 tcol-ss-12 g_item\"><div class=\"grid_item kt_item_fade_in kad_gallery_fade_in gallery_item\"><a href=\"https:\/\/marisana.es\/wp-content\/uploads\/2021\/06\/marisana-26.jpg\" data-rel=\"lightbox\" class=\"lightboxhover\"><div class=\"kt-intrinsic\" style=\"padding-bottom:100%;\"><img loading=\"lazy\" decoding=\"async\" src=\"https:\/\/marisana.es\/wp-content\/uploads\/2021\/06\/marisana-26-400x400.jpg\" width=\"400\" height=\"400\" alt=\"Club marihuana Barcelona\" data-caption=\"\" srcset=\"https:\/\/marisana.es\/wp-content\/uploads\/2021\/06\/marisana-26-150x150.jpg 150w, https:\/\/marisana.es\/wp-content\/uploads\/2021\/06\/marisana-26-60x60.jpg 60w, https:\/\/marisana.es\/wp-content\/uploads\/2021\/06\/marisana-26-400x400.jpg 400w\" sizes=\"auto, (max-width: 400px) 100vw, 400px\" class=\"light-dropshaddow\"\/><\/div><\/a><\/div><\/div><div class=\"tcol-lg-4 tcol-md-4 tcol-sm-4 tcol-xs-6 tcol-ss-12 g_item\"><div class=\"grid_item kt_item_fade_in kad_gallery_fade_in gallery_item\"><a href=\"https:\/\/marisana.es\/wp-content\/uploads\/2021\/06\/marisana-23.jpg\" data-rel=\"lightbox\" class=\"lightboxhover\"><div class=\"kt-intrinsic\" style=\"padding-bottom:100%;\"><img loading=\"lazy\" decoding=\"async\" src=\"https:\/\/marisana.es\/wp-content\/uploads\/2021\/06\/marisana-23-400x400.jpg\" width=\"400\" height=\"400\" alt=\"Marisana cannabis club\" data-caption=\"\" srcset=\"https:\/\/marisana.es\/wp-content\/uploads\/2021\/06\/marisana-23-150x150.jpg 150w, https:\/\/marisana.es\/wp-content\/uploads\/2021\/06\/marisana-23-60x60.jpg 60w, https:\/\/marisana.es\/wp-content\/uploads\/2021\/06\/marisana-23-400x400.jpg 400w\" sizes=\"auto, (max-width: 400px) 100vw, 400px\" class=\"light-dropshaddow\"\/><\/div><\/a><\/div><\/div><div class=\"tcol-lg-4 tcol-md-4 tcol-sm-4 tcol-xs-6 tcol-ss-12 g_item\"><div class=\"grid_item kt_item_fade_in kad_gallery_fade_in gallery_item\"><a href=\"https:\/\/marisana.es\/wp-content\/uploads\/2021\/06\/marisana-24.jpeg\" data-rel=\"lightbox\" class=\"lightboxhover\"><div class=\"kt-intrinsic\" style=\"padding-bottom:100%;\"><img loading=\"lazy\" decoding=\"async\" src=\"https:\/\/marisana.es\/wp-content\/uploads\/2021\/06\/marisana-24-400x400.jpeg\" width=\"400\" height=\"400\" alt=\"Marijuana club Barcelona\" data-caption=\"\" srcset=\"https:\/\/marisana.es\/wp-content\/uploads\/2021\/06\/marisana-24-150x150.jpeg 150w, https:\/\/marisana.es\/wp-content\/uploads\/2021\/06\/marisana-24-60x60.jpeg 60w, https:\/\/marisana.es\/wp-content\/uploads\/2021\/06\/marisana-24-400x400.jpeg 400w\" sizes=\"auto, (max-width: 400px) 100vw, 400px\" class=\"light-dropshaddow\"\/><\/div><\/a><\/div><\/div><div class=\"tcol-lg-4 tcol-md-4 tcol-sm-4 tcol-xs-6 tcol-ss-12 g_item\"><div class=\"grid_item kt_item_fade_in kad_gallery_fade_in gallery_item\"><a href=\"https:\/\/marisana.es\/wp-content\/uploads\/2021\/06\/marisana-14.jpg\" data-rel=\"lightbox\" class=\"lightboxhover\"><div class=\"kt-intrinsic\" style=\"padding-bottom:100%;\"><img loading=\"lazy\" decoding=\"async\" src=\"https:\/\/marisana.es\/wp-content\/uploads\/2021\/06\/marisana-14-400x400.jpg\" width=\"400\" height=\"400\" alt=\"asociaci\u00f3n cannabis Barcelona\" data-caption=\"\" srcset=\"https:\/\/marisana.es\/wp-content\/uploads\/2021\/06\/marisana-14-150x150.jpg 150w, https:\/\/marisana.es\/wp-content\/uploads\/2021\/06\/marisana-14-60x60.jpg 60w, https:\/\/marisana.es\/wp-content\/uploads\/2021\/06\/marisana-14-400x400.jpg 400w\" sizes=\"auto, (max-width: 400px) 100vw, 400px\" class=\"light-dropshaddow\"\/><\/div><\/a><\/div><\/div><div class=\"tcol-lg-4 tcol-md-4 tcol-sm-4 tcol-xs-6 tcol-ss-12 g_item\"><div class=\"grid_item kt_item_fade_in kad_gallery_fade_in gallery_item\"><a href=\"https:\/\/marisana.es\/wp-content\/uploads\/2021\/06\/marisana-25.jpg\" data-rel=\"lightbox\" class=\"lightboxhover\"><div class=\"kt-intrinsic\" style=\"padding-bottom:100%;\"><img loading=\"lazy\" decoding=\"async\" src=\"https:\/\/marisana.es\/wp-content\/uploads\/2021\/06\/marisana-25-400x400.jpg\" width=\"400\" height=\"400\" alt=\"Cannabis social club\" data-caption=\"\" srcset=\"https:\/\/marisana.es\/wp-content\/uploads\/2021\/06\/marisana-25-150x150.jpg 150w, https:\/\/marisana.es\/wp-content\/uploads\/2021\/06\/marisana-25-60x60.jpg 60w, https:\/\/marisana.es\/wp-content\/uploads\/2021\/06\/marisana-25-400x400.jpg 400w\" sizes=\"auto, (max-width: 400px) 100vw, 400px\" class=\"light-dropshaddow\"\/><\/div><\/a><\/div><\/div><div class=\"tcol-lg-4 tcol-md-4 tcol-sm-4 tcol-xs-6 tcol-ss-12 g_item\"><div class=\"grid_item kt_item_fade_in kad_gallery_fade_in gallery_item\"><a href=\"https:\/\/marisana.es\/wp-content\/uploads\/2021\/06\/marisana-31.jpg\" data-rel=\"lightbox\" class=\"lightboxhover\"><div class=\"kt-intrinsic\" style=\"padding-bottom:100%;\"><img loading=\"lazy\" decoding=\"async\" src=\"https:\/\/marisana.es\/wp-content\/uploads\/2021\/06\/marisana-31-400x400.jpg\" width=\"400\" height=\"400\" alt=\"Club cannabis Barcelona \" data-caption=\"\" srcset=\"https:\/\/marisana.es\/wp-content\/uploads\/2021\/06\/marisana-31-150x150.jpg 150w, https:\/\/marisana.es\/wp-content\/uploads\/2021\/06\/marisana-31-60x60.jpg 60w, https:\/\/marisana.es\/wp-content\/uploads\/2021\/06\/marisana-31-400x400.jpg 400w\" sizes=\"auto, (max-width: 400px) 100vw, 400px\" class=\"light-dropshaddow\"\/><\/div><\/a><\/div><\/div><div class=\"tcol-lg-4 tcol-md-4 tcol-sm-4 tcol-xs-6 tcol-ss-12 g_item\"><div class=\"grid_item kt_item_fade_in kad_gallery_fade_in gallery_item\"><a href=\"https:\/\/marisana.es\/wp-content\/uploads\/2021\/06\/marisana-32.jpg\" data-rel=\"lightbox\" class=\"lightboxhover\"><div class=\"kt-intrinsic\" style=\"padding-bottom:100%;\"><img loading=\"lazy\" decoding=\"async\" src=\"https:\/\/marisana.es\/wp-content\/uploads\/2021\/06\/marisana-32-400x400.jpg\" width=\"400\" height=\"400\" alt=\"asociaci\u00f3n cann\u00e1bica Barcelona\" data-caption=\"\" srcset=\"https:\/\/marisana.es\/wp-content\/uploads\/2021\/06\/marisana-32-150x150.jpg 150w, https:\/\/marisana.es\/wp-content\/uploads\/2021\/06\/marisana-32-60x60.jpg 60w, https:\/\/marisana.es\/wp-content\/uploads\/2021\/06\/marisana-32-400x400.jpg 400w\" sizes=\"auto, (max-width: 400px) 100vw, 400px\" class=\"light-dropshaddow\"\/><\/div><\/a><\/div><\/div><div class=\"tcol-lg-4 tcol-md-4 tcol-sm-4 tcol-xs-6 tcol-ss-12 g_item\"><div class=\"grid_item kt_item_fade_in kad_gallery_fade_in gallery_item\"><a href=\"https:\/\/marisana.es\/wp-content\/uploads\/2021\/06\/marisana-30.jpg\" data-rel=\"lightbox\" class=\"lightboxhover\"><div class=\"kt-intrinsic\" style=\"padding-bottom:100%;\"><img loading=\"lazy\" decoding=\"async\" src=\"https:\/\/marisana.es\/wp-content\/uploads\/2021\/06\/marisana-30-400x400.jpg\" width=\"400\" height=\"400\" alt=\"Club social cannabis Barcelona\" data-caption=\"\" srcset=\"https:\/\/marisana.es\/wp-content\/uploads\/2021\/06\/marisana-30-150x150.jpg 150w, https:\/\/marisana.es\/wp-content\/uploads\/2021\/06\/marisana-30-60x60.jpg 60w, https:\/\/marisana.es\/wp-content\/uploads\/2021\/06\/marisana-30-400x400.jpg 400w\" sizes=\"auto, (max-width: 400px) 100vw, 400px\" class=\"light-dropshaddow\"\/><\/div><\/a><\/div><\/div><\/div><\/div>\n    <\/div><\/div><div id=\"pg-1184-2\"  class=\"panel-grid panel-no-style\" ><div id=\"pgc-1184-2-0\"  class=\"panel-grid-cell\" ><div id=\"panel-1184-2-0-0\" class=\"so-panel widget widget_sow-editor panel-first-child panel-last-child\" data-index=\"2\" ><div\n\t\t\t\n\t\t\tclass=\"so-widget-sow-editor so-widget-sow-editor-base\"\n\t\t\t\n\t\t>\n<div class=\"siteorigin-widget-tinymce textwidget\">\n\t<div class=\"kt-home-call-to-action panel-row-style-wide-parallax\">\n\t<div class=\"container\">\n\t\t<div class=\"kt-cta\">\n\t\t\t<div class=\"col-md-10 kad-call-title-case\">\n\t\t\t<h2 class=\"kad-call-title\"><strong>Si necessites m\u00e9s informaci\u00f3<\/strong><\/h2>\n                        <h2 class=\"kad-call-title\"><strong>sobre la nostra Associaci\u00f3<\/strong><\/h2>\n                        <h2 class=\"kad-call-title\"><strong>i el nostre codi de bones pr\u00e0ctiques<\/strong><\/h2>\n                        <h2 class=\"kad-call-title\"><strong>no dubtis en contactar-nos<\/strong><\/h2>\t\t\t<\/div>\n\t\t\t<div class=\"col-md-2 kad-call-button-case\">\n                        <a href=\"https:\/\/marisana.es\/ca\/contacte\/\" class=\"kad-btn-primary kad-btn lg-kad-btn\"><h3><span style=\"color: #ffffff;\">Contacte<\/span><\/h3><\/a>\n                        <\/div>\n\t\t<\/div>\n\t<\/div><!--container-->\n<\/div><!--call class-->\t\t<\/div>\n<\/div><\/div><\/div><\/div><\/div>","protected":false},"excerpt":{"rendered":"<p>Marisana \u00e9s una associaci\u00f3 legalment constitu\u00efda i inscrita en el registre auton\u00f2mic d&#8217;associacions. Som una associaci\u00f3 sense \u00e0nim de lucre que t\u00e9 com a principal objectiu la reducci\u00f3 dels riscos socio-sanitaris inherents al mercat negre mitjan\u00e7ant la producci\u00f3 de diferents &hellip; <a href=\"https:\/\/marisana.es\/ca\/qui-som\/\">Llegir M\u00e9s<\/a><\/p>\n","protected":false},"author":2,"featured_media":624,"parent":0,"menu_order":0,"comment_status":"closed","ping_status":"closed","template":"template-pagebuilder.php","meta":{"kt_blocks_editor_width":"","footnotes":""},"class_list":["post-1184","page","type-page","status-publish","has-post-thumbnail","hentry"],"aioseo_notices":[],"_links":{"self":[{"href":"https:\/\/marisana.es\/ca\/wp-json\/wp\/v2\/pages\/1184","targetHints":{"allow":["GET"]}}],"collection":[{"href":"https:\/\/marisana.es\/ca\/wp-json\/wp\/v2\/pages"}],"about":[{"href":"https:\/\/marisana.es\/ca\/wp-json\/wp\/v2\/types\/page"}],"author":[{"embeddable":true,"href":"https:\/\/marisana.es\/ca\/wp-json\/wp\/v2\/users\/2"}],"replies":[{"embeddable":true,"href":"https:\/\/marisana.es\/ca\/wp-json\/wp\/v2\/comments?post=1184"}],"version-history":[{"count":0,"href":"https:\/\/marisana.es\/ca\/wp-json\/wp\/v2\/pages\/1184\/revisions"}],"wp:featuredmedia":[{"embeddable":true,"href":"https:\/\/marisana.es\/ca\/wp-json\/wp\/v2\/media\/624"}],"wp:attachment":[{"href":"https:\/\/marisana.es\/ca\/wp-json\/wp\/v2\/media?parent=1184"}],"curies":[{"name":"wp","href":"https:\/\/api.w.org\/{rel}","templated":true}]}}